{"id":2398,"date":"2018-05-23T14:39:49","date_gmt":"2018-05-23T13:39:49","guid":{"rendered":"http:\/\/4lv6.dydn.org\/?page_id=2398"},"modified":"2018-05-29T14:40:23","modified_gmt":"2018-05-29T13:40:23","slug":"pfingsten-2018-oldendorf","status":"publish","type":"page","link":"https:\/\/4lv6.de\/?page_id=2398","title":{"rendered":"Pfingsten 2018 Oldendorf"},"content":{"rendered":"<p><strong>Paddeltour zu Pfingsten auf der \u00d6rtze von Oldendorf nach Wolthausen, ca 19 km<\/strong><\/p>\n<p>Freitag Abend sind wir getrennt nach Abbensen gefahren, um dort zu \u00dcbernachten. Von den Basketballern war kaum was zu sp\u00fcren. Nach dem Essen sind wir per Fahrrad noch los zum Cachen.<\/p>\n<p><a href=\"https:\/\/4lv6.de\/wp-content\/uploads\/fahrten\/2018\/pfingsten-2018\/20180518_205722.jpg\" rel=\"lightbox[2398]\"><img loading=\"lazy\" decoding=\"async\" class=\"aligncenter size-large wp-image-2375\" src=\"https:\/\/4lv6.de\/wp-content\/uploads\/fahrten\/2018\/pfingsten-2018\/20180518_205722-1024x768.jpg\" alt=\"\" width=\"625\" height=\"469\" srcset=\"https:\/\/4lv6.de\/wp-content\/uploads\/fahrten\/2018\/pfingsten-2018\/20180518_205722-1024x768.jpg 1024w, https:\/\/4lv6.de\/wp-content\/uploads\/fahrten\/2018\/pfingsten-2018\/20180518_205722-300x225.jpg 300w, https:\/\/4lv6.de\/wp-content\/uploads\/fahrten\/2018\/pfingsten-2018\/20180518_205722-768x576.jpg 768w, https:\/\/4lv6.de\/wp-content\/uploads\/fahrten\/2018\/pfingsten-2018\/20180518_205722-624x468.jpg 624w\" sizes=\"auto, (max-width: 625px) 100vw, 625px\" \/><\/a><\/p>\n<p>Am n\u00e4chsten Morgen schnell 2 Boote auf den Trailer geworfen und an das Wohnmobil geh\u00e4ngt. Bis wir in Oldendorf angekommen sind, hat es doch eine Weile f\u00fcr die 45 km gebraucht. Zum Gl\u00fcck durften wir w\u00e4hrend der Mittagszeit auf den Platz. F\u00fcr 8 Euro extra durfte auch der Ford mit dem Trailer drauf. Danach sind wir mit dem Ford noch los, um zu Cachen. Auf der H\u00e4lfte der Strecke haben wir aber aufgeh\u00f6rt.<\/p>\n<p>Sonntag sind wir mit beiden Fahrzeugen los, um den Trailer in Wolthausen mit dem Ford zu parken. Kurz nach 12 konnten wir das Boot zu Wasser lassen und sind fr\u00f6hlich losgepaddelt. Leider gibt es keine Bilder von den Chaos-Stellen mit querliegenden B\u00e4umen, wo auch mehrfach umgetragen werden musste. Mittagspause haben wir in Eversen gemacht. Dort war richtig viel los. Gegen 17 Uhr erreichten wir ziemlich ersch\u00f6pft Wolthausen, wo ich wieder froh war, dass wir den kleinen Bootswagen mitgenommen haben. Ist doch eine Strecke vom Anleger zum Parkplatz.<br \/>\n<a href=\"https:\/\/4lv6.de\/wp-content\/uploads\/fahrten\/2018\/pfingsten-2018\/20180521_103039.jpg\" rel=\"lightbox[2398]\"><img loading=\"lazy\" decoding=\"async\" class=\"aligncenter size-large wp-image-2374\" src=\"https:\/\/4lv6.de\/wp-content\/uploads\/fahrten\/2018\/pfingsten-2018\/20180521_103039-1024x768.jpg\" alt=\"\" width=\"625\" height=\"469\" srcset=\"https:\/\/4lv6.de\/wp-content\/uploads\/fahrten\/2018\/pfingsten-2018\/20180521_103039-1024x768.jpg 1024w, https:\/\/4lv6.de\/wp-content\/uploads\/fahrten\/2018\/pfingsten-2018\/20180521_103039-300x225.jpg 300w, https:\/\/4lv6.de\/wp-content\/uploads\/fahrten\/2018\/pfingsten-2018\/20180521_103039-768x576.jpg 768w, https:\/\/4lv6.de\/wp-content\/uploads\/fahrten\/2018\/pfingsten-2018\/20180521_103039-624x468.jpg 624w\" sizes=\"auto, (max-width: 625px) 100vw, 625px\" \/><\/a><\/p>\n<p><a href=\"https:\/\/4lv6.de\/wp-content\/uploads\/fahrten\/2018\/pfingsten-2018\/20180519_191608.jpg\" rel=\"lightbox[2398]\"><img loading=\"lazy\" decoding=\"async\" class=\"aligncenter size-large wp-image-2362\" src=\"https:\/\/4lv6.de\/wp-content\/uploads\/fahrten\/2018\/pfingsten-2018\/20180519_191608-1024x768.jpg\" alt=\"\" width=\"625\" height=\"469\" srcset=\"https:\/\/4lv6.de\/wp-content\/uploads\/fahrten\/2018\/pfingsten-2018\/20180519_191608-1024x768.jpg 1024w, https:\/\/4lv6.de\/wp-content\/uploads\/fahrten\/2018\/pfingsten-2018\/20180519_191608-300x225.jpg 300w, https:\/\/4lv6.de\/wp-content\/uploads\/fahrten\/2018\/pfingsten-2018\/20180519_191608-768x576.jpg 768w, https:\/\/4lv6.de\/wp-content\/uploads\/fahrten\/2018\/pfingsten-2018\/20180519_191608-624x468.jpg 624w\" sizes=\"auto, (max-width: 625px) 100vw, 625px\" \/><\/a><\/p>\n<p><a href=\"https:\/\/4lv6.de\/wp-content\/uploads\/fahrten\/2018\/pfingsten-2018\/20180519_150530.jpg\" rel=\"lightbox[2398]\"><img loading=\"lazy\" decoding=\"async\" class=\"aligncenter size-large wp-image-2367\" src=\"https:\/\/4lv6.de\/wp-content\/uploads\/fahrten\/2018\/pfingsten-2018\/20180519_150530-1024x768.jpg\" alt=\"\" width=\"625\" height=\"469\" srcset=\"https:\/\/4lv6.de\/wp-content\/uploads\/fahrten\/2018\/pfingsten-2018\/20180519_150530-1024x768.jpg 1024w, https:\/\/4lv6.de\/wp-content\/uploads\/fahrten\/2018\/pfingsten-2018\/20180519_150530-300x225.jpg 300w, https:\/\/4lv6.de\/wp-content\/uploads\/fahrten\/2018\/pfingsten-2018\/20180519_150530-768x576.jpg 768w, https:\/\/4lv6.de\/wp-content\/uploads\/fahrten\/2018\/pfingsten-2018\/20180519_150530-624x468.jpg 624w\" sizes=\"auto, (max-width: 625px) 100vw, 625px\" \/><\/a><\/p>\n<p><a href=\"https:\/\/4lv6.de\/wp-content\/uploads\/fahrten\/2018\/pfingsten-2018\/20180520_122159.jpg\" rel=\"lightbox[2398]\"><img loading=\"lazy\" decoding=\"async\" class=\"aligncenter size-large wp-image-2373\" src=\"https:\/\/4lv6.de\/wp-content\/uploads\/fahrten\/2018\/pfingsten-2018\/20180520_122159-1024x768.jpg\" alt=\"\" width=\"625\" height=\"469\" srcset=\"https:\/\/4lv6.de\/wp-content\/uploads\/fahrten\/2018\/pfingsten-2018\/20180520_122159-1024x768.jpg 1024w, https:\/\/4lv6.de\/wp-content\/uploads\/fahrten\/2018\/pfingsten-2018\/20180520_122159-300x225.jpg 300w, https:\/\/4lv6.de\/wp-content\/uploads\/fahrten\/2018\/pfingsten-2018\/20180520_122159-768x576.jpg 768w, https:\/\/4lv6.de\/wp-content\/uploads\/fahrten\/2018\/pfingsten-2018\/20180520_122159-624x468.jpg 624w\" sizes=\"auto, (max-width: 625px) 100vw, 625px\" \/><\/a><\/p>\n<p><a href=\"https:\/\/4lv6.de\/wp-content\/uploads\/fahrten\/2018\/pfingsten-2018\/IMG_20180520_123910.jpg\" rel=\"lightbox[2398]\"><img loading=\"lazy\" decoding=\"async\" class=\"aligncenter wp-image-2378 size-large\" src=\"https:\/\/4lv6.de\/wp-content\/uploads\/fahrten\/2018\/pfingsten-2018\/IMG_20180520_123910-768x1024.jpg\" alt=\"\" width=\"625\" height=\"833\" srcset=\"https:\/\/4lv6.de\/wp-content\/uploads\/fahrten\/2018\/pfingsten-2018\/IMG_20180520_123910-768x1024.jpg 768w, https:\/\/4lv6.de\/wp-content\/uploads\/fahrten\/2018\/pfingsten-2018\/IMG_20180520_123910-225x300.jpg 225w, https:\/\/4lv6.de\/wp-content\/uploads\/fahrten\/2018\/pfingsten-2018\/IMG_20180520_123910-624x832.jpg 624w\" sizes=\"auto, (max-width: 625px) 100vw, 625px\" \/><\/a><\/p>\n<p><a href=\"https:\/\/4lv6.de\/wp-content\/uploads\/fahrten\/2018\/pfingsten-2018\/20180520_131709.jpg\" rel=\"lightbox[2398]\"><img loading=\"lazy\" decoding=\"async\" class=\"aligncenter size-large wp-image-2366\" src=\"https:\/\/4lv6.de\/wp-content\/uploads\/fahrten\/2018\/pfingsten-2018\/20180520_131709-1024x768.jpg\" alt=\"\" width=\"625\" height=\"469\" srcset=\"https:\/\/4lv6.de\/wp-content\/uploads\/fahrten\/2018\/pfingsten-2018\/20180520_131709-1024x768.jpg 1024w, https:\/\/4lv6.de\/wp-content\/uploads\/fahrten\/2018\/pfingsten-2018\/20180520_131709-300x225.jpg 300w, https:\/\/4lv6.de\/wp-content\/uploads\/fahrten\/2018\/pfingsten-2018\/20180520_131709-768x576.jpg 768w, https:\/\/4lv6.de\/wp-content\/uploads\/fahrten\/2018\/pfingsten-2018\/20180520_131709-624x468.jpg 624w\" sizes=\"auto, (max-width: 625px) 100vw, 625px\" \/><\/a><\/p>\n<p><a href=\"https:\/\/4lv6.de\/wp-content\/uploads\/fahrten\/2018\/pfingsten-2018\/IMG_20180520_132444.jpg\" rel=\"lightbox[2398]\"><img loading=\"lazy\" decoding=\"async\" class=\"aligncenter wp-image-2386 size-large\" src=\"https:\/\/4lv6.de\/wp-content\/uploads\/fahrten\/2018\/pfingsten-2018\/IMG_20180520_132444-1024x768.jpg\" alt=\"\" width=\"625\" height=\"469\" srcset=\"https:\/\/4lv6.de\/wp-content\/uploads\/fahrten\/2018\/pfingsten-2018\/IMG_20180520_132444-1024x768.jpg 1024w, https:\/\/4lv6.de\/wp-content\/uploads\/fahrten\/2018\/pfingsten-2018\/IMG_20180520_132444-300x225.jpg 300w, https:\/\/4lv6.de\/wp-content\/uploads\/fahrten\/2018\/pfingsten-2018\/IMG_20180520_132444-768x576.jpg 768w, https:\/\/4lv6.de\/wp-content\/uploads\/fahrten\/2018\/pfingsten-2018\/IMG_20180520_132444-624x468.jpg 624w\" sizes=\"auto, (max-width: 625px) 100vw, 625px\" \/><\/a><\/p>\n<p><a href=\"https:\/\/4lv6.de\/wp-content\/uploads\/fahrten\/2018\/pfingsten-2018\/IMG_20180520_132435.jpg\" rel=\"lightbox[2398]\"><img loading=\"lazy\" decoding=\"async\" class=\"aligncenter wp-image-2379 size-large\" src=\"https:\/\/4lv6.de\/wp-content\/uploads\/fahrten\/2018\/pfingsten-2018\/IMG_20180520_132435-1024x768.jpg\" alt=\"\" width=\"625\" height=\"469\" srcset=\"https:\/\/4lv6.de\/wp-content\/uploads\/fahrten\/2018\/pfingsten-2018\/IMG_20180520_132435-1024x768.jpg 1024w, https:\/\/4lv6.de\/wp-content\/uploads\/fahrten\/2018\/pfingsten-2018\/IMG_20180520_132435-300x225.jpg 300w, https:\/\/4lv6.de\/wp-content\/uploads\/fahrten\/2018\/pfingsten-2018\/IMG_20180520_132435-768x576.jpg 768w, https:\/\/4lv6.de\/wp-content\/uploads\/fahrten\/2018\/pfingsten-2018\/IMG_20180520_132435-624x468.jpg 624w\" sizes=\"auto, (max-width: 625px) 100vw, 625px\" \/><\/a><\/p>\n<p><a href=\"https:\/\/4lv6.de\/wp-content\/uploads\/fahrten\/2018\/pfingsten-2018\/IMG_20180520_132937.jpg\" rel=\"lightbox[2398]\"><img loading=\"lazy\" decoding=\"async\" class=\"aligncenter wp-image-2385 size-large\" src=\"https:\/\/4lv6.de\/wp-content\/uploads\/fahrten\/2018\/pfingsten-2018\/IMG_20180520_132937-1024x768.jpg\" alt=\"\" width=\"625\" height=\"469\" srcset=\"https:\/\/4lv6.de\/wp-content\/uploads\/fahrten\/2018\/pfingsten-2018\/IMG_20180520_132937-1024x768.jpg 1024w, https:\/\/4lv6.de\/wp-content\/uploads\/fahrten\/2018\/pfingsten-2018\/IMG_20180520_132937-300x225.jpg 300w, https:\/\/4lv6.de\/wp-content\/uploads\/fahrten\/2018\/pfingsten-2018\/IMG_20180520_132937-768x576.jpg 768w, https:\/\/4lv6.de\/wp-content\/uploads\/fahrten\/2018\/pfingsten-2018\/IMG_20180520_132937-624x468.jpg 624w\" sizes=\"auto, (max-width: 625px) 100vw, 625px\" \/><\/a><\/p>\n<p><a href=\"https:\/\/4lv6.de\/wp-content\/uploads\/fahrten\/2018\/pfingsten-2018\/20180520_140619.jpg\" rel=\"lightbox[2398]\"><img loading=\"lazy\" decoding=\"async\" class=\"aligncenter size-large wp-image-2372\" src=\"https:\/\/4lv6.de\/wp-content\/uploads\/fahrten\/2018\/pfingsten-2018\/20180520_140619-1024x768.jpg\" alt=\"\" width=\"625\" height=\"469\" srcset=\"https:\/\/4lv6.de\/wp-content\/uploads\/fahrten\/2018\/pfingsten-2018\/20180520_140619-1024x768.jpg 1024w, https:\/\/4lv6.de\/wp-content\/uploads\/fahrten\/2018\/pfingsten-2018\/20180520_140619-300x225.jpg 300w, https:\/\/4lv6.de\/wp-content\/uploads\/fahrten\/2018\/pfingsten-2018\/20180520_140619-768x576.jpg 768w, https:\/\/4lv6.de\/wp-content\/uploads\/fahrten\/2018\/pfingsten-2018\/20180520_140619-624x468.jpg 624w\" sizes=\"auto, (max-width: 625px) 100vw, 625px\" \/><\/a><br \/>\n<a href=\"https:\/\/4lv6.de\/wp-content\/uploads\/fahrten\/2018\/pfingsten-2018\/20180520_140005.jpg\" rel=\"lightbox[2398]\"><img loading=\"lazy\" decoding=\"async\" class=\"aligncenter size-large wp-image-2363\" src=\"https:\/\/4lv6.de\/wp-content\/uploads\/fahrten\/2018\/pfingsten-2018\/20180520_140005-1024x768.jpg\" alt=\"\" width=\"625\" height=\"469\" srcset=\"https:\/\/4lv6.de\/wp-content\/uploads\/fahrten\/2018\/pfingsten-2018\/20180520_140005-1024x768.jpg 1024w, https:\/\/4lv6.de\/wp-content\/uploads\/fahrten\/2018\/pfingsten-2018\/20180520_140005-300x225.jpg 300w, https:\/\/4lv6.de\/wp-content\/uploads\/fahrten\/2018\/pfingsten-2018\/20180520_140005-768x576.jpg 768w, https:\/\/4lv6.de\/wp-content\/uploads\/fahrten\/2018\/pfingsten-2018\/20180520_140005-624x468.jpg 624w\" sizes=\"auto, (max-width: 625px) 100vw, 625px\" \/><\/a><\/p>\n<p><a href=\"https:\/\/4lv6.de\/wp-content\/uploads\/fahrten\/2018\/pfingsten-2018\/IMG_20180520_141920.jpg\" rel=\"lightbox[2398]\"><img loading=\"lazy\" decoding=\"async\" class=\"aligncenter wp-image-2384 size-large\" src=\"https:\/\/4lv6.de\/wp-content\/uploads\/fahrten\/2018\/pfingsten-2018\/IMG_20180520_141920-1024x768.jpg\" alt=\"\" width=\"625\" height=\"469\" srcset=\"https:\/\/4lv6.de\/wp-content\/uploads\/fahrten\/2018\/pfingsten-2018\/IMG_20180520_141920-1024x768.jpg 1024w, https:\/\/4lv6.de\/wp-content\/uploads\/fahrten\/2018\/pfingsten-2018\/IMG_20180520_141920-300x225.jpg 300w, https:\/\/4lv6.de\/wp-content\/uploads\/fahrten\/2018\/pfingsten-2018\/IMG_20180520_141920-768x576.jpg 768w, https:\/\/4lv6.de\/wp-content\/uploads\/fahrten\/2018\/pfingsten-2018\/IMG_20180520_141920-624x468.jpg 624w\" sizes=\"auto, (max-width: 625px) 100vw, 625px\" \/><\/a><\/p>\n<p><a href=\"https:\/\/4lv6.de\/wp-content\/uploads\/fahrten\/2018\/pfingsten-2018\/IMG_20180520_145949.jpg\" rel=\"lightbox[2398]\"><img loading=\"lazy\" decoding=\"async\" class=\"aligncenter wp-image-2388 size-large\" src=\"https:\/\/4lv6.de\/wp-content\/uploads\/fahrten\/2018\/pfingsten-2018\/IMG_20180520_145949-1024x768.jpg\" alt=\"\" width=\"625\" height=\"469\" srcset=\"https:\/\/4lv6.de\/wp-content\/uploads\/fahrten\/2018\/pfingsten-2018\/IMG_20180520_145949-1024x768.jpg 1024w, https:\/\/4lv6.de\/wp-content\/uploads\/fahrten\/2018\/pfingsten-2018\/IMG_20180520_145949-300x225.jpg 300w, https:\/\/4lv6.de\/wp-content\/uploads\/fahrten\/2018\/pfingsten-2018\/IMG_20180520_145949-768x576.jpg 768w, https:\/\/4lv6.de\/wp-content\/uploads\/fahrten\/2018\/pfingsten-2018\/IMG_20180520_145949-624x468.jpg 624w\" sizes=\"auto, (max-width: 625px) 100vw, 625px\" \/><\/a><\/p>\n<p><a href=\"https:\/\/4lv6.de\/wp-content\/uploads\/fahrten\/2018\/pfingsten-2018\/IMG_20180520_150224.jpg\" rel=\"lightbox[2398]\"><img loading=\"lazy\" decoding=\"async\" class=\"aligncenter wp-image-2380 size-large\" src=\"https:\/\/4lv6.de\/wp-content\/uploads\/fahrten\/2018\/pfingsten-2018\/IMG_20180520_150224-1024x768.jpg\" alt=\"\" width=\"625\" height=\"469\" srcset=\"https:\/\/4lv6.de\/wp-content\/uploads\/fahrten\/2018\/pfingsten-2018\/IMG_20180520_150224-1024x768.jpg 1024w, https:\/\/4lv6.de\/wp-content\/uploads\/fahrten\/2018\/pfingsten-2018\/IMG_20180520_150224-300x225.jpg 300w, https:\/\/4lv6.de\/wp-content\/uploads\/fahrten\/2018\/pfingsten-2018\/IMG_20180520_150224-768x576.jpg 768w, https:\/\/4lv6.de\/wp-content\/uploads\/fahrten\/2018\/pfingsten-2018\/IMG_20180520_150224-624x468.jpg 624w\" sizes=\"auto, (max-width: 625px) 100vw, 625px\" \/><\/a><\/p>\n<p><a href=\"https:\/\/4lv6.de\/wp-content\/uploads\/fahrten\/2018\/pfingsten-2018\/20180520_152635.jpg\" rel=\"lightbox[2398]\"><img loading=\"lazy\" decoding=\"async\" class=\"aligncenter size-large wp-image-2365\" src=\"https:\/\/4lv6.de\/wp-content\/uploads\/fahrten\/2018\/pfingsten-2018\/20180520_152635-1024x768.jpg\" alt=\"\" width=\"625\" height=\"469\" srcset=\"https:\/\/4lv6.de\/wp-content\/uploads\/fahrten\/2018\/pfingsten-2018\/20180520_152635-1024x768.jpg 1024w, https:\/\/4lv6.de\/wp-content\/uploads\/fahrten\/2018\/pfingsten-2018\/20180520_152635-300x225.jpg 300w, https:\/\/4lv6.de\/wp-content\/uploads\/fahrten\/2018\/pfingsten-2018\/20180520_152635-768x576.jpg 768w, https:\/\/4lv6.de\/wp-content\/uploads\/fahrten\/2018\/pfingsten-2018\/20180520_152635-624x468.jpg 624w\" sizes=\"auto, (max-width: 625px) 100vw, 625px\" \/><\/a><br \/>\n<a href=\"https:\/\/4lv6.de\/wp-content\/uploads\/fahrten\/2018\/pfingsten-2018\/20180520_152627.jpg\" rel=\"lightbox[2398]\"><img loading=\"lazy\" decoding=\"async\" class=\"aligncenter size-large wp-image-2361\" src=\"https:\/\/4lv6.de\/wp-content\/uploads\/fahrten\/2018\/pfingsten-2018\/20180520_152627-1024x768.jpg\" alt=\"\" width=\"625\" height=\"469\" srcset=\"https:\/\/4lv6.de\/wp-content\/uploads\/fahrten\/2018\/pfingsten-2018\/20180520_152627-1024x768.jpg 1024w, https:\/\/4lv6.de\/wp-content\/uploads\/fahrten\/2018\/pfingsten-2018\/20180520_152627-300x225.jpg 300w, https:\/\/4lv6.de\/wp-content\/uploads\/fahrten\/2018\/pfingsten-2018\/20180520_152627-768x576.jpg 768w, https:\/\/4lv6.de\/wp-content\/uploads\/fahrten\/2018\/pfingsten-2018\/20180520_152627-624x468.jpg 624w\" sizes=\"auto, (max-width: 625px) 100vw, 625px\" \/><\/a><\/p>\n<p><a href=\"https:\/\/4lv6.de\/wp-content\/uploads\/fahrten\/2018\/pfingsten-2018\/IMG_20180520_154606.jpg\" rel=\"lightbox[2398]\"><img loading=\"lazy\" decoding=\"async\" class=\"aligncenter wp-image-2387 size-large\" src=\"https:\/\/4lv6.de\/wp-content\/uploads\/fahrten\/2018\/pfingsten-2018\/IMG_20180520_154606-1024x768.jpg\" alt=\"\" width=\"625\" height=\"469\" srcset=\"https:\/\/4lv6.de\/wp-content\/uploads\/fahrten\/2018\/pfingsten-2018\/IMG_20180520_154606-1024x768.jpg 1024w, https:\/\/4lv6.de\/wp-content\/uploads\/fahrten\/2018\/pfingsten-2018\/IMG_20180520_154606-300x225.jpg 300w, https:\/\/4lv6.de\/wp-content\/uploads\/fahrten\/2018\/pfingsten-2018\/IMG_20180520_154606-768x576.jpg 768w, https:\/\/4lv6.de\/wp-content\/uploads\/fahrten\/2018\/pfingsten-2018\/IMG_20180520_154606-624x468.jpg 624w\" sizes=\"auto, (max-width: 625px) 100vw, 625px\" \/><\/a><\/p>\n<p><a href=\"https:\/\/4lv6.de\/wp-content\/uploads\/fahrten\/2018\/pfingsten-2018\/20180520_160722.jpg\" rel=\"lightbox[2398]\"><img loading=\"lazy\" decoding=\"async\" class=\"aligncenter size-large wp-image-2370\" src=\"https:\/\/4lv6.de\/wp-content\/uploads\/fahrten\/2018\/pfingsten-2018\/20180520_160722-1024x768.jpg\" alt=\"\" width=\"625\" height=\"469\" srcset=\"https:\/\/4lv6.de\/wp-content\/uploads\/fahrten\/2018\/pfingsten-2018\/20180520_160722-1024x768.jpg 1024w, https:\/\/4lv6.de\/wp-content\/uploads\/fahrten\/2018\/pfingsten-2018\/20180520_160722-300x225.jpg 300w, https:\/\/4lv6.de\/wp-content\/uploads\/fahrten\/2018\/pfingsten-2018\/20180520_160722-768x576.jpg 768w, https:\/\/4lv6.de\/wp-content\/uploads\/fahrten\/2018\/pfingsten-2018\/20180520_160722-624x468.jpg 624w\" sizes=\"auto, (max-width: 625px) 100vw, 625px\" \/><\/a><\/p>\n<figure id=\"attachment_2377\" aria-describedby=\"caption-attachment-2377\" style=\"width: 625px\" class=\"wp-caption aligncenter\"><a href=\"https:\/\/4lv6.de\/wp-content\/uploads\/fahrten\/2018\/pfingsten-2018\/IMG_20180520_162330.jpg\" rel=\"lightbox[2398]\"><img loading=\"lazy\" decoding=\"async\" class=\"wp-image-2377 size-large\" src=\"https:\/\/4lv6.de\/wp-content\/uploads\/fahrten\/2018\/pfingsten-2018\/IMG_20180520_162330-1024x768.jpg\" alt=\"\" width=\"625\" height=\"469\" srcset=\"https:\/\/4lv6.de\/wp-content\/uploads\/fahrten\/2018\/pfingsten-2018\/IMG_20180520_162330-1024x768.jpg 1024w, https:\/\/4lv6.de\/wp-content\/uploads\/fahrten\/2018\/pfingsten-2018\/IMG_20180520_162330-300x225.jpg 300w, https:\/\/4lv6.de\/wp-content\/uploads\/fahrten\/2018\/pfingsten-2018\/IMG_20180520_162330-768x576.jpg 768w, https:\/\/4lv6.de\/wp-content\/uploads\/fahrten\/2018\/pfingsten-2018\/IMG_20180520_162330-624x468.jpg 624w\" sizes=\"auto, (max-width: 625px) 100vw, 625px\" \/><\/a><figcaption id=\"caption-attachment-2377\" class=\"wp-caption-text\">Wasser im Boot nach einem Rettungsversuch<\/figcaption><\/figure>\n<p><a href=\"https:\/\/4lv6.de\/wp-content\/uploads\/fahrten\/2018\/pfingsten-2018\/20180520_162615.jpg\" rel=\"lightbox[2398]\"><img loading=\"lazy\" decoding=\"async\" class=\"aligncenter size-large wp-image-2371\" src=\"https:\/\/4lv6.de\/wp-content\/uploads\/fahrten\/2018\/pfingsten-2018\/20180520_162615-1024x768.jpg\" alt=\"\" width=\"625\" height=\"469\" srcset=\"https:\/\/4lv6.de\/wp-content\/uploads\/fahrten\/2018\/pfingsten-2018\/20180520_162615-1024x768.jpg 1024w, https:\/\/4lv6.de\/wp-content\/uploads\/fahrten\/2018\/pfingsten-2018\/20180520_162615-300x225.jpg 300w, https:\/\/4lv6.de\/wp-content\/uploads\/fahrten\/2018\/pfingsten-2018\/20180520_162615-768x576.jpg 768w, https:\/\/4lv6.de\/wp-content\/uploads\/fahrten\/2018\/pfingsten-2018\/20180520_162615-624x468.jpg 624w\" sizes=\"auto, (max-width: 625px) 100vw, 625px\" \/><\/a><\/p>\n<p><a href=\"https:\/\/4lv6.de\/wp-content\/uploads\/fahrten\/2018\/pfingsten-2018\/IMG_20180520_172004.jpg\" rel=\"lightbox[2398]\"><img loading=\"lazy\" decoding=\"async\" class=\"aligncenter wp-image-2376 size-large\" src=\"https:\/\/4lv6.de\/wp-content\/uploads\/fahrten\/2018\/pfingsten-2018\/IMG_20180520_172004-1024x768.jpg\" alt=\"\" width=\"625\" height=\"469\" srcset=\"https:\/\/4lv6.de\/wp-content\/uploads\/fahrten\/2018\/pfingsten-2018\/IMG_20180520_172004-1024x768.jpg 1024w, https:\/\/4lv6.de\/wp-content\/uploads\/fahrten\/2018\/pfingsten-2018\/IMG_20180520_172004-300x225.jpg 300w, https:\/\/4lv6.de\/wp-content\/uploads\/fahrten\/2018\/pfingsten-2018\/IMG_20180520_172004-768x576.jpg 768w, https:\/\/4lv6.de\/wp-content\/uploads\/fahrten\/2018\/pfingsten-2018\/IMG_20180520_172004-624x468.jpg 624w\" sizes=\"auto, (max-width: 625px) 100vw, 625px\" \/><\/a><\/p>\n<figure id=\"attachment_2368\" aria-describedby=\"caption-attachment-2368\" style=\"width: 625px\" class=\"wp-caption aligncenter\"><a href=\"https:\/\/4lv6.de\/wp-content\/uploads\/fahrten\/2018\/pfingsten-2018\/20180521_121859.jpg\" rel=\"lightbox[2398]\"><img loading=\"lazy\" decoding=\"async\" class=\"wp-image-2368 size-large\" src=\"https:\/\/4lv6.de\/wp-content\/uploads\/fahrten\/2018\/pfingsten-2018\/20180521_121859-1024x768.jpg\" alt=\"\" width=\"625\" height=\"469\" srcset=\"https:\/\/4lv6.de\/wp-content\/uploads\/fahrten\/2018\/pfingsten-2018\/20180521_121859-1024x768.jpg 1024w, https:\/\/4lv6.de\/wp-content\/uploads\/fahrten\/2018\/pfingsten-2018\/20180521_121859-300x225.jpg 300w, https:\/\/4lv6.de\/wp-content\/uploads\/fahrten\/2018\/pfingsten-2018\/20180521_121859-768x576.jpg 768w, https:\/\/4lv6.de\/wp-content\/uploads\/fahrten\/2018\/pfingsten-2018\/20180521_121859-624x468.jpg 624w\" sizes=\"auto, (max-width: 625px) 100vw, 625px\" \/><\/a><figcaption id=\"caption-attachment-2368\" class=\"wp-caption-text\">Mittagspause auf der R\u00fcckfahrt<\/figcaption><\/figure>\n<p><a href=\"https:\/\/4lv6.de\/wp-content\/uploads\/fahrten\/2018\/pfingsten-2018\/20180521_134314.jpg\" rel=\"lightbox[2398]\"><img loading=\"lazy\" decoding=\"async\" class=\"aligncenter size-large wp-image-2364\" src=\"https:\/\/4lv6.de\/wp-content\/uploads\/fahrten\/2018\/pfingsten-2018\/20180521_134314-1024x768.jpg\" alt=\"\" width=\"625\" height=\"469\" srcset=\"https:\/\/4lv6.de\/wp-content\/uploads\/fahrten\/2018\/pfingsten-2018\/20180521_134314-1024x768.jpg 1024w, https:\/\/4lv6.de\/wp-content\/uploads\/fahrten\/2018\/pfingsten-2018\/20180521_134314-300x225.jpg 300w, https:\/\/4lv6.de\/wp-content\/uploads\/fahrten\/2018\/pfingsten-2018\/20180521_134314-768x576.jpg 768w, https:\/\/4lv6.de\/wp-content\/uploads\/fahrten\/2018\/pfingsten-2018\/20180521_134314-624x468.jpg 624w\" sizes=\"auto, (max-width: 625px) 100vw, 625px\" \/><\/a><\/p>\n","protected":false},"excerpt":{"rendered":"<p>Paddeltour zu Pfingsten auf der \u00d6rtze von Oldendorf nach Wolthausen, ca 19 km Freitag Abend sind wir getrennt nach Abbensen gefahren, um dort zu \u00dcbernachten. Von den Basketballern war kaum was zu sp\u00fcren. Nach dem Essen sind wir per Fahrrad noch los zum Cachen. Am n\u00e4chsten Morgen schnell 2 Boote auf den Trailer geworfen und &hellip; <a href=\"https:\/\/4lv6.de\/?page_id=2398\" class=\"more-link\"><span class=\"screen-reader-text\">Pfingsten 2018 Oldendorf<\/span> weiterlesen<\/a><\/p>\n","protected":false},"author":6,"featured_media":0,"parent":387,"menu_order":0,"comment_status":"closed","ping_status":"closed","template":"","meta":{"footnotes":""},"class_list":["post-2398","page","type-page","status-publish","hentry"],"_links":{"self":[{"href":"https:\/\/4lv6.de\/index.php?rest_route=\/wp\/v2\/pages\/2398","targetHints":{"allow":["GET"]}}],"collection":[{"href":"https:\/\/4lv6.de\/index.php?rest_route=\/wp\/v2\/pages"}],"about":[{"href":"https:\/\/4lv6.de\/index.php?rest_route=\/wp\/v2\/types\/page"}],"author":[{"embeddable":true,"href":"https:\/\/4lv6.de\/index.php?rest_route=\/wp\/v2\/users\/6"}],"replies":[{"embeddable":true,"href":"https:\/\/4lv6.de\/index.php?rest_route=%2Fwp%2Fv2%2Fcomments&post=2398"}],"version-history":[{"count":12,"href":"https:\/\/4lv6.de\/index.php?rest_route=\/wp\/v2\/pages\/2398\/revisions"}],"predecessor-version":[{"id":2412,"href":"https:\/\/4lv6.de\/index.php?rest_route=\/wp\/v2\/pages\/2398\/revisions\/2412"}],"up":[{"embeddable":true,"href":"https:\/\/4lv6.de\/index.php?rest_route=\/wp\/v2\/pages\/387"}],"wp:attachment":[{"href":"https:\/\/4lv6.de\/index.php?rest_route=%2Fwp%2Fv2%2Fmedia&parent=2398"}],"curies":[{"name":"wp","href":"https:\/\/api.w.org\/{rel}","templated":true}]}}