{"id":2812,"date":"2018-08-27T13:09:04","date_gmt":"2018-08-27T12:09:04","guid":{"rendered":"http:\/\/4lv6.dydn.org\/?page_id=2812"},"modified":"2018-08-27T15:15:08","modified_gmt":"2018-08-27T14:15:08","slug":"wochenende-in-der-altmark","status":"publish","type":"page","link":"https:\/\/4lv6.de\/?page_id=2812","title":{"rendered":"Wochenende in der Altmark"},"content":{"rendered":"<p><strong>24.8.18 &#8211; 26.8.18<\/strong><\/p>\n<p>Geplant war in Diesdorf zu \u00fcbernachten. Der Stellplatz hat Strom und Ver- und Entsorgung. Leider war das Handynetz dort nicht vorhanden und ein wenig Erreichbarkeit w\u00fcnschten wir uns wegen der daheim gebliebenen Kinder denn doch. Gelandet sind wir ca. 12 km weiter auf dem Stellplatz am Ahlumer See. F\u00fcr 13 Euro inkl. Strom fanden wir ein Pl\u00e4tzchen auf der gro\u00dfen Wiese. Nur mit der Entsorgung haperte es. Ist aber vorhanden, muss nur aufgeschlossen werden. Es war absolut ruhig in der Nacht.<\/p>\n<p>Den Samstag haben wir uns das Freilichtmuseum, alte Bauernh\u00e4user und Scheunen, in Diesdorf angesehen. Danach noch ein kurzer Stadtbummel durch Salzwedel. Bei der Gelegenheit noch den Stellplatz dort begutachtet und f\u00fcr ungem\u00fctlich und eng befunden.<\/p>\n<p>Am Sonntag eine Cacherunde mit dem Auto, leider haben wir die letzten beiden Caches der Runde nicht gefunden und hatten keine Chance auf den Bonus. Also haben wir uns gem\u00e4chlich auf kleinen Landstrassen auf dem Heimweg gemacht. Nach insgesamt ca. 350 km waren wir um 17 Uhr wieder in Hannover.<\/p>\n<p><a href=\"https:\/\/4lv6.de\/wp-content\/uploads\/fahrten\/2018\/altmark\/20180825_183103.jpg\" rel=\"lightbox[2812]\"><img loading=\"lazy\" decoding=\"async\" class=\"aligncenter size-large wp-image-2796\" src=\"https:\/\/4lv6.de\/wp-content\/uploads\/fahrten\/2018\/altmark\/20180825_183103-1024x768.jpg\" alt=\"\" width=\"625\" height=\"469\" srcset=\"https:\/\/4lv6.de\/wp-content\/uploads\/fahrten\/2018\/altmark\/20180825_183103-1024x768.jpg 1024w, https:\/\/4lv6.de\/wp-content\/uploads\/fahrten\/2018\/altmark\/20180825_183103-300x225.jpg 300w, https:\/\/4lv6.de\/wp-content\/uploads\/fahrten\/2018\/altmark\/20180825_183103-768x576.jpg 768w, https:\/\/4lv6.de\/wp-content\/uploads\/fahrten\/2018\/altmark\/20180825_183103-624x468.jpg 624w\" sizes=\"auto, (max-width: 625px) 100vw, 625px\" \/><\/a><\/p>\n<p><a href=\"https:\/\/4lv6.de\/wp-content\/uploads\/fahrten\/2018\/altmark\/20180825_171750.jpg\" rel=\"lightbox[2812]\"><img loading=\"lazy\" decoding=\"async\" class=\"aligncenter size-large wp-image-2810\" src=\"https:\/\/4lv6.de\/wp-content\/uploads\/fahrten\/2018\/altmark\/20180825_171750-1024x768.jpg\" alt=\"\" width=\"625\" height=\"469\" srcset=\"https:\/\/4lv6.de\/wp-content\/uploads\/fahrten\/2018\/altmark\/20180825_171750-1024x768.jpg 1024w, https:\/\/4lv6.de\/wp-content\/uploads\/fahrten\/2018\/altmark\/20180825_171750-300x225.jpg 300w, https:\/\/4lv6.de\/wp-content\/uploads\/fahrten\/2018\/altmark\/20180825_171750-768x576.jpg 768w, https:\/\/4lv6.de\/wp-content\/uploads\/fahrten\/2018\/altmark\/20180825_171750-624x468.jpg 624w\" sizes=\"auto, (max-width: 625px) 100vw, 625px\" \/><\/a><\/p>\n<figure id=\"attachment_2808\" aria-describedby=\"caption-attachment-2808\" style=\"width: 625px\" class=\"wp-caption aligncenter\"><a href=\"https:\/\/4lv6.de\/wp-content\/uploads\/fahrten\/2018\/altmark\/20180825_180105.jpg\" rel=\"lightbox[2812]\"><img loading=\"lazy\" decoding=\"async\" class=\"wp-image-2808 size-large\" src=\"https:\/\/4lv6.de\/wp-content\/uploads\/fahrten\/2018\/altmark\/20180825_180105-1024x768.jpg\" alt=\"\" width=\"625\" height=\"469\" srcset=\"https:\/\/4lv6.de\/wp-content\/uploads\/fahrten\/2018\/altmark\/20180825_180105-1024x768.jpg 1024w, https:\/\/4lv6.de\/wp-content\/uploads\/fahrten\/2018\/altmark\/20180825_180105-300x225.jpg 300w, https:\/\/4lv6.de\/wp-content\/uploads\/fahrten\/2018\/altmark\/20180825_180105-768x576.jpg 768w, https:\/\/4lv6.de\/wp-content\/uploads\/fahrten\/2018\/altmark\/20180825_180105-624x468.jpg 624w\" sizes=\"auto, (max-width: 625px) 100vw, 625px\" \/><\/a><figcaption id=\"caption-attachment-2808\" class=\"wp-caption-text\">140 cm!<\/figcaption><\/figure>\n<p><a href=\"https:\/\/4lv6.de\/wp-content\/uploads\/fahrten\/2018\/altmark\/20180825_183008.jpg\" rel=\"lightbox[2812]\"><img loading=\"lazy\" decoding=\"async\" class=\"aligncenter size-large wp-image-2797\" src=\"https:\/\/4lv6.de\/wp-content\/uploads\/fahrten\/2018\/altmark\/20180825_183008-1024x768.jpg\" alt=\"\" width=\"625\" height=\"469\" srcset=\"https:\/\/4lv6.de\/wp-content\/uploads\/fahrten\/2018\/altmark\/20180825_183008-1024x768.jpg 1024w, https:\/\/4lv6.de\/wp-content\/uploads\/fahrten\/2018\/altmark\/20180825_183008-300x225.jpg 300w, https:\/\/4lv6.de\/wp-content\/uploads\/fahrten\/2018\/altmark\/20180825_183008-768x576.jpg 768w, https:\/\/4lv6.de\/wp-content\/uploads\/fahrten\/2018\/altmark\/20180825_183008-624x468.jpg 624w\" sizes=\"auto, (max-width: 625px) 100vw, 625px\" \/><\/a><\/p>\n<p><a href=\"https:\/\/4lv6.de\/wp-content\/uploads\/fahrten\/2018\/altmark\/20180826_110048.jpg\" rel=\"lightbox[2812]\"><img loading=\"lazy\" decoding=\"async\" class=\"aligncenter size-large wp-image-2802\" src=\"https:\/\/4lv6.de\/wp-content\/uploads\/fahrten\/2018\/altmark\/20180826_110048-1024x768.jpg\" alt=\"\" width=\"625\" height=\"469\" srcset=\"https:\/\/4lv6.de\/wp-content\/uploads\/fahrten\/2018\/altmark\/20180826_110048-1024x768.jpg 1024w, https:\/\/4lv6.de\/wp-content\/uploads\/fahrten\/2018\/altmark\/20180826_110048-300x225.jpg 300w, https:\/\/4lv6.de\/wp-content\/uploads\/fahrten\/2018\/altmark\/20180826_110048-768x576.jpg 768w, https:\/\/4lv6.de\/wp-content\/uploads\/fahrten\/2018\/altmark\/20180826_110048-624x468.jpg 624w\" sizes=\"auto, (max-width: 625px) 100vw, 625px\" \/><\/a><\/p>\n<figure id=\"attachment_2809\" aria-describedby=\"caption-attachment-2809\" style=\"width: 625px\" class=\"wp-caption aligncenter\"><a href=\"https:\/\/4lv6.de\/wp-content\/uploads\/fahrten\/2018\/altmark\/20180825_190451.jpg\" rel=\"lightbox[2812]\"><img loading=\"lazy\" decoding=\"async\" class=\"wp-image-2809 size-large\" src=\"https:\/\/4lv6.de\/wp-content\/uploads\/fahrten\/2018\/altmark\/20180825_190451-1024x768.jpg\" alt=\"\" width=\"625\" height=\"469\" srcset=\"https:\/\/4lv6.de\/wp-content\/uploads\/fahrten\/2018\/altmark\/20180825_190451-1024x768.jpg 1024w, https:\/\/4lv6.de\/wp-content\/uploads\/fahrten\/2018\/altmark\/20180825_190451-300x225.jpg 300w, https:\/\/4lv6.de\/wp-content\/uploads\/fahrten\/2018\/altmark\/20180825_190451-768x576.jpg 768w, https:\/\/4lv6.de\/wp-content\/uploads\/fahrten\/2018\/altmark\/20180825_190451-624x468.jpg 624w\" sizes=\"auto, (max-width: 625px) 100vw, 625px\" \/><\/a><figcaption id=\"caption-attachment-2809\" class=\"wp-caption-text\">Nach einem kr\u00e4ftigen Regenguss kam die Sonne heraus, nat\u00fcrlich w\u00e4hrend des Abendessens \ud83d\ude09<\/figcaption><\/figure>\n<p><a href=\"https:\/\/4lv6.de\/wp-content\/uploads\/fahrten\/2018\/altmark\/20180825_190419.jpg\" rel=\"lightbox[2812]\"><img loading=\"lazy\" decoding=\"async\" class=\"aligncenter size-large wp-image-2806\" src=\"https:\/\/4lv6.de\/wp-content\/uploads\/fahrten\/2018\/altmark\/20180825_190419-1024x768.jpg\" alt=\"\" width=\"625\" height=\"469\" srcset=\"https:\/\/4lv6.de\/wp-content\/uploads\/fahrten\/2018\/altmark\/20180825_190419-1024x768.jpg 1024w, https:\/\/4lv6.de\/wp-content\/uploads\/fahrten\/2018\/altmark\/20180825_190419-300x225.jpg 300w, https:\/\/4lv6.de\/wp-content\/uploads\/fahrten\/2018\/altmark\/20180825_190419-768x576.jpg 768w, https:\/\/4lv6.de\/wp-content\/uploads\/fahrten\/2018\/altmark\/20180825_190419-624x468.jpg 624w\" sizes=\"auto, (max-width: 625px) 100vw, 625px\" \/><\/a><\/p>\n<p><a href=\"https:\/\/4lv6.de\/wp-content\/uploads\/fahrten\/2018\/altmark\/20180825_190052.jpg\" rel=\"lightbox[2812]\"><img loading=\"lazy\" decoding=\"async\" class=\"aligncenter size-large wp-image-2803\" src=\"https:\/\/4lv6.de\/wp-content\/uploads\/fahrten\/2018\/altmark\/20180825_190052-1024x768.jpg\" alt=\"\" width=\"625\" height=\"469\" srcset=\"https:\/\/4lv6.de\/wp-content\/uploads\/fahrten\/2018\/altmark\/20180825_190052-1024x768.jpg 1024w, https:\/\/4lv6.de\/wp-content\/uploads\/fahrten\/2018\/altmark\/20180825_190052-300x225.jpg 300w, https:\/\/4lv6.de\/wp-content\/uploads\/fahrten\/2018\/altmark\/20180825_190052-768x576.jpg 768w, https:\/\/4lv6.de\/wp-content\/uploads\/fahrten\/2018\/altmark\/20180825_190052-624x468.jpg 624w\" sizes=\"auto, (max-width: 625px) 100vw, 625px\" \/><\/a><\/p>\n<figure id=\"attachment_2798\" aria-describedby=\"caption-attachment-2798\" style=\"width: 625px\" class=\"wp-caption aligncenter\"><a href=\"https:\/\/4lv6.de\/wp-content\/uploads\/fahrten\/2018\/altmark\/20180825_185907.jpg\" rel=\"lightbox[2812]\"><img loading=\"lazy\" decoding=\"async\" class=\"wp-image-2798 size-large\" src=\"https:\/\/4lv6.de\/wp-content\/uploads\/fahrten\/2018\/altmark\/20180825_185907-1024x768.jpg\" alt=\"\" width=\"625\" height=\"469\" srcset=\"https:\/\/4lv6.de\/wp-content\/uploads\/fahrten\/2018\/altmark\/20180825_185907-1024x768.jpg 1024w, https:\/\/4lv6.de\/wp-content\/uploads\/fahrten\/2018\/altmark\/20180825_185907-300x225.jpg 300w, https:\/\/4lv6.de\/wp-content\/uploads\/fahrten\/2018\/altmark\/20180825_185907-768x576.jpg 768w, https:\/\/4lv6.de\/wp-content\/uploads\/fahrten\/2018\/altmark\/20180825_185907-624x468.jpg 624w\" sizes=\"auto, (max-width: 625px) 100vw, 625px\" \/><\/a><figcaption id=\"caption-attachment-2798\" class=\"wp-caption-text\">Links &#8230;<\/figcaption><\/figure>\n<figure id=\"attachment_2800\" aria-describedby=\"caption-attachment-2800\" style=\"width: 625px\" class=\"wp-caption aligncenter\"><a href=\"https:\/\/4lv6.de\/wp-content\/uploads\/fahrten\/2018\/altmark\/20180825_185904.jpg\" rel=\"lightbox[2812]\"><img loading=\"lazy\" decoding=\"async\" class=\"wp-image-2800 size-large\" src=\"https:\/\/4lv6.de\/wp-content\/uploads\/fahrten\/2018\/altmark\/20180825_185904-1024x768.jpg\" alt=\"\" width=\"625\" height=\"469\" srcset=\"https:\/\/4lv6.de\/wp-content\/uploads\/fahrten\/2018\/altmark\/20180825_185904-1024x768.jpg 1024w, https:\/\/4lv6.de\/wp-content\/uploads\/fahrten\/2018\/altmark\/20180825_185904-300x225.jpg 300w, https:\/\/4lv6.de\/wp-content\/uploads\/fahrten\/2018\/altmark\/20180825_185904-768x576.jpg 768w, https:\/\/4lv6.de\/wp-content\/uploads\/fahrten\/2018\/altmark\/20180825_185904-624x468.jpg 624w\" sizes=\"auto, (max-width: 625px) 100vw, 625px\" \/><\/a><figcaption id=\"caption-attachment-2800\" class=\"wp-caption-text\">&#8230; Mitte &#8230;<\/figcaption><\/figure>\n<figure id=\"attachment_2801\" aria-describedby=\"caption-attachment-2801\" style=\"width: 625px\" class=\"wp-caption aligncenter\"><a href=\"https:\/\/4lv6.de\/wp-content\/uploads\/fahrten\/2018\/altmark\/20180825_185909.jpg\" rel=\"lightbox[2812]\"><img loading=\"lazy\" decoding=\"async\" class=\"wp-image-2801 size-large\" src=\"https:\/\/4lv6.de\/wp-content\/uploads\/fahrten\/2018\/altmark\/20180825_185909-1024x768.jpg\" alt=\"\" width=\"625\" height=\"469\" srcset=\"https:\/\/4lv6.de\/wp-content\/uploads\/fahrten\/2018\/altmark\/20180825_185909-1024x768.jpg 1024w, https:\/\/4lv6.de\/wp-content\/uploads\/fahrten\/2018\/altmark\/20180825_185909-300x225.jpg 300w, https:\/\/4lv6.de\/wp-content\/uploads\/fahrten\/2018\/altmark\/20180825_185909-768x576.jpg 768w, https:\/\/4lv6.de\/wp-content\/uploads\/fahrten\/2018\/altmark\/20180825_185909-624x468.jpg 624w\" sizes=\"auto, (max-width: 625px) 100vw, 625px\" \/><\/a><figcaption id=\"caption-attachment-2801\" class=\"wp-caption-text\">.. ganz rechts<\/figcaption><\/figure>\n","protected":false},"excerpt":{"rendered":"<p>24.8.18 &#8211; 26.8.18 Geplant war in Diesdorf zu \u00fcbernachten. Der Stellplatz hat Strom und Ver- und Entsorgung. Leider war das Handynetz dort nicht vorhanden und ein wenig Erreichbarkeit w\u00fcnschten wir uns wegen der daheim gebliebenen Kinder denn doch. Gelandet sind wir ca. 12 km weiter auf dem Stellplatz am Ahlumer See. F\u00fcr 13 Euro inkl. &hellip; <a href=\"https:\/\/4lv6.de\/?page_id=2812\" class=\"more-link\"><span class=\"screen-reader-text\">Wochenende in der Altmark<\/span> weiterlesen<\/a><\/p>\n","protected":false},"author":6,"featured_media":0,"parent":387,"menu_order":0,"comment_status":"closed","ping_status":"closed","template":"","meta":{"footnotes":""},"class_list":["post-2812","page","type-page","status-publish","hentry"],"_links":{"self":[{"href":"https:\/\/4lv6.de\/index.php?rest_route=\/wp\/v2\/pages\/2812","targetHints":{"allow":["GET"]}}],"collection":[{"href":"https:\/\/4lv6.de\/index.php?rest_route=\/wp\/v2\/pages"}],"about":[{"href":"https:\/\/4lv6.de\/index.php?rest_route=\/wp\/v2\/types\/page"}],"author":[{"embeddable":true,"href":"https:\/\/4lv6.de\/index.php?rest_route=\/wp\/v2\/users\/6"}],"replies":[{"embeddable":true,"href":"https:\/\/4lv6.de\/index.php?rest_route=%2Fwp%2Fv2%2Fcomments&post=2812"}],"version-history":[{"count":11,"href":"https:\/\/4lv6.de\/index.php?rest_route=\/wp\/v2\/pages\/2812\/revisions"}],"predecessor-version":[{"id":2834,"href":"https:\/\/4lv6.de\/index.php?rest_route=\/wp\/v2\/pages\/2812\/revisions\/2834"}],"up":[{"embeddable":true,"href":"https:\/\/4lv6.de\/index.php?rest_route=\/wp\/v2\/pages\/387"}],"wp:attachment":[{"href":"https:\/\/4lv6.de\/index.php?rest_route=%2Fwp%2Fv2%2Fmedia&parent=2812"}],"curies":[{"name":"wp","href":"https:\/\/api.w.org\/{rel}","templated":true}]}}