{"id":3789,"date":"2020-06-03T14:35:38","date_gmt":"2020-06-03T13:35:38","guid":{"rendered":"http:\/\/4lv6.dydn.org\/?page_id=3789"},"modified":"2020-06-03T15:34:03","modified_gmt":"2020-06-03T14:34:03","slug":"pfingsten-braunschweig-und-wolfenbuettel","status":"publish","type":"page","link":"https:\/\/4lv6.de\/?page_id=3789","title":{"rendered":"Pfingsten &#8211; Braunschweig und Wolfenb\u00fcttel"},"content":{"rendered":"<p><strong>29.5.20<\/strong><br \/>\nTina war noch Einkaufen, und wir laden vor der Haust\u00fcr schnell das Essen um. Eine kleine Tasche mit Klamotten ins Auto und dann los. Gegen 18 Uhr sind wir in Gifhorn am Stellplatz. Nur jeder 2. Platz ist zu belegen und der letzte Platz ist vermutlich vor 10 Minuten belegt worden. Pech gehabt. Sch\u00f6n ist es hier auch nicht so sehr. Noch schnell an der V\/E Wasser gebunkert und weiter nach Braunschweig. Irgendwie verwirren mich die Autobahnen in Braunschweig komplett. Aber Dank Google Maps sind wir gegen 19:30 Uhr am Schwimmbad angelangt. Das Schwimmbad ist nat\u00fcrlich wegen Corona geschlossen. Im Fitnessstudio sagt man uns, wir k\u00f6nnen hier \u00fcbernachten, ist auch umsonst, aber Strom und Wasser ist abgestellt (man braucht eine Chipkarte vom Schwimmbad). Immerhin ist die WC-Entsorgung intakt und mehr brauchen wir erst mal nicht. Ein Wohnmobil und ein Wohnwagengespann sind auch noch da. Auf dem Sch\u00fctzenplatz nebenan ist ein Autokino errichtet worden und Tina kann gratis &#8222;K\u00f6nig der L\u00f6wen&#8220; schauen. Ton kommt \u00fcber das Autoradio rein. Etwas sp\u00e4ter bekommen wir auch noch unseren Ratsch-Bumm-Kuschler, keine Ahnung, was das wieder soll. Platz genug w\u00e4re da.<\/p>\n<figure id=\"attachment_3786\" aria-describedby=\"caption-attachment-3786\" style=\"width: 625px\" class=\"wp-caption aligncenter\"><a href=\"https:\/\/4lv6.de\/wp-content\/uploads\/2020\/05\/20200529_214548-scaled.jpg\" rel=\"lightbox[3789]\"><img loading=\"lazy\" decoding=\"async\" src=\"https:\/\/4lv6.de\/wp-content\/uploads\/2020\/05\/20200529_214548-1024x576.jpg\" alt=\"\" width=\"625\" height=\"352\" class=\"size-large wp-image-3786\" srcset=\"https:\/\/4lv6.de\/wp-content\/uploads\/2020\/05\/20200529_214548-1024x576.jpg 1024w, https:\/\/4lv6.de\/wp-content\/uploads\/2020\/05\/20200529_214548-300x169.jpg 300w, https:\/\/4lv6.de\/wp-content\/uploads\/2020\/05\/20200529_214548-768x432.jpg 768w, https:\/\/4lv6.de\/wp-content\/uploads\/2020\/05\/20200529_214548-1536x864.jpg 1536w, https:\/\/4lv6.de\/wp-content\/uploads\/2020\/05\/20200529_214548-2048x1152.jpg 2048w, https:\/\/4lv6.de\/wp-content\/uploads\/2020\/05\/20200529_214548-624x351.jpg 624w\" sizes=\"auto, (max-width: 625px) 100vw, 625px\" \/><\/a><figcaption id=\"caption-attachment-3786\" class=\"wp-caption-text\">fast leer in Braunschweig<\/figcaption><\/figure>\n<figure id=\"attachment_3788\" aria-describedby=\"caption-attachment-3788\" style=\"width: 625px\" class=\"wp-caption aligncenter\"><a href=\"https:\/\/4lv6.de\/wp-content\/uploads\/2020\/05\/20200529_214655-scaled.jpg\" rel=\"lightbox[3789]\"><img loading=\"lazy\" decoding=\"async\" src=\"https:\/\/4lv6.de\/wp-content\/uploads\/2020\/05\/20200529_214655-1024x576.jpg\" alt=\"\" width=\"625\" height=\"352\" class=\"size-large wp-image-3788\" srcset=\"https:\/\/4lv6.de\/wp-content\/uploads\/2020\/05\/20200529_214655-1024x576.jpg 1024w, https:\/\/4lv6.de\/wp-content\/uploads\/2020\/05\/20200529_214655-300x169.jpg 300w, https:\/\/4lv6.de\/wp-content\/uploads\/2020\/05\/20200529_214655-768x432.jpg 768w, https:\/\/4lv6.de\/wp-content\/uploads\/2020\/05\/20200529_214655-1536x864.jpg 1536w, https:\/\/4lv6.de\/wp-content\/uploads\/2020\/05\/20200529_214655-2048x1152.jpg 2048w, https:\/\/4lv6.de\/wp-content\/uploads\/2020\/05\/20200529_214655-624x351.jpg 624w\" sizes=\"auto, (max-width: 625px) 100vw, 625px\" \/><\/a><figcaption id=\"caption-attachment-3788\" class=\"wp-caption-text\">warum?<\/figcaption><\/figure>\n<p><strong>30.5.20<\/strong><br \/>\nNach einer ruhigen Nacht suche ich einen B\u00e4cker in der N\u00e4he, bis Tina meint: Geh doch einfach zur Aral nebenan. Es kann so einfach sein \ud83d\ude09 . Ein gem\u00fctliches Fr\u00fchst\u00fcck und noch schnell das Klo entsorgen. Aber wohin jetzt, hier bleiben wollen wir nicht. Wolfenb\u00fcttel ist nicht weit weg und soll auch einen Stellplatz haben. Also los.<\/p>\n<p><figure id=\"attachment_3784\" aria-describedby=\"caption-attachment-3784\" style=\"width: 625px\" class=\"wp-caption aligncenter\"><a href=\"https:\/\/4lv6.de\/wp-content\/uploads\/2020\/05\/20200530_102954-scaled.jpg\" rel=\"lightbox[3789]\"><img loading=\"lazy\" decoding=\"async\" src=\"https:\/\/4lv6.de\/wp-content\/uploads\/2020\/05\/20200530_102954-1024x576.jpg\" alt=\"\" width=\"625\" height=\"352\" class=\"size-large wp-image-3784\" srcset=\"https:\/\/4lv6.de\/wp-content\/uploads\/2020\/05\/20200530_102954-1024x576.jpg 1024w, https:\/\/4lv6.de\/wp-content\/uploads\/2020\/05\/20200530_102954-300x169.jpg 300w, https:\/\/4lv6.de\/wp-content\/uploads\/2020\/05\/20200530_102954-768x432.jpg 768w, https:\/\/4lv6.de\/wp-content\/uploads\/2020\/05\/20200530_102954-1536x864.jpg 1536w, https:\/\/4lv6.de\/wp-content\/uploads\/2020\/05\/20200530_102954-2048x1152.jpg 2048w, https:\/\/4lv6.de\/wp-content\/uploads\/2020\/05\/20200530_102954-624x351.jpg 624w\" sizes=\"auto, (max-width: 625px) 100vw, 625px\" \/><\/a><figcaption id=\"caption-attachment-3784\" class=\"wp-caption-text\">Vormittags sind wir fast allein.<\/figcaption><\/figure><br \/>\n<figure id=\"attachment_3783\" aria-describedby=\"caption-attachment-3783\" style=\"width: 625px\" class=\"wp-caption aligncenter\"><a href=\"https:\/\/4lv6.de\/wp-content\/uploads\/2020\/05\/20200530_110243-scaled.jpg\" rel=\"lightbox[3789]\"><img loading=\"lazy\" decoding=\"async\" src=\"https:\/\/4lv6.de\/wp-content\/uploads\/2020\/05\/20200530_110243-1024x576.jpg\" alt=\"\" width=\"625\" height=\"352\" class=\"size-large wp-image-3783\" srcset=\"https:\/\/4lv6.de\/wp-content\/uploads\/2020\/05\/20200530_110243-1024x576.jpg 1024w, https:\/\/4lv6.de\/wp-content\/uploads\/2020\/05\/20200530_110243-300x169.jpg 300w, https:\/\/4lv6.de\/wp-content\/uploads\/2020\/05\/20200530_110243-768x432.jpg 768w, https:\/\/4lv6.de\/wp-content\/uploads\/2020\/05\/20200530_110243-1536x864.jpg 1536w, https:\/\/4lv6.de\/wp-content\/uploads\/2020\/05\/20200530_110243-2048x1152.jpg 2048w, https:\/\/4lv6.de\/wp-content\/uploads\/2020\/05\/20200530_110243-624x351.jpg 624w\" sizes=\"auto, (max-width: 625px) 100vw, 625px\" \/><\/a><figcaption id=\"caption-attachment-3783\" class=\"wp-caption-text\">Mit Deckelhalter \ud83d\ude42<\/figcaption><\/figure><\/p>\n<p>Der Stellplatz in Wolfenb\u00fcttel hat ge\u00f6ffnet, aber jeder 2. Platz ist mit Flatterband abgesperrt. Weiter hinten ist noch ein sch\u00f6nes Pl\u00e4tzchen frei und den schnappen wir uns. Strom ist da, aber nicht zum Heizen sagt die Platzordnung. Bezahlen geht nicht, da Wochenende ist und das Schwimmbad geschlossen ist. Wir machen einen Briefumschlag mit dem Geld und Kontaktdaten fertig und schieben ihn unter der Foyert\u00fcr durch. Der Umschlag ist Sonntag auch nicht mehr da.<br \/>\n<figure id=\"attachment_3787\" aria-describedby=\"caption-attachment-3787\" style=\"width: 625px\" class=\"wp-caption aligncenter\"><a href=\"https:\/\/4lv6.de\/wp-content\/uploads\/2020\/05\/20200530_155548-scaled.jpg\" rel=\"lightbox[3789]\"><img loading=\"lazy\" decoding=\"async\" src=\"https:\/\/4lv6.de\/wp-content\/uploads\/2020\/05\/20200530_155548-1024x576.jpg\" alt=\"\" width=\"625\" height=\"352\" class=\"size-large wp-image-3787\" srcset=\"https:\/\/4lv6.de\/wp-content\/uploads\/2020\/05\/20200530_155548-1024x576.jpg 1024w, https:\/\/4lv6.de\/wp-content\/uploads\/2020\/05\/20200530_155548-300x169.jpg 300w, https:\/\/4lv6.de\/wp-content\/uploads\/2020\/05\/20200530_155548-768x432.jpg 768w, https:\/\/4lv6.de\/wp-content\/uploads\/2020\/05\/20200530_155548-1536x864.jpg 1536w, https:\/\/4lv6.de\/wp-content\/uploads\/2020\/05\/20200530_155548-2048x1152.jpg 2048w, https:\/\/4lv6.de\/wp-content\/uploads\/2020\/05\/20200530_155548-624x351.jpg 624w\" sizes=\"auto, (max-width: 625px) 100vw, 625px\" \/><\/a><figcaption id=\"caption-attachment-3787\" class=\"wp-caption-text\">Wolfenb\u00fcttel<\/figcaption><\/figure><\/p>\n<p>Danach faulenzen wir. Abends holen wir uns aus Wolfenb\u00fcttel mit dem Fahrrad eine sch\u00f6ne D\u00f6nerbox und gehen fr\u00fch schlafen.<\/p>\n<p><strong>31.5.20<\/strong><br \/>\nWir haben uns einen sch\u00f6nen Mystery-Cache herausgesucht, der uns anhand von Bildern Hausnummern in Wolfenb\u00fcttel suchen l\u00e4sst. Die Runde ist ca. 1,5 km lang. Wir laufen die Runde 3 Mal und es fehlen immer noch 2 Zuordnungen. Wir geben auf und finden auch keinen Griechen in Fahrrad-N\u00e4he. Also gibt es Lammr\u00fccken aus der Pfanne mit Salat.<\/p>\n<p><strong>1.6.20<\/strong><br \/>\nDas Wetter ist herrlich und wir beschliessen einen weiteren Cache anzugehen. Ist auch wieder eine Runde durch Wolfenb\u00fcttel. Dabei finden wir zuf\u00e4llig die gesuchten H\u00e4user von gestern. So k\u00f6nnen wir 2 Finals finden und loggen. Zum Mittag gibt es was vom China-Imbiss. Gegen 16 Uhr starten wir Richtung Heimat mit Autobahn-Vermeidung. Knapp 200 km sind wir doch gefahren.<br \/>\n<figure id=\"attachment_3799\" aria-describedby=\"caption-attachment-3799\" style=\"width: 625px\" class=\"wp-caption aligncenter\"><a href=\"https:\/\/4lv6.de\/wp-content\/uploads\/2020\/06\/20200602_091937-scaled.jpg\" rel=\"lightbox[3789]\"><img loading=\"lazy\" decoding=\"async\" src=\"https:\/\/4lv6.de\/wp-content\/uploads\/2020\/06\/20200602_091937-1024x576.jpg\" alt=\"\" width=\"625\" height=\"352\" class=\"size-large wp-image-3799\" srcset=\"https:\/\/4lv6.de\/wp-content\/uploads\/2020\/06\/20200602_091937-1024x576.jpg 1024w, https:\/\/4lv6.de\/wp-content\/uploads\/2020\/06\/20200602_091937-300x169.jpg 300w, https:\/\/4lv6.de\/wp-content\/uploads\/2020\/06\/20200602_091937-768x432.jpg 768w, https:\/\/4lv6.de\/wp-content\/uploads\/2020\/06\/20200602_091937-1536x864.jpg 1536w, https:\/\/4lv6.de\/wp-content\/uploads\/2020\/06\/20200602_091937-2048x1152.jpg 2048w, https:\/\/4lv6.de\/wp-content\/uploads\/2020\/06\/20200602_091937-624x351.jpg 624w\" sizes=\"auto, (max-width: 625px) 100vw, 625px\" \/><\/a><figcaption id=\"caption-attachment-3799\" class=\"wp-caption-text\">Der n\u00e4chste Morgen war beschi&#8230;.<\/figcaption><\/figure><\/p>\n","protected":false},"excerpt":{"rendered":"<p>29.5.20 Tina war noch Einkaufen, und wir laden vor der Haust\u00fcr schnell das Essen um. Eine kleine Tasche mit Klamotten ins Auto und dann los. Gegen 18 Uhr sind wir in Gifhorn am Stellplatz. Nur jeder 2. Platz ist zu belegen und der letzte Platz ist vermutlich vor 10 Minuten belegt worden. Pech gehabt. Sch\u00f6n &hellip; <a href=\"https:\/\/4lv6.de\/?page_id=3789\" class=\"more-link\"><span class=\"screen-reader-text\">Pfingsten &#8211; Braunschweig und Wolfenb\u00fcttel<\/span> weiterlesen<\/a><\/p>\n","protected":false},"author":6,"featured_media":0,"parent":387,"menu_order":0,"comment_status":"closed","ping_status":"closed","template":"","meta":{"footnotes":""},"class_list":["post-3789","page","type-page","status-publish","hentry"],"_links":{"self":[{"href":"https:\/\/4lv6.de\/index.php?rest_route=\/wp\/v2\/pages\/3789","targetHints":{"allow":["GET"]}}],"collection":[{"href":"https:\/\/4lv6.de\/index.php?rest_route=\/wp\/v2\/pages"}],"about":[{"href":"https:\/\/4lv6.de\/index.php?rest_route=\/wp\/v2\/types\/page"}],"author":[{"embeddable":true,"href":"https:\/\/4lv6.de\/index.php?rest_route=\/wp\/v2\/users\/6"}],"replies":[{"embeddable":true,"href":"https:\/\/4lv6.de\/index.php?rest_route=%2Fwp%2Fv2%2Fcomments&post=3789"}],"version-history":[{"count":9,"href":"https:\/\/4lv6.de\/index.php?rest_route=\/wp\/v2\/pages\/3789\/revisions"}],"predecessor-version":[{"id":3800,"href":"https:\/\/4lv6.de\/index.php?rest_route=\/wp\/v2\/pages\/3789\/revisions\/3800"}],"up":[{"embeddable":true,"href":"https:\/\/4lv6.de\/index.php?rest_route=\/wp\/v2\/pages\/387"}],"wp:attachment":[{"href":"https:\/\/4lv6.de\/index.php?rest_route=%2Fwp%2Fv2%2Fmedia&parent=3789"}],"curies":[{"name":"wp","href":"https:\/\/api.w.org\/{rel}","templated":true}]}}