{"id":389,"date":"2015-03-27T11:15:09","date_gmt":"2015-03-27T10:15:09","guid":{"rendered":"http:\/\/4lv6.dydn.org\/?page_id=389"},"modified":"2018-12-04T17:28:50","modified_gmt":"2018-12-04T16:28:50","slug":"ostern-2015","status":"publish","type":"page","link":"https:\/\/4lv6.de\/?page_id=389","title":{"rendered":"Ostern &#8211; S\u00fcdfrankreich, Vias-Plage"},"content":{"rendered":"<p>26.03.15 Wasser bef\u00fcllt und Mischbatterie in der Dusche tropft ;-( Schnell in den Baumarkt und Ersatz besorgen. Gibt es aber nicht, also eine Standard-Wasserhahn-Mischbatterie f\u00fcr 17 Euro gekauft und eingebaut. Dann gibt es halt keine Dusche, Hauptsache die Leitungen sind dicht.<\/p>\n<p>28.03.15 Start p\u00fcnktlich um 8:00 Uhr, KM 97023<\/p>\n<p>18:15 Ankunft in Freiburg auf dem Stellplatz. Ich bin total verbl\u00fcfft, wie voll es hier ist. Wir ergattern noch einen sch\u00f6nes Pl\u00e4tzchen am Rand und ich gehe bezahlen. Berechnet wird nach Markierungsfarben. Wir haben f\u00fcr 10 Euro inkl. Ver- und Entsorgung eine total ruhige Nacht.<\/p>\n<p>29.3.15 9:00 Abfahrt<\/p>\n<p>Den ganzen Tag regnet es in Str\u00f6men und es passiert gar nichts besonderes. Mittags werde ich tierisch m\u00fcde und wir machen eine lange Pause, Auch ein Nickerchen ist drin. Larissa m\u00f6chte, dass wir \u00f6fter mal mittags solche Pausen einlegen.<\/p>\n<p>18:00 Ankunft in Touron sur Rhone 26 Euro<\/p>\n<figure id=\"attachment_408\" aria-describedby=\"caption-attachment-408\" style=\"width: 300px\" class=\"wp-caption aligncenter\"><a href=\"https:\/\/4lv6.de\/wp-content\/uploads\/fahrten\/2015\/ostern-2015\/DSC_0148.jpg\" rel=\"lightbox[389]\"><img loading=\"lazy\" decoding=\"async\" class=\"size-medium wp-image-408\" src=\"https:\/\/4lv6.de\/wp-content\/uploads\/fahrten\/2015\/ostern-2015\/DSC_0148-300x225.jpg\" alt=\"DSC_0148\" width=\"300\" height=\"225\" srcset=\"https:\/\/4lv6.de\/wp-content\/uploads\/fahrten\/2015\/ostern-2015\/DSC_0148-300x225.jpg 300w, https:\/\/4lv6.de\/wp-content\/uploads\/fahrten\/2015\/ostern-2015\/DSC_0148-1024x768.jpg 1024w, https:\/\/4lv6.de\/wp-content\/uploads\/fahrten\/2015\/ostern-2015\/DSC_0148-624x468.jpg 624w\" sizes=\"auto, (max-width: 300px) 100vw, 300px\" \/><\/a><figcaption id=\"caption-attachment-408\" class=\"wp-caption-text\">direkt an der Rhone<\/figcaption><\/figure>\n<p>Auf den Platz wollten wir eigentlich gar nicht, aber den gesuchten Platz haben wir nicht gefunden. Direkt neben dem Campingplatz ist gerade Kirmes und das lautes &#8222;humpta humpta&#8220; verdirbt mir die Laune. Gl\u00fccklicherweise machen sie aber um 20 Uhr Feierabend und die Ruhe wird nur noch von ein paar Schiffen auf der Rhone unterbrochen. \u00a0Abends gehe ich mit Dominik los, um einen Cache zu finden, aber alles voll mit Muggeln, Wir suchen noch die Hauptstrasse nach einem B\u00e4cker ab. Direkt am CP finden wir einen. Es nieselt noch die ganze Nacht.<\/p>\n<p>30.3.15<\/p>\n<p>Die gestern entdeckte B\u00e4ckerei hat leider zu, also ganz normales Fr\u00fchst\u00fcck mit Toast und Eiern. Ein langer Tag auf der Autobahn, Kurz hinter Lyon mal wieder Tanken. Ich an die LKW-S\u00e4ule und nichts passiert. Das erste Mal in Europa muss ich vorher meine Kreditkarte an der Kasse hinterlegen, damit die Pumpe freigeschaltet wird.<\/p>\n<figure id=\"attachment_439\" aria-describedby=\"caption-attachment-439\" style=\"width: 300px\" class=\"wp-caption aligncenter\"><a href=\"https:\/\/4lv6.de\/wp-content\/uploads\/fahrten\/2015\/ostern-2015\/IMG_20150330_114415954.jpg\" rel=\"lightbox[389]\"><img loading=\"lazy\" decoding=\"async\" class=\"size-medium wp-image-439\" src=\"https:\/\/4lv6.de\/wp-content\/uploads\/fahrten\/2015\/ostern-2015\/IMG_20150330_114415954-300x168.jpg\" alt=\"Mittagspause in der Sonne\" width=\"300\" height=\"168\" srcset=\"https:\/\/4lv6.de\/wp-content\/uploads\/fahrten\/2015\/ostern-2015\/IMG_20150330_114415954-300x168.jpg 300w, https:\/\/4lv6.de\/wp-content\/uploads\/fahrten\/2015\/ostern-2015\/IMG_20150330_114415954-1024x575.jpg 1024w, https:\/\/4lv6.de\/wp-content\/uploads\/fahrten\/2015\/ostern-2015\/IMG_20150330_114415954-624x350.jpg 624w\" sizes=\"auto, (max-width: 300px) 100vw, 300px\" \/><\/a><figcaption id=\"caption-attachment-439\" class=\"wp-caption-text\">Mittagspause in der Sonne<\/figcaption><\/figure>\n<p>Ankunft um 15 Uhr, KM 98466, am Campingplatz Mediterran\u00e9 in Vias-Plage, vorher noch bei Lidl eingekauft, so dass wir in Ruhe ein paar Tage uns hier nicht mehr fortbewegen m\u00fcssen.<\/p>\n<figure id=\"attachment_417\" aria-describedby=\"caption-attachment-417\" style=\"width: 300px\" class=\"wp-caption aligncenter\"><a href=\"https:\/\/4lv6.de\/wp-content\/uploads\/fahrten\/2015\/ostern-2015\/DSC_0156.jpg\" rel=\"lightbox[389]\"><img loading=\"lazy\" decoding=\"async\" class=\"size-medium wp-image-417\" title=\"Leerer Platz\" src=\"https:\/\/4lv6.de\/wp-content\/uploads\/fahrten\/2015\/ostern-2015\/DSC_0156-300x225.jpg\" alt=\"DSC_0156\" width=\"300\" height=\"225\" srcset=\"https:\/\/4lv6.de\/wp-content\/uploads\/fahrten\/2015\/ostern-2015\/DSC_0156-300x225.jpg 300w, https:\/\/4lv6.de\/wp-content\/uploads\/fahrten\/2015\/ostern-2015\/DSC_0156-1024x768.jpg 1024w, https:\/\/4lv6.de\/wp-content\/uploads\/fahrten\/2015\/ostern-2015\/DSC_0156-624x468.jpg 624w\" sizes=\"auto, (max-width: 300px) 100vw, 300px\" \/><\/a><figcaption id=\"caption-attachment-417\" class=\"wp-caption-text\">war schwer ein sch\u00f6nes Pl\u00e4tzchen zu ergattern<\/figcaption><\/figure>\n<p>&nbsp;<\/p>\n<p>2.4.15 Ich werde um 8 Uhr vom Rattern der Planierraupe wach, die ackern an diesem Tag dann tats\u00e4chlich bis 24 Uhr ununterbrochen mit Strandbeleuchtung weiter.<\/p>\n<figure id=\"attachment_435\" aria-describedby=\"caption-attachment-435\" style=\"width: 300px\" class=\"wp-caption aligncenter\"><a href=\"https:\/\/4lv6.de\/wp-content\/uploads\/fahrten\/2015\/ostern-2015\/DSC_0161.jpg\" rel=\"lightbox[389]\"><img loading=\"lazy\" decoding=\"async\" class=\"size-medium wp-image-435\" src=\"https:\/\/4lv6.de\/wp-content\/uploads\/fahrten\/2015\/ostern-2015\/DSC_0161-300x225.jpg\" alt=\"Unser Platz 31\" width=\"300\" height=\"225\" srcset=\"https:\/\/4lv6.de\/wp-content\/uploads\/fahrten\/2015\/ostern-2015\/DSC_0161-300x225.jpg 300w, https:\/\/4lv6.de\/wp-content\/uploads\/fahrten\/2015\/ostern-2015\/DSC_0161-1024x768.jpg 1024w, https:\/\/4lv6.de\/wp-content\/uploads\/fahrten\/2015\/ostern-2015\/DSC_0161-624x468.jpg 624w\" sizes=\"auto, (max-width: 300px) 100vw, 300px\" \/><\/a><figcaption id=\"caption-attachment-435\" class=\"wp-caption-text\">Unser Platz 31<\/figcaption><\/figure>\n<p>F\u00fcr 23,50 Euro am Tag in der Vorsaison noch relativ g\u00fcnstig. Leider war der Strand vor Platz im Umbau, so dass man nur die angrenzenden Strandteile nutzen konnte. Hielt aber Dominik nicht davon ab, mit dem Nato-Klappspaten am Strand zu buddeln. Es hat keinen Tropfen geregnet, Sonnenbrand hatten wir alle. Der Wind war unangenehm k\u00fchl bei 13\u00b0-18\u00b0, nachts hatten wir zum teil Temperaturen von 7\u00b0 Celsius.<\/p>\n<p style=\"text-align: center;\"><a href=\"https:\/\/4lv6.de\/wp-content\/uploads\/fahrten\/2015\/ostern-2015\/IMG_20150331_201630405.jpg\" target=\"_blank\"  rel=\"lightbox[389] noopener\"><img loading=\"lazy\" decoding=\"async\" class=\"aligncenter size-medium wp-image-446\" src=\"https:\/\/4lv6.de\/wp-content\/uploads\/fahrten\/2015\/ostern-2015\/IMG_20150331_201630405-300x168.jpg\" alt=\"IMG_20150331_201630405\" width=\"300\" height=\"168\" srcset=\"https:\/\/4lv6.de\/wp-content\/uploads\/fahrten\/2015\/ostern-2015\/IMG_20150331_201630405-300x168.jpg 300w, https:\/\/4lv6.de\/wp-content\/uploads\/fahrten\/2015\/ostern-2015\/IMG_20150331_201630405-1024x575.jpg 1024w, https:\/\/4lv6.de\/wp-content\/uploads\/fahrten\/2015\/ostern-2015\/IMG_20150331_201630405-624x350.jpg 624w\" sizes=\"auto, (max-width: 300px) 100vw, 300px\" \/><\/a> <a href=\"https:\/\/4lv6.de\/wp-content\/uploads\/fahrten\/2015\/ostern-2015\/IMG_20150406_195606157.jpg\" target=\"_blank\"  rel=\"lightbox[389] noopener\"><img loading=\"lazy\" decoding=\"async\" class=\"aligncenter size-medium wp-image-447\" src=\"https:\/\/4lv6.de\/wp-content\/uploads\/fahrten\/2015\/ostern-2015\/IMG_20150406_195606157-300x168.jpg\" alt=\"IMG_20150406_195606157\" width=\"300\" height=\"168\" srcset=\"https:\/\/4lv6.de\/wp-content\/uploads\/fahrten\/2015\/ostern-2015\/IMG_20150406_195606157-300x168.jpg 300w, https:\/\/4lv6.de\/wp-content\/uploads\/fahrten\/2015\/ostern-2015\/IMG_20150406_195606157-1024x575.jpg 1024w, https:\/\/4lv6.de\/wp-content\/uploads\/fahrten\/2015\/ostern-2015\/IMG_20150406_195606157-624x350.jpg 624w\" sizes=\"auto, (max-width: 300px) 100vw, 300px\" \/><\/a> <a href=\"https:\/\/4lv6.de\/wp-content\/uploads\/fahrten\/2015\/ostern-2015\/IMG_20150331_201527572.jpg\" target=\"_blank\"  rel=\"lightbox[389] noopener\"><img loading=\"lazy\" decoding=\"async\" class=\"aligncenter size-medium wp-image-445\" src=\"https:\/\/4lv6.de\/wp-content\/uploads\/fahrten\/2015\/ostern-2015\/IMG_20150331_201527572-300x168.jpg\" alt=\"IMG_20150331_201527572\" width=\"300\" height=\"168\" srcset=\"https:\/\/4lv6.de\/wp-content\/uploads\/fahrten\/2015\/ostern-2015\/IMG_20150331_201527572-300x168.jpg 300w, https:\/\/4lv6.de\/wp-content\/uploads\/fahrten\/2015\/ostern-2015\/IMG_20150331_201527572-1024x575.jpg 1024w, https:\/\/4lv6.de\/wp-content\/uploads\/fahrten\/2015\/ostern-2015\/IMG_20150331_201527572-624x350.jpg 624w\" sizes=\"auto, (max-width: 300px) 100vw, 300px\" \/><\/a> <a href=\"https:\/\/4lv6.de\/wp-content\/uploads\/fahrten\/2015\/ostern-2015\/IMG_20150331_201218486.jpg\" target=\"_blank\"  rel=\"lightbox[389] noopener\"><img loading=\"lazy\" decoding=\"async\" class=\"aligncenter size-medium wp-image-444\" src=\"https:\/\/4lv6.de\/wp-content\/uploads\/fahrten\/2015\/ostern-2015\/IMG_20150331_201218486-300x168.jpg\" alt=\"IMG_20150331_201218486\" width=\"300\" height=\"168\" srcset=\"https:\/\/4lv6.de\/wp-content\/uploads\/fahrten\/2015\/ostern-2015\/IMG_20150331_201218486-300x168.jpg 300w, https:\/\/4lv6.de\/wp-content\/uploads\/fahrten\/2015\/ostern-2015\/IMG_20150331_201218486-1024x575.jpg 1024w, https:\/\/4lv6.de\/wp-content\/uploads\/fahrten\/2015\/ostern-2015\/IMG_20150331_201218486-624x350.jpg 624w\" sizes=\"auto, (max-width: 300px) 100vw, 300px\" \/><\/a> <a href=\"https:\/\/4lv6.de\/wp-content\/uploads\/fahrten\/2015\/ostern-2015\/IMG_20150331_200604876_HDR.jpg\" target=\"_blank\"  rel=\"lightbox[389] noopener\"><img loading=\"lazy\" decoding=\"async\" class=\"aligncenter size-medium wp-image-443\" src=\"https:\/\/4lv6.de\/wp-content\/uploads\/fahrten\/2015\/ostern-2015\/IMG_20150331_200604876_HDR-300x168.jpg\" alt=\"IMG_20150331_200604876_HDR\" width=\"300\" height=\"168\" srcset=\"https:\/\/4lv6.de\/wp-content\/uploads\/fahrten\/2015\/ostern-2015\/IMG_20150331_200604876_HDR-300x168.jpg 300w, https:\/\/4lv6.de\/wp-content\/uploads\/fahrten\/2015\/ostern-2015\/IMG_20150331_200604876_HDR-1024x575.jpg 1024w, https:\/\/4lv6.de\/wp-content\/uploads\/fahrten\/2015\/ostern-2015\/IMG_20150331_200604876_HDR-624x350.jpg 624w\" sizes=\"auto, (max-width: 300px) 100vw, 300px\" \/><\/a> <a href=\"https:\/\/4lv6.de\/wp-content\/uploads\/fahrten\/2015\/ostern-2015\/IMG_20150330_195046209.jpg\" target=\"_blank\"  rel=\"lightbox[389] noopener\"><img loading=\"lazy\" decoding=\"async\" class=\"aligncenter size-medium wp-image-442\" src=\"https:\/\/4lv6.de\/wp-content\/uploads\/fahrten\/2015\/ostern-2015\/IMG_20150330_195046209-300x168.jpg\" alt=\"IMG_20150330_195046209\" width=\"300\" height=\"168\" srcset=\"https:\/\/4lv6.de\/wp-content\/uploads\/fahrten\/2015\/ostern-2015\/IMG_20150330_195046209-300x168.jpg 300w, https:\/\/4lv6.de\/wp-content\/uploads\/fahrten\/2015\/ostern-2015\/IMG_20150330_195046209-1024x575.jpg 1024w, https:\/\/4lv6.de\/wp-content\/uploads\/fahrten\/2015\/ostern-2015\/IMG_20150330_195046209-624x350.jpg 624w\" sizes=\"auto, (max-width: 300px) 100vw, 300px\" \/><\/a> <a href=\"https:\/\/4lv6.de\/wp-content\/uploads\/fahrten\/2015\/ostern-2015\/IMG_20150330_193608465.jpg\" target=\"_blank\"  rel=\"lightbox[389] noopener\"><img loading=\"lazy\" decoding=\"async\" class=\"aligncenter size-medium wp-image-441\" src=\"https:\/\/4lv6.de\/wp-content\/uploads\/fahrten\/2015\/ostern-2015\/IMG_20150330_193608465-300x168.jpg\" alt=\"IMG_20150330_193608465\" width=\"300\" height=\"168\" srcset=\"https:\/\/4lv6.de\/wp-content\/uploads\/fahrten\/2015\/ostern-2015\/IMG_20150330_193608465-300x168.jpg 300w, https:\/\/4lv6.de\/wp-content\/uploads\/fahrten\/2015\/ostern-2015\/IMG_20150330_193608465-1024x575.jpg 1024w, https:\/\/4lv6.de\/wp-content\/uploads\/fahrten\/2015\/ostern-2015\/IMG_20150330_193608465-624x350.jpg 624w\" sizes=\"auto, (max-width: 300px) 100vw, 300px\" \/><\/a> <a href=\"https:\/\/4lv6.de\/wp-content\/uploads\/fahrten\/2015\/ostern-2015\/IMG_20150330_193225234.jpg\" target=\"_blank\"  rel=\"lightbox[389] noopener\"><img loading=\"lazy\" decoding=\"async\" class=\"aligncenter size-medium wp-image-440\" src=\"https:\/\/4lv6.de\/wp-content\/uploads\/fahrten\/2015\/ostern-2015\/IMG_20150330_193225234-168x300.jpg\" alt=\"IMG_20150330_193225234\" width=\"168\" height=\"300\" srcset=\"https:\/\/4lv6.de\/wp-content\/uploads\/fahrten\/2015\/ostern-2015\/IMG_20150330_193225234-168x300.jpg 168w, https:\/\/4lv6.de\/wp-content\/uploads\/fahrten\/2015\/ostern-2015\/IMG_20150330_193225234-575x1024.jpg 575w, https:\/\/4lv6.de\/wp-content\/uploads\/fahrten\/2015\/ostern-2015\/IMG_20150330_193225234-624x1110.jpg 624w, https:\/\/4lv6.de\/wp-content\/uploads\/fahrten\/2015\/ostern-2015\/IMG_20150330_193225234.jpg 1456w\" sizes=\"auto, (max-width: 168px) 100vw, 168px\" \/><\/a><\/p>\n<p>7.4.15 Abfahrt um 9 Uhr, \u00a0KM 98499<\/p>\n<p>\u00dcbernachtung auf dem &#8222;Camping les Ripettes&#8220;, ca, 25 von Macon entfernt. Hier gibt es Parzellen, die riesig sind, zum Teil ca. 400 m\u00b2. Der Untergrund ist aber noch so weich, dass wir besser auf dem Zufahrtsweg \u00fcbernachten:<\/p>\n<figure id=\"attachment_424\" aria-describedby=\"caption-attachment-424\" style=\"width: 300px\" class=\"wp-caption aligncenter\"><a href=\"https:\/\/4lv6.de\/wp-content\/uploads\/fahrten\/2015\/ostern-2015\/DSC_0164.jpg\" rel=\"lightbox[389]\"><img loading=\"lazy\" decoding=\"async\" class=\"size-medium wp-image-424\" src=\"https:\/\/4lv6.de\/wp-content\/uploads\/fahrten\/2015\/ostern-2015\/DSC_0164-300x225.jpg\" alt=\"Camping les Ripettes\" width=\"300\" height=\"225\" srcset=\"https:\/\/4lv6.de\/wp-content\/uploads\/fahrten\/2015\/ostern-2015\/DSC_0164-300x225.jpg 300w, https:\/\/4lv6.de\/wp-content\/uploads\/fahrten\/2015\/ostern-2015\/DSC_0164-1024x768.jpg 1024w, https:\/\/4lv6.de\/wp-content\/uploads\/fahrten\/2015\/ostern-2015\/DSC_0164-624x468.jpg 624w\" sizes=\"auto, (max-width: 300px) 100vw, 300px\" \/><\/a><figcaption id=\"caption-attachment-424\" class=\"wp-caption-text\">Camping les Ripettes<\/figcaption><\/figure>\n<p>In der Nacht hat man von der Landstrasse nichts mehr geh\u00f6rt, Am n\u00e4chsten Morgen habe ich f\u00fcr die \u00dcbernachtung 30 Euro bezahlt. Ein liebevoll gepflegter Platz, den wir mit einem niederl\u00e4ndischem Wohnwagengespann geteilt haben. Nicht die Parzelle, sondern den gesamten Campingplatz.<\/p>\n<p>8.4.15 Abfahrt heute mal etwas sp\u00e4ter<\/p>\n<p>Gefahren sind wir diesmal \u00fcber Luxemburg Richtung Trier, um an der Mosel zu \u00fcbernachten. Diesel wurde immer weniger im Tank, und an der Mosel war lange keine Tanke zu finden. Irgendwann hatten wir endlich den Tank wieder voll und wir konnten in Ruhe einen Stellplatz suchen. Gelandet sind auf dem Stellplatz Wintrich. Schranke mit Parkkarte, auf der der Code f\u00fcr die Duschkabine und das kostenlose WLan steht. Das Ganze f\u00fcr 9 Euro inkl. Strom. Ab und zu ein Schiff, aber kaum h\u00f6rbar. Die Bahnlinie entlang der Mosel war hier nicht.<\/p>\n<p>&nbsp;<\/p>\n<figure id=\"attachment_425\" aria-describedby=\"caption-attachment-425\" style=\"width: 300px\" class=\"wp-caption aligncenter\"><a href=\"https:\/\/4lv6.de\/wp-content\/uploads\/fahrten\/2015\/ostern-2015\/DSC_0166.jpg\" rel=\"lightbox[389]\"><img loading=\"lazy\" decoding=\"async\" class=\"size-medium wp-image-425 \" src=\"https:\/\/4lv6.de\/wp-content\/uploads\/fahrten\/2015\/ostern-2015\/DSC_0166-300x225.jpg\" alt=\"Stellplatz Wintrich an der Mosel\" width=\"300\" height=\"225\" \/><\/a><figcaption id=\"caption-attachment-425\" class=\"wp-caption-text\">Stellplatz Wintrich an der Mosel<\/figcaption><\/figure>\n<p>9.4.15 Ankunft in Hannover um 18 Uhr, KM 99955, insgesamt 2932 km, ca. 200 Euro Mautkosten in Frankreich (Klasse 2, unter 3 m H\u00f6he)<\/p>\n<p>&nbsp;<\/p>\n","protected":false},"excerpt":{"rendered":"<p>26.03.15 Wasser bef\u00fcllt und Mischbatterie in der Dusche tropft ;-( Schnell in den Baumarkt und Ersatz besorgen. Gibt es aber nicht, also eine Standard-Wasserhahn-Mischbatterie f\u00fcr 17 Euro gekauft und eingebaut. Dann gibt es halt keine Dusche, Hauptsache die Leitungen sind dicht. 28.03.15 Start p\u00fcnktlich um 8:00 Uhr, KM 97023 18:15 Ankunft in Freiburg auf dem &hellip; <a href=\"https:\/\/4lv6.de\/?page_id=389\" class=\"more-link\"><span class=\"screen-reader-text\">Ostern &#8211; S\u00fcdfrankreich, Vias-Plage<\/span> weiterlesen<\/a><\/p>\n","protected":false},"author":6,"featured_media":0,"parent":387,"menu_order":0,"comment_status":"closed","ping_status":"closed","template":"","meta":{"footnotes":""},"class_list":["post-389","page","type-page","status-publish","hentry"],"_links":{"self":[{"href":"https:\/\/4lv6.de\/index.php?rest_route=\/wp\/v2\/pages\/389","targetHints":{"allow":["GET"]}}],"collection":[{"href":"https:\/\/4lv6.de\/index.php?rest_route=\/wp\/v2\/pages"}],"about":[{"href":"https:\/\/4lv6.de\/index.php?rest_route=\/wp\/v2\/types\/page"}],"author":[{"embeddable":true,"href":"https:\/\/4lv6.de\/index.php?rest_route=\/wp\/v2\/users\/6"}],"replies":[{"embeddable":true,"href":"https:\/\/4lv6.de\/index.php?rest_route=%2Fwp%2Fv2%2Fcomments&post=389"}],"version-history":[{"count":39,"href":"https:\/\/4lv6.de\/index.php?rest_route=\/wp\/v2\/pages\/389\/revisions"}],"predecessor-version":[{"id":2986,"href":"https:\/\/4lv6.de\/index.php?rest_route=\/wp\/v2\/pages\/389\/revisions\/2986"}],"up":[{"embeddable":true,"href":"https:\/\/4lv6.de\/index.php?rest_route=\/wp\/v2\/pages\/387"}],"wp:attachment":[{"href":"https:\/\/4lv6.de\/index.php?rest_route=%2Fwp%2Fv2%2Fmedia&parent=389"}],"curies":[{"name":"wp","href":"https:\/\/api.w.org\/{rel}","templated":true}]}}