

{"id":5265,"date":"2022-10-21T10:56:43","date_gmt":"2022-10-21T09:56:43","guid":{"rendered":"http:\/\/4lv6.dydn.org\/?page_id=5265"},"modified":"2022-11-02T10:15:53","modified_gmt":"2022-11-02T09:15:53","slug":"herbst-2022","status":"publish","type":"page","link":"https:\/\/4lv6.de\/?page_id=5265","title":{"rendered":"Herbst &#8211; L\u00fcneburger Heide"},"content":{"rendered":"<p><!--more--><\/p>\n<p>\n        <div id=\"map_ol3js_1\"\n             class=\"map undefined\"\n             data-map_name=\"undefined\"\n             data-map=\"map_ol3js_1\"\n             style=\"width:100%;\n                    max-width:100%;\n                    height:600px;\n                    display:block;\n                    overflow:hidden;\n                    border:2px solid grey;\">\n          <div id=\"map_ol3js_1_popup\" class=\"ol-popup\">\n            <a href=\"#\" id=\"map_ol3js_1_popup-closer\" class=\"ol-popup-closer\"><\/a>\n            <div id=\"map_ol3js_1_popup-content\"><\/div>\n          <\/div>\n        <\/div>\n    \n\n\t\t\t\t<script type=\"text\/javascript\">\n\t\t\t\t\ttranslations['openlayer'] = \"open layer\";\n\t\t\t\t\ttranslations['openlayerAtStartup'] = \"open layer at startup\";\n\t\t\t\t\ttranslations['generateLink'] = \"Der Link zur Karte mit ausgew\u00e4hlten Overlays und angezeigtem Ausschnitt\";\n\t\t\t\t\ttranslations['shortDescription'] = \"Kurzbeschreibung\";\n\t\t\t\t\ttranslations['generatedShortCode'] = \"to get a text control link paste this code in your wordpress editor\";\n\t\t\t\t\ttranslations['closeLayer'] = \"close layer\";\n\t\t\t\t\ttranslations['cantGenerateLink'] = \"put this string in the existing map short code to control this map\";\n\t\t\t  <\/script>\n\n\n\t\t\t  <script type=\"text\/javascript\">\n\t\t\t  vectorM['map_ol3js_1'] = [];\n\t        \n        var raster = getTileLayer(\"opentopomap\",\"NoKey\");\t\t\t\n\n\t\t\t  var map_ol3js_1 = new ol.Map({\n\t\t\t\tinteractions: ol.interaction.defaults.defaults({mouseWheelZoom:false}),\n\t\t\t\tlayers: [raster],\n\t\t\t\ttarget: \"map_ol3js_1\",\n\t\t\t\tview: new ol.View({\n\t\t\t\t  center: ol.proj.transform([10.2,52.8], \"EPSG:4326\", \"EPSG:3857\"),\n\t\t\t\t  zoom: 8.0\n\t\t\t\t})\n\t\t\t  });\n\t\t\t  \n    var style0 = {\n      \"Point\": [new ol.style.Style({\n\n          image: new ol.style.Icon({\n            anchor: [0.5, 41],\n            anchorXUnits: \"fraction\",\n            anchorYUnits: \"pixels\",\n            opacity: 0.75,\n            src: \"https:\/\/4lv6.de\/wp-content\/plugins\/osm\/icons\/mic_blue_pinother_02.png\"\n          })\n      })],\n\n      \"LineString\": [new ol.style.Style({\n        stroke: new ol.style.Stroke({\n          color: \"blue\",\n          width: 8\n        })\n      })],\n      \"MultiLineString\": [new ol.style.Style({\n        stroke: new ol.style.Stroke({\n          color: \"blue\",\n          width: 4\n        })\n      })]\n    };\n\t\t  var vectorL0 = new ol.layer.Vector({\n\t\t\t\tsource: new ol.source.Vector({\n\t\t\t\turl:\"..\/..\/..\/..\/wp-content\/uploads\/fahrten\/2022\/herbst\/route.gpx\",\n\t\t\t\tformat: new ol.format.GPX({\n\t\t\t\t\textractStyles: false\n\t\t\t\t})\n\t\t\t}),\n\t\t\tzIndex: 92,\n\t\t\tstyle: function(feature, resolution) {return style0[feature.getGeometry().getType()];}\n\t\t  });\n\t\t  map_ol3js_1.addLayer(vectorL0);\n    var style1 = {\n      \"Point\": [new ol.style.Style({\n\n          image: new ol.style.Icon({\n            anchor: [0.5, 41],\n            anchorXUnits: \"fraction\",\n            anchorYUnits: \"pixels\",\n            opacity: 0.75,\n            src: \"https:\/\/4lv6.de\/wp-content\/plugins\/osm\/icons\/mic_blue_pinother_02.png\"\n          })\n      })],\n\n      \"LineString\": [new ol.style.Style({\n        stroke: new ol.style.Stroke({\n          color: \"blue\",\n          width: 8\n        })\n      })],\n      \"MultiLineString\": [new ol.style.Style({\n        stroke: new ol.style.Stroke({\n          color: \"blue\",\n          width: 4\n        })\n      })]\n    };\n\t\t  vectorL1 = new ol.layer.Vector({\n\n\t\t\tsource: new ol.source.Vector({\n\t\t  url:\"..\/..\/..\/..\/wp-content\/uploads\/fahrten\/2022\/herbstmarker.kml\",\n\t\t\t  format: new ol.format.KML({ showPointNames: false})\n\t\t\t}),\n         zIndex: 92\n\t\t  });map_ol3js_1.addLayer(vectorL1);addControls2Map(map_ol3js_1,1,0,3,1,5,6,7,1,1);\nosm_addPopupClickhandler(map_ol3js_1,  \"map_ol3js_1\"); \nosm_addMouseHover(map_ol3js_1); <\/script><br \/>\n<!-- file_select_box=\"one\" --><br \/>\n<em>Den Track erzeuge ich automatisch, wenn ich Owntracks w\u00e4hrend der Fahrt laufen lasse, vergesse ich manchmal \ud83d\ude09 . Die Pl\u00e4tze mache mit dem Notebook per ssh, mit dem Handy ist das zu m\u00fchsam (ssh). <\/em><\/p>\n<p><strong><a href=\"http:\/\/4lv6.dydn.org:8083\/last\/index.html\" target=\"_blank\" rel=\"noopener\">Unsere aktuelle Position<\/a><\/strong><\/p>\n<p><a name=\"2022-10-21\"><\/a><strong>21.10. &#8211; 22.10.22 Abbensen <\/strong> (Start bei ??? km)<br \/>\nEin wenig in der H\u00fctte gebaut.<\/p>\n<p><a name=\"2023-10-21\"><\/a><strong>23.10.22 Hamburg<\/strong><br \/>\nKurz nach 14 Uhr erreichen wir den Wohnmobilhafen an der S\u00fcderstrasse. Hier ist relativ viel los. Nach einem Schl\u00e4fchen geht es mit dem Fahrrad in die Speicherstadt. An der 2. Station eines Labcaches verzweifeln wir an der L\u00f6sung und g\u00f6nnen uns im Fleetschl\u00f6sschen Backfisch mit Pommes. Sehr lecker! Danach noch 3 Stunden ins MiWuLa.<\/p>\n<p><a name=\"2022-10-24\"><\/a><strong>24.10.22 Westergellersen<\/strong><br \/>\nIrgendwie wachen wir ger\u00e4dert auf, die Hochbahn, die Baustelle direkt nebenan und die Bundesstrasse sind sehr laut. Tina findet auf Maps einen ruhigen Stellplatz bei Salzhausen. Alles ist schnell zusammen gepackt und die V\/E ist fix erledigt.<br \/>\nGegen 12 Uhr kommen wir am Stellplatz bei Westergellersen an, f\u00fcr 10 Euro, 4 f\u00fcr Strom und 2 f\u00fcr Dusche und Toilette steht man auf Rasen ruhig am Waldrand. Nach dem Essen geht es in 10 km Entfernung auf eine 11 Dosen-Cachetour mit dem Rad durch den Wald. Um 17 Uhr sind wir wieder am Womo, rechtzeitig vorm Regen.<\/p>\n<figure id=\"attachment_5269\" aria-describedby=\"caption-attachment-5269\" style=\"width: 660px\" class=\"wp-caption aligncenter\"><a href=\"https:\/\/4lv6.de\/wp-content\/uploads\/2022\/10\/IMG_20221024_121250-scaled.jpg\" rel=\"lightbox[5265]\"><img loading=\"lazy\" decoding=\"async\" class=\"size-large wp-image-5269\" src=\"https:\/\/4lv6.de\/wp-content\/uploads\/2022\/10\/IMG_20221024_121250-1024x575.jpg\" alt=\"\" width=\"660\" height=\"371\" srcset=\"https:\/\/4lv6.de\/wp-content\/uploads\/2022\/10\/IMG_20221024_121250-1024x575.jpg 1024w, https:\/\/4lv6.de\/wp-content\/uploads\/2022\/10\/IMG_20221024_121250-300x169.jpg 300w, https:\/\/4lv6.de\/wp-content\/uploads\/2022\/10\/IMG_20221024_121250-768x432.jpg 768w, https:\/\/4lv6.de\/wp-content\/uploads\/2022\/10\/IMG_20221024_121250-1536x863.jpg 1536w, https:\/\/4lv6.de\/wp-content\/uploads\/2022\/10\/IMG_20221024_121250-2048x1151.jpg 2048w\" sizes=\"auto, (max-width: 660px) 100vw, 660px\" \/><\/a><figcaption id=\"caption-attachment-5269\" class=\"wp-caption-text\">Abends waren es noch 2 mehr<\/figcaption><\/figure>\n<p><a href=\"https:\/\/4lv6.de\/wp-content\/uploads\/2022\/10\/IMG_20221024_121307-scaled.jpg\" rel=\"lightbox[5265]\"><img loading=\"lazy\" decoding=\"async\" class=\"aligncenter size-large wp-image-5268\" src=\"https:\/\/4lv6.de\/wp-content\/uploads\/2022\/10\/IMG_20221024_121307-1024x575.jpg\" alt=\"\" width=\"660\" height=\"371\" srcset=\"https:\/\/4lv6.de\/wp-content\/uploads\/2022\/10\/IMG_20221024_121307-1024x575.jpg 1024w, https:\/\/4lv6.de\/wp-content\/uploads\/2022\/10\/IMG_20221024_121307-300x169.jpg 300w, https:\/\/4lv6.de\/wp-content\/uploads\/2022\/10\/IMG_20221024_121307-768x432.jpg 768w, https:\/\/4lv6.de\/wp-content\/uploads\/2022\/10\/IMG_20221024_121307-1536x863.jpg 1536w, https:\/\/4lv6.de\/wp-content\/uploads\/2022\/10\/IMG_20221024_121307-2048x1151.jpg 2048w\" sizes=\"auto, (max-width: 660px) 100vw, 660px\" \/><\/a><\/p>\n<figure id=\"attachment_5281\" aria-describedby=\"caption-attachment-5281\" style=\"width: 660px\" class=\"wp-caption aligncenter\"><a href=\"https:\/\/4lv6.de\/wp-content\/uploads\/2022\/10\/IMG_20221025_215756-scaled.jpg\" rel=\"lightbox[5265]\"><img loading=\"lazy\" decoding=\"async\" class=\"size-large wp-image-5281\" src=\"https:\/\/4lv6.de\/wp-content\/uploads\/2022\/10\/IMG_20221025_215756-1024x575.jpg\" alt=\"\" width=\"660\" height=\"371\" srcset=\"https:\/\/4lv6.de\/wp-content\/uploads\/2022\/10\/IMG_20221025_215756-1024x575.jpg 1024w, https:\/\/4lv6.de\/wp-content\/uploads\/2022\/10\/IMG_20221025_215756-300x169.jpg 300w, https:\/\/4lv6.de\/wp-content\/uploads\/2022\/10\/IMG_20221025_215756-768x432.jpg 768w, https:\/\/4lv6.de\/wp-content\/uploads\/2022\/10\/IMG_20221025_215756-1536x863.jpg 1536w, https:\/\/4lv6.de\/wp-content\/uploads\/2022\/10\/IMG_20221025_215756-2048x1151.jpg 2048w\" sizes=\"auto, (max-width: 660px) 100vw, 660px\" \/><\/a><figcaption id=\"caption-attachment-5281\" class=\"wp-caption-text\">Es gl\u00fcht am Womo?<\/figcaption><\/figure>\n<figure id=\"attachment_5282\" aria-describedby=\"caption-attachment-5282\" style=\"width: 660px\" class=\"wp-caption aligncenter\"><a href=\"https:\/\/4lv6.de\/wp-content\/uploads\/2022\/10\/IMG_20221025_215941-scaled.jpg\" rel=\"lightbox[5265]\"><img loading=\"lazy\" decoding=\"async\" class=\"size-large wp-image-5282\" src=\"https:\/\/4lv6.de\/wp-content\/uploads\/2022\/10\/IMG_20221025_215941-1024x575.jpg\" alt=\"\" width=\"660\" height=\"371\" srcset=\"https:\/\/4lv6.de\/wp-content\/uploads\/2022\/10\/IMG_20221025_215941-1024x575.jpg 1024w, https:\/\/4lv6.de\/wp-content\/uploads\/2022\/10\/IMG_20221025_215941-300x169.jpg 300w, https:\/\/4lv6.de\/wp-content\/uploads\/2022\/10\/IMG_20221025_215941-768x432.jpg 768w, https:\/\/4lv6.de\/wp-content\/uploads\/2022\/10\/IMG_20221025_215941-1536x863.jpg 1536w, https:\/\/4lv6.de\/wp-content\/uploads\/2022\/10\/IMG_20221025_215941-2048x1151.jpg 2048w\" sizes=\"auto, (max-width: 660px) 100vw, 660px\" \/><\/a><figcaption id=\"caption-attachment-5282\" class=\"wp-caption-text\">CEE-Kupplung mit LED!<\/figcaption><\/figure>\n<figure id=\"attachment_5288\" aria-describedby=\"caption-attachment-5288\" style=\"width: 660px\" class=\"wp-caption aligncenter\"><a href=\"https:\/\/4lv6.de\/wp-content\/uploads\/2022\/10\/IMG_20221026_112820-scaled.jpg\" rel=\"lightbox[5265]\"><img loading=\"lazy\" decoding=\"async\" class=\"wp-image-5288 size-large\" src=\"https:\/\/4lv6.de\/wp-content\/uploads\/2022\/10\/IMG_20221026_112820-1024x575.jpg\" alt=\"\" width=\"660\" height=\"371\" srcset=\"https:\/\/4lv6.de\/wp-content\/uploads\/2022\/10\/IMG_20221026_112820-1024x575.jpg 1024w, https:\/\/4lv6.de\/wp-content\/uploads\/2022\/10\/IMG_20221026_112820-300x169.jpg 300w, https:\/\/4lv6.de\/wp-content\/uploads\/2022\/10\/IMG_20221026_112820-768x432.jpg 768w, https:\/\/4lv6.de\/wp-content\/uploads\/2022\/10\/IMG_20221026_112820-1536x863.jpg 1536w, https:\/\/4lv6.de\/wp-content\/uploads\/2022\/10\/IMG_20221026_112820-2048x1151.jpg 2048w\" sizes=\"auto, (max-width: 660px) 100vw, 660px\" \/><\/a><figcaption id=\"caption-attachment-5288\" class=\"wp-caption-text\">Das geh\u00f6rt auch noch zum Stellplatz, hinten rechts ist eine Stroms\u00e4ule<\/figcaption><\/figure>\n<p><a name=\"2022-10-25\"><\/a><strong>25.10.22 Westergellersen<\/strong><br \/>\nAm Morgen ist die Gasflasche leer und das Womo kalt. Also unter die Decke und schlafen. Gegen 12 Uhr fr\u00fchst\u00fccken wir und mit Stullen bewaffnet geht es wieder in den Wald. Viel frische Luft und ein D\u00f6nerteller zum Abend beenden den Tag.<br \/>\n<a href=\"https:\/\/4lv6.de\/wp-content\/uploads\/2022\/10\/IMG_20221025_140429-scaled.jpg\" rel=\"lightbox[5265]\"><img loading=\"lazy\" decoding=\"async\" class=\"aligncenter size-large wp-image-5279\" src=\"https:\/\/4lv6.de\/wp-content\/uploads\/2022\/10\/IMG_20221025_140429-1024x575.jpg\" alt=\"\" width=\"660\" height=\"371\" srcset=\"https:\/\/4lv6.de\/wp-content\/uploads\/2022\/10\/IMG_20221025_140429-1024x575.jpg 1024w, https:\/\/4lv6.de\/wp-content\/uploads\/2022\/10\/IMG_20221025_140429-300x169.jpg 300w, https:\/\/4lv6.de\/wp-content\/uploads\/2022\/10\/IMG_20221025_140429-768x432.jpg 768w, https:\/\/4lv6.de\/wp-content\/uploads\/2022\/10\/IMG_20221025_140429-1536x863.jpg 1536w, https:\/\/4lv6.de\/wp-content\/uploads\/2022\/10\/IMG_20221025_140429-2048x1151.jpg 2048w\" sizes=\"auto, (max-width: 660px) 100vw, 660px\" \/><\/a><br \/>\n<a name=\"2022-10-26\"><\/a><strong>26.10.22 Westergellersen<\/strong><br \/>\nUm 9 Uhr klingelt der Wecker, Fr\u00fchst\u00fcck und los in den Wald. 2 Mysterys m\u00fcssen geloggt werden. Der Multi danach besch\u00e4ftigt uns bis Sonnenuntergang. Nach dem Essen r\u00e4tseln wir an weiteren Mysterys f\u00fcr Morgen.<\/p>\n<figure id=\"attachment_5289\" aria-describedby=\"caption-attachment-5289\" style=\"width: 660px\" class=\"wp-caption aligncenter\"><a href=\"https:\/\/4lv6.de\/wp-content\/uploads\/2022\/10\/IMG_20221026_151704-scaled.jpg\" rel=\"lightbox[5265]\"><img loading=\"lazy\" decoding=\"async\" class=\"wp-image-5289 size-large\" src=\"https:\/\/4lv6.de\/wp-content\/uploads\/2022\/10\/IMG_20221026_151704-scaled-e1666818190905-1024x576.jpg\" alt=\"\" width=\"660\" height=\"371\" srcset=\"https:\/\/4lv6.de\/wp-content\/uploads\/2022\/10\/IMG_20221026_151704-scaled-e1666818190905-1024x576.jpg 1024w, https:\/\/4lv6.de\/wp-content\/uploads\/2022\/10\/IMG_20221026_151704-scaled-e1666818190905-300x169.jpg 300w, https:\/\/4lv6.de\/wp-content\/uploads\/2022\/10\/IMG_20221026_151704-scaled-e1666818190905-768x432.jpg 768w, https:\/\/4lv6.de\/wp-content\/uploads\/2022\/10\/IMG_20221026_151704-scaled-e1666818190905-1536x863.jpg 1536w, https:\/\/4lv6.de\/wp-content\/uploads\/2022\/10\/IMG_20221026_151704-scaled-e1666818190905-2048x1151.jpg 2048w\" sizes=\"auto, (max-width: 660px) 100vw, 660px\" \/><\/a><figcaption id=\"caption-attachment-5289\" class=\"wp-caption-text\">Stunden sp\u00e4ter haben wir Koordinaten \ud83d\ude09<\/figcaption><\/figure>\n<figure id=\"attachment_5291\" aria-describedby=\"caption-attachment-5291\" style=\"width: 660px\" class=\"wp-caption aligncenter\"><a href=\"https:\/\/4lv6.de\/wp-content\/uploads\/2022\/10\/IMG_20221026_151056-scaled.jpg\" rel=\"lightbox[5265]\"><img loading=\"lazy\" decoding=\"async\" class=\"size-large wp-image-5291\" src=\"https:\/\/4lv6.de\/wp-content\/uploads\/2022\/10\/IMG_20221026_151056-1024x575.jpg\" alt=\"\" width=\"660\" height=\"371\" srcset=\"https:\/\/4lv6.de\/wp-content\/uploads\/2022\/10\/IMG_20221026_151056-1024x575.jpg 1024w, https:\/\/4lv6.de\/wp-content\/uploads\/2022\/10\/IMG_20221026_151056-300x169.jpg 300w, https:\/\/4lv6.de\/wp-content\/uploads\/2022\/10\/IMG_20221026_151056-768x432.jpg 768w, https:\/\/4lv6.de\/wp-content\/uploads\/2022\/10\/IMG_20221026_151056-1536x863.jpg 1536w, https:\/\/4lv6.de\/wp-content\/uploads\/2022\/10\/IMG_20221026_151056-2048x1151.jpg 2048w\" sizes=\"auto, (max-width: 660px) 100vw, 660px\" \/><\/a><figcaption id=\"caption-attachment-5291\" class=\"wp-caption-text\">Die Aktion wird kritisch beobachtet<\/figcaption><\/figure>\n<p><a name=\"2022-10-27\"><\/a><strong>27.10.22 Westergellersen<\/strong><br \/>\nNach dem Fr\u00fchst\u00fcck hiess es erst mal Vorr\u00e4te besorgen und aus nur der Gasflasche f\u00fcr 25 Euro sind dann 80 Euro im Baumarkt geworden. Alles schnell zum Womo in die K\u00fchlung gebracht und nun los durch die ganzen xxxGellersen (xxx=Wester, Kirch, S\u00fcder) in den Wald bei Oerzen. Eine Dose fehlt, so haben wir versucht den Bonus durch probieren zu finden. Nicht geschafft. Also die letzte Bonuszahl vom Hasenrennen ermitteln, haben wir vorgestern verpennt. Keine Verbotsschilder am Waldweg: also rein und Bonusdose gefunden.<br \/>\nAm Stellplatz angekommen: wo ist eigentlich meine Jacke? Im Wald um Oerzen habe ich die in die Satteltasche gestopft, jetzt ist sie weg. Also die 12 km mit dem Auto hin, R\u00e4der runter und in den Wald, ah, der F\u00f6rster ist gerade weg, kann also nichts passieren. Tats\u00e4chlich, nach einem Kilometer liegt sie am Wegesrand. Ist wohl bei dem Gehoppel einfach rausgeh\u00fcpft. Noch mal Gl\u00fcck gehabt, Geld und Papiere sind noch da und die Jacke ist nagelneu. <\/p>\n<p><figure id=\"attachment_5297\" aria-describedby=\"caption-attachment-5297\" style=\"width: 660px\" class=\"wp-caption aligncenter\"><a href=\"https:\/\/4lv6.de\/wp-content\/uploads\/2022\/10\/IMG_20221027_165545-scaled.jpg\" rel=\"lightbox[5265]\"><img loading=\"lazy\" decoding=\"async\" class=\"wp-image-5297 size-large\" src=\"https:\/\/4lv6.de\/wp-content\/uploads\/2022\/10\/IMG_20221027_165545-1024x575.jpg\" alt=\"\" width=\"660\" height=\"371\" srcset=\"https:\/\/4lv6.de\/wp-content\/uploads\/2022\/10\/IMG_20221027_165545-1024x575.jpg 1024w, https:\/\/4lv6.de\/wp-content\/uploads\/2022\/10\/IMG_20221027_165545-300x169.jpg 300w, https:\/\/4lv6.de\/wp-content\/uploads\/2022\/10\/IMG_20221027_165545-768x432.jpg 768w, https:\/\/4lv6.de\/wp-content\/uploads\/2022\/10\/IMG_20221027_165545-1536x863.jpg 1536w, https:\/\/4lv6.de\/wp-content\/uploads\/2022\/10\/IMG_20221027_165545-2048x1151.jpg 2048w\" sizes=\"auto, (max-width: 660px) 100vw, 660px\" \/><\/a><figcaption id=\"caption-attachment-5297\" class=\"wp-caption-text\">Halbwegs artgerechte Haltung, ganz legal im Wald<\/figcaption><\/figure><figure id=\"attachment_5305\" aria-describedby=\"caption-attachment-5305\" style=\"width: 473px\" class=\"wp-caption aligncenter\"><a href=\"https:\/\/4lv6.de\/wp-content\/uploads\/2022\/10\/Screenshot_2022-10-27-21-10-35-309_cgeo.geocaching.jpg\" rel=\"lightbox[5265]\"><img loading=\"lazy\" decoding=\"async\" src=\"https:\/\/4lv6.de\/wp-content\/uploads\/2022\/10\/Screenshot_2022-10-27-21-10-35-309_cgeo.geocaching-473x1024.jpg\" alt=\"\" width=\"473\" height=\"1024\" class=\"size-large wp-image-5305\" srcset=\"https:\/\/4lv6.de\/wp-content\/uploads\/2022\/10\/Screenshot_2022-10-27-21-10-35-309_cgeo.geocaching-473x1024.jpg 473w, https:\/\/4lv6.de\/wp-content\/uploads\/2022\/10\/Screenshot_2022-10-27-21-10-35-309_cgeo.geocaching-138x300.jpg 138w, https:\/\/4lv6.de\/wp-content\/uploads\/2022\/10\/Screenshot_2022-10-27-21-10-35-309_cgeo.geocaching-768x1664.jpg 768w, https:\/\/4lv6.de\/wp-content\/uploads\/2022\/10\/Screenshot_2022-10-27-21-10-35-309_cgeo.geocaching-709x1536.jpg 709w, https:\/\/4lv6.de\/wp-content\/uploads\/2022\/10\/Screenshot_2022-10-27-21-10-35-309_cgeo.geocaching-945x2048.jpg 945w, https:\/\/4lv6.de\/wp-content\/uploads\/2022\/10\/Screenshot_2022-10-27-21-10-35-309_cgeo.geocaching.jpg 1080w\" sizes=\"auto, (max-width: 473px) 100vw, 473px\" \/><\/a><figcaption id=\"caption-attachment-5305\" class=\"wp-caption-text\">Oben: Hasen Runde, unten: Elliotts Drachenrunde, ein paar Smilies mehr auf der Karte<\/figcaption><\/figure><\/p>\n<p><a name=\"2022-10-28\"><\/a><strong>28.10.22 Westergellersen<\/strong><br \/>\nDas \u00dcbliche, Aufstehen, Fr\u00fchst\u00fcck, Wald, diesmal bei Hanstedt. 21 Smilies auf der Karte. Abends gibt es vom Chinaimbiss was Leckeres.<br \/>\n<a href=\"https:\/\/4lv6.de\/wp-content\/uploads\/2022\/10\/Screenshot_2022-10-28-22-40-34-011_cgeo.geocaching.jpg\" rel=\"lightbox[5265]\"><img loading=\"lazy\" decoding=\"async\" src=\"https:\/\/4lv6.de\/wp-content\/uploads\/2022\/10\/Screenshot_2022-10-28-22-40-34-011_cgeo.geocaching-473x1024.jpg\" alt=\"\" width=\"473\" height=\"1024\" class=\"aligncenter size-large wp-image-5308\" srcset=\"https:\/\/4lv6.de\/wp-content\/uploads\/2022\/10\/Screenshot_2022-10-28-22-40-34-011_cgeo.geocaching-473x1024.jpg 473w, https:\/\/4lv6.de\/wp-content\/uploads\/2022\/10\/Screenshot_2022-10-28-22-40-34-011_cgeo.geocaching-138x300.jpg 138w, https:\/\/4lv6.de\/wp-content\/uploads\/2022\/10\/Screenshot_2022-10-28-22-40-34-011_cgeo.geocaching-768x1664.jpg 768w, https:\/\/4lv6.de\/wp-content\/uploads\/2022\/10\/Screenshot_2022-10-28-22-40-34-011_cgeo.geocaching-709x1536.jpg 709w, https:\/\/4lv6.de\/wp-content\/uploads\/2022\/10\/Screenshot_2022-10-28-22-40-34-011_cgeo.geocaching-945x2048.jpg 945w, https:\/\/4lv6.de\/wp-content\/uploads\/2022\/10\/Screenshot_2022-10-28-22-40-34-011_cgeo.geocaching.jpg 1080w\" sizes=\"auto, (max-width: 473px) 100vw, 473px\" \/><\/a><\/p>\n<p><a name=\"2022-10-29\"><\/a><strong>29.10.22 Westergellersen<\/strong><br \/>\nHeute sind wir mal nur in der Umgebung vom Stellplatz 20 km rumgeradelt. 2 Fotocaches und Beifang. Im Hofladen in Westerngellern haben wir Eier und Wildschweinmettwurst gekauft, sehr lecker.<br \/>\n<figure id=\"attachment_5310\" aria-describedby=\"caption-attachment-5310\" style=\"width: 660px\" class=\"wp-caption aligncenter\"><a href=\"https:\/\/4lv6.de\/wp-content\/uploads\/2022\/10\/IMG_20221029_154054-scaled.jpg\" rel=\"lightbox[5265]\"><img loading=\"lazy\" decoding=\"async\" src=\"https:\/\/4lv6.de\/wp-content\/uploads\/2022\/10\/IMG_20221029_154054-1024x575.jpg\" alt=\"\" width=\"660\" height=\"371\" class=\"size-large wp-image-5310\" srcset=\"https:\/\/4lv6.de\/wp-content\/uploads\/2022\/10\/IMG_20221029_154054-1024x575.jpg 1024w, https:\/\/4lv6.de\/wp-content\/uploads\/2022\/10\/IMG_20221029_154054-300x169.jpg 300w, https:\/\/4lv6.de\/wp-content\/uploads\/2022\/10\/IMG_20221029_154054-768x432.jpg 768w, https:\/\/4lv6.de\/wp-content\/uploads\/2022\/10\/IMG_20221029_154054-1536x863.jpg 1536w, https:\/\/4lv6.de\/wp-content\/uploads\/2022\/10\/IMG_20221029_154054-2048x1151.jpg 2048w\" sizes=\"auto, (max-width: 660px) 100vw, 660px\" \/><\/a><figcaption id=\"caption-attachment-5310\" class=\"wp-caption-text\">Viel Landschaft<\/figcaption><\/figure><figure id=\"attachment_5311\" aria-describedby=\"caption-attachment-5311\" style=\"width: 660px\" class=\"wp-caption aligncenter\"><a href=\"https:\/\/4lv6.de\/wp-content\/uploads\/2022\/10\/IMG_20221029_125838-scaled.jpg\" rel=\"lightbox[5265]\"><img loading=\"lazy\" decoding=\"async\" src=\"https:\/\/4lv6.de\/wp-content\/uploads\/2022\/10\/IMG_20221029_125838-1024x575.jpg\" alt=\"\" width=\"660\" height=\"371\" class=\"size-large wp-image-5311\" srcset=\"https:\/\/4lv6.de\/wp-content\/uploads\/2022\/10\/IMG_20221029_125838-1024x575.jpg 1024w, https:\/\/4lv6.de\/wp-content\/uploads\/2022\/10\/IMG_20221029_125838-300x169.jpg 300w, https:\/\/4lv6.de\/wp-content\/uploads\/2022\/10\/IMG_20221029_125838-768x432.jpg 768w, https:\/\/4lv6.de\/wp-content\/uploads\/2022\/10\/IMG_20221029_125838-1536x863.jpg 1536w, https:\/\/4lv6.de\/wp-content\/uploads\/2022\/10\/IMG_20221029_125838-2048x1151.jpg 2048w\" sizes=\"auto, (max-width: 660px) 100vw, 660px\" \/><\/a><figcaption id=\"caption-attachment-5311\" class=\"wp-caption-text\">Das wird mein Spruch<\/figcaption><\/figure><br \/>\n<a name=\"2022-10-30\"><\/a><strong>30.10.22 Westergellersen<\/strong><br \/>\nHeute geht es irgendwie sp\u00e4ter los. Super Wetter mit 20\u00b0, 2 kleine Runden mit dem Fahrrad durch Wald und Felder. Den Bonus der 2. Runde finden wir kurz vor Sonnenuntergang um 17 Uhr. Und wir haben einen Kuschelcamper bekommen, hier ist Platz ohne Ende, der muss 3 Meter neben uns stehen &#8211; immerhin kein Ratsch-Bumm. Und morgen gibt es Mecker, weil ich laut geschnarcht habe.<br \/>\n<a href=\"https:\/\/4lv6.de\/wp-content\/uploads\/2022\/10\/IMG_20221030_131257-scaled.jpg\" rel=\"lightbox[5265]\"><img loading=\"lazy\" decoding=\"async\" src=\"https:\/\/4lv6.de\/wp-content\/uploads\/2022\/10\/IMG_20221030_131257-1024x575.jpg\" alt=\"\" width=\"660\" height=\"371\" class=\"aligncenter size-large wp-image-5314\" srcset=\"https:\/\/4lv6.de\/wp-content\/uploads\/2022\/10\/IMG_20221030_131257-1024x575.jpg 1024w, https:\/\/4lv6.de\/wp-content\/uploads\/2022\/10\/IMG_20221030_131257-300x169.jpg 300w, https:\/\/4lv6.de\/wp-content\/uploads\/2022\/10\/IMG_20221030_131257-768x432.jpg 768w, https:\/\/4lv6.de\/wp-content\/uploads\/2022\/10\/IMG_20221030_131257-1536x863.jpg 1536w, https:\/\/4lv6.de\/wp-content\/uploads\/2022\/10\/IMG_20221030_131257-2048x1151.jpg 2048w\" sizes=\"auto, (max-width: 660px) 100vw, 660px\" \/><\/a><a href=\"https:\/\/4lv6.de\/wp-content\/uploads\/2022\/10\/IMG_20221030_131246-scaled.jpg\" rel=\"lightbox[5265]\"><img loading=\"lazy\" decoding=\"async\" src=\"https:\/\/4lv6.de\/wp-content\/uploads\/2022\/10\/IMG_20221030_131246-1024x575.jpg\" alt=\"\" width=\"660\" height=\"371\" class=\"aligncenter size-large wp-image-5313\" srcset=\"https:\/\/4lv6.de\/wp-content\/uploads\/2022\/10\/IMG_20221030_131246-1024x575.jpg 1024w, https:\/\/4lv6.de\/wp-content\/uploads\/2022\/10\/IMG_20221030_131246-300x169.jpg 300w, https:\/\/4lv6.de\/wp-content\/uploads\/2022\/10\/IMG_20221030_131246-768x432.jpg 768w, https:\/\/4lv6.de\/wp-content\/uploads\/2022\/10\/IMG_20221030_131246-1536x863.jpg 1536w, https:\/\/4lv6.de\/wp-content\/uploads\/2022\/10\/IMG_20221030_131246-2048x1151.jpg 2048w\" sizes=\"auto, (max-width: 660px) 100vw, 660px\" \/><\/a><\/p>\n<p><a name=\"2022-10-31\"><\/a><strong>31.10.22 Abbensen<\/strong><br \/>\nDa der Sohn Corona hat, schlafen wir weiter im Womo in Abbensen, die Heimfahrt \u00fcber Landstrassen ist entspannend, dauert aber daf\u00fcr doppelt so lange. Gegen 14 Uhr sind wir da.<\/p>\n","protected":false},"excerpt":{"rendered":"","protected":false},"author":6,"featured_media":0,"parent":0,"menu_order":0,"comment_status":"closed","ping_status":"closed","template":"","meta":{"footnotes":""},"class_list":["post-5265","page","type-page","status-publish","hentry"],"_links":{"self":[{"href":"https:\/\/4lv6.de\/index.php?rest_route=\/wp\/v2\/pages\/5265","targetHints":{"allow":["GET"]}}],"collection":[{"href":"https:\/\/4lv6.de\/index.php?rest_route=\/wp\/v2\/pages"}],"about":[{"href":"https:\/\/4lv6.de\/index.php?rest_route=\/wp\/v2\/types\/page"}],"author":[{"embeddable":true,"href":"https:\/\/4lv6.de\/index.php?rest_route=\/wp\/v2\/users\/6"}],"replies":[{"embeddable":true,"href":"https:\/\/4lv6.de\/index.php?rest_route=%2Fwp%2Fv2%2Fcomments&post=5265"}],"version-history":[{"count":35,"href":"https:\/\/4lv6.de\/index.php?rest_route=\/wp\/v2\/pages\/5265\/revisions"}],"predecessor-version":[{"id":5323,"href":"https:\/\/4lv6.de\/index.php?rest_route=\/wp\/v2\/pages\/5265\/revisions\/5323"}],"wp:attachment":[{"href":"https:\/\/4lv6.de\/index.php?rest_route=%2Fwp%2Fv2%2Fmedia&parent=5265"}],"curies":[{"name":"wp","href":"https:\/\/api.w.org\/{rel}","templated":true}]}}