{"id":6483,"date":"2023-10-31T20:34:30","date_gmt":"2023-10-31T19:34:30","guid":{"rendered":"http:\/\/4lv6.dydn.org\/?page_id=6483"},"modified":"2023-11-06T16:02:18","modified_gmt":"2023-11-06T15:02:18","slug":"ammerland","status":"publish","type":"page","link":"https:\/\/4lv6.de\/?page_id=6483","title":{"rendered":"Ammerland"},"content":{"rendered":"<p><strong>30.10.23 Diepholz<\/strong><br \/>\nDie Halsschmerzen sind fast weg und der 2. Strich auch \ud83d\ude09 . Die Sachen sind schnell gepackt, Fahrr\u00e4der auf den Ford und los zum Stellplatz. Um 11 starten wir Richtung Nienburg, dort gibt es Bratcurry mit Pommes und der K\u00fchlschrank wird bei Lidl gef\u00fcllt. Gegen 16 Uhr erreichen wir den Stellplatz in Diepholz am Marktplatz nach leichten Problemen, zuerst vergooglen wir uns und fahren durch ein nettes Wohngebiet mit schicken Einfamilienh\u00e4usern und landen, Google sei Dank, auf der R\u00fcckseite des Stellplatzes. Also drehen, alles retour und neuer Anlauf ohne Maps. 5 Euro und Strom sind zu bezahlen. Wir laufen einen Labcache ab und essen was vom Chinamann im Womo, das wir vorm Dauerregen noch erreichen.<br \/>\n<a href=\"https:\/\/4lv6.de\/wp-content\/uploads\/2023\/10\/PXL_20231030_155527491-scaled.jpg\" rel=\"lightbox[6483]\"><img loading=\"lazy\" decoding=\"async\" class=\"aligncenter size-large wp-image-6490\" src=\"https:\/\/4lv6.de\/wp-content\/uploads\/2023\/10\/PXL_20231030_155527491-1024x768.jpg\" alt=\"\" width=\"660\" height=\"495\" srcset=\"https:\/\/4lv6.de\/wp-content\/uploads\/2023\/10\/PXL_20231030_155527491-1024x768.jpg 1024w, https:\/\/4lv6.de\/wp-content\/uploads\/2023\/10\/PXL_20231030_155527491-300x225.jpg 300w, https:\/\/4lv6.de\/wp-content\/uploads\/2023\/10\/PXL_20231030_155527491-768x576.jpg 768w, https:\/\/4lv6.de\/wp-content\/uploads\/2023\/10\/PXL_20231030_155527491-1536x1152.jpg 1536w, https:\/\/4lv6.de\/wp-content\/uploads\/2023\/10\/PXL_20231030_155527491-2048x1536.jpg 2048w\" sizes=\"auto, (max-width: 660px) 100vw, 660px\" \/><\/a><\/p>\n<figure id=\"attachment_6492\" aria-describedby=\"caption-attachment-6492\" style=\"width: 660px\" class=\"wp-caption aligncenter\"><a href=\"https:\/\/4lv6.de\/wp-content\/uploads\/2023\/10\/PXL_20231031_091021236-scaled.jpg\" rel=\"lightbox[6483]\"><img loading=\"lazy\" decoding=\"async\" class=\"size-large wp-image-6492\" src=\"https:\/\/4lv6.de\/wp-content\/uploads\/2023\/10\/PXL_20231031_091021236-1024x768.jpg\" alt=\"\" width=\"660\" height=\"495\" srcset=\"https:\/\/4lv6.de\/wp-content\/uploads\/2023\/10\/PXL_20231031_091021236-1024x768.jpg 1024w, https:\/\/4lv6.de\/wp-content\/uploads\/2023\/10\/PXL_20231031_091021236-300x225.jpg 300w, https:\/\/4lv6.de\/wp-content\/uploads\/2023\/10\/PXL_20231031_091021236-768x576.jpg 768w, https:\/\/4lv6.de\/wp-content\/uploads\/2023\/10\/PXL_20231031_091021236-1536x1152.jpg 1536w, https:\/\/4lv6.de\/wp-content\/uploads\/2023\/10\/PXL_20231031_091021236-2048x1536.jpg 2048w\" sizes=\"auto, (max-width: 660px) 100vw, 660px\" \/><\/a><figcaption id=\"caption-attachment-6492\" class=\"wp-caption-text\">Diepholz am Morgen<\/figcaption><\/figure>\n<figure id=\"attachment_6491\" aria-describedby=\"caption-attachment-6491\" style=\"width: 660px\" class=\"wp-caption aligncenter\"><a href=\"https:\/\/4lv6.de\/wp-content\/uploads\/2023\/10\/PXL_20231031_090941736-scaled.jpg\" rel=\"lightbox[6483]\"><img loading=\"lazy\" decoding=\"async\" class=\"size-large wp-image-6491\" src=\"https:\/\/4lv6.de\/wp-content\/uploads\/2023\/10\/PXL_20231031_090941736-1024x768.jpg\" alt=\"\" width=\"660\" height=\"495\" srcset=\"https:\/\/4lv6.de\/wp-content\/uploads\/2023\/10\/PXL_20231031_090941736-1024x768.jpg 1024w, https:\/\/4lv6.de\/wp-content\/uploads\/2023\/10\/PXL_20231031_090941736-300x225.jpg 300w, https:\/\/4lv6.de\/wp-content\/uploads\/2023\/10\/PXL_20231031_090941736-768x576.jpg 768w, https:\/\/4lv6.de\/wp-content\/uploads\/2023\/10\/PXL_20231031_090941736-1536x1152.jpg 1536w, https:\/\/4lv6.de\/wp-content\/uploads\/2023\/10\/PXL_20231031_090941736-2048x1536.jpg 2048w\" sizes=\"auto, (max-width: 660px) 100vw, 660px\" \/><\/a><figcaption id=\"caption-attachment-6491\" class=\"wp-caption-text\">Entsorgung mit Camping-Butler<\/figcaption><\/figure>\n<p><strong>31.10.23 Bad Zwischenahn<\/strong><br \/>\nNach einer herrlich ruhigen Nacht wandert der Bongo f\u00fcr 2 Euro in den Camping-Butler, die Grauwasser-Entsorgung ist verstopft, merken wir leider erst hinterher. Via Landstra\u00dfe geht es nach Bad Zwischenahn, teilweise mit maximal 50 km\/H. Komische Strassen hat es hier, aber alles legal, solange man unter 5 Tonnen wiegt. Die Anzeige vorm Stellplatz am Badepark behauptet, es sind noch 30 Pl\u00e4tze frei und ich bezahle die Geb\u00fchr am Automaten. Auch wieder bequem mit Karte und ich bekomme die G\u00e4stekarte f\u00fcr den Strom. Mit den R\u00e4dern geht es nun einmal um das Zwischenahner Meer, 12 km, und sp\u00e4ter per Pedes f\u00fcr einen Labcache mit Bonus in den Ort. Ein D\u00f6nerteller rundet den Abend ab.<br \/>\n<a href=\"https:\/\/4lv6.de\/wp-content\/uploads\/2023\/10\/PXL_20231031_124857545.MP_-scaled.jpg\" rel=\"lightbox[6483]\"><img loading=\"lazy\" decoding=\"async\" class=\"aligncenter size-large wp-image-6493\" src=\"https:\/\/4lv6.de\/wp-content\/uploads\/2023\/10\/PXL_20231031_124857545.MP_-1024x768.jpg\" alt=\"\" width=\"660\" height=\"495\" srcset=\"https:\/\/4lv6.de\/wp-content\/uploads\/2023\/10\/PXL_20231031_124857545.MP_-1024x768.jpg 1024w, https:\/\/4lv6.de\/wp-content\/uploads\/2023\/10\/PXL_20231031_124857545.MP_-300x225.jpg 300w, https:\/\/4lv6.de\/wp-content\/uploads\/2023\/10\/PXL_20231031_124857545.MP_-768x576.jpg 768w, https:\/\/4lv6.de\/wp-content\/uploads\/2023\/10\/PXL_20231031_124857545.MP_-1536x1152.jpg 1536w, https:\/\/4lv6.de\/wp-content\/uploads\/2023\/10\/PXL_20231031_124857545.MP_-2048x1536.jpg 2048w\" sizes=\"auto, (max-width: 660px) 100vw, 660px\" \/><\/a><a href=\"https:\/\/4lv6.de\/wp-content\/uploads\/2023\/10\/PXL_20231031_130125585-scaled.jpg\" rel=\"lightbox[6483]\"><img loading=\"lazy\" decoding=\"async\" class=\"aligncenter size-large wp-image-6494\" src=\"https:\/\/4lv6.de\/wp-content\/uploads\/2023\/10\/PXL_20231031_130125585-1024x768.jpg\" alt=\"\" width=\"660\" height=\"495\" srcset=\"https:\/\/4lv6.de\/wp-content\/uploads\/2023\/10\/PXL_20231031_130125585-1024x768.jpg 1024w, https:\/\/4lv6.de\/wp-content\/uploads\/2023\/10\/PXL_20231031_130125585-300x225.jpg 300w, https:\/\/4lv6.de\/wp-content\/uploads\/2023\/10\/PXL_20231031_130125585-768x576.jpg 768w, https:\/\/4lv6.de\/wp-content\/uploads\/2023\/10\/PXL_20231031_130125585-1536x1152.jpg 1536w, https:\/\/4lv6.de\/wp-content\/uploads\/2023\/10\/PXL_20231031_130125585-2048x1536.jpg 2048w\" sizes=\"auto, (max-width: 660px) 100vw, 660px\" \/><\/a><\/p>\n<figure id=\"attachment_6495\" aria-describedby=\"caption-attachment-6495\" style=\"width: 660px\" class=\"wp-caption aligncenter\"><a href=\"https:\/\/4lv6.de\/wp-content\/uploads\/2023\/10\/PXL_20231031_155757680-scaled.jpg\" rel=\"lightbox[6483]\"><img loading=\"lazy\" decoding=\"async\" class=\"size-large wp-image-6495\" src=\"https:\/\/4lv6.de\/wp-content\/uploads\/2023\/10\/PXL_20231031_155757680-768x1024.jpg\" alt=\"\" width=\"660\" height=\"880\" srcset=\"https:\/\/4lv6.de\/wp-content\/uploads\/2023\/10\/PXL_20231031_155757680-768x1024.jpg 768w, https:\/\/4lv6.de\/wp-content\/uploads\/2023\/10\/PXL_20231031_155757680-225x300.jpg 225w, https:\/\/4lv6.de\/wp-content\/uploads\/2023\/10\/PXL_20231031_155757680-1152x1536.jpg 1152w, https:\/\/4lv6.de\/wp-content\/uploads\/2023\/10\/PXL_20231031_155757680-1536x2048.jpg 1536w, https:\/\/4lv6.de\/wp-content\/uploads\/2023\/10\/PXL_20231031_155757680-scaled.jpg 1920w\" sizes=\"auto, (max-width: 660px) 100vw, 660px\" \/><\/a><figcaption id=\"caption-attachment-6495\" class=\"wp-caption-text\">Mainzelm\u00e4nnchen am Meer<\/figcaption><\/figure>\n<figure id=\"attachment_6496\" aria-describedby=\"caption-attachment-6496\" style=\"width: 660px\" class=\"wp-caption aligncenter\"><a href=\"https:\/\/4lv6.de\/wp-content\/uploads\/2023\/10\/PXL_20231031_161258676-scaled.jpg\" rel=\"lightbox[6483]\"><img loading=\"lazy\" decoding=\"async\" class=\"size-large wp-image-6496\" src=\"https:\/\/4lv6.de\/wp-content\/uploads\/2023\/10\/PXL_20231031_161258676-1024x768.jpg\" alt=\"\" width=\"660\" height=\"495\" srcset=\"https:\/\/4lv6.de\/wp-content\/uploads\/2023\/10\/PXL_20231031_161258676-1024x768.jpg 1024w, https:\/\/4lv6.de\/wp-content\/uploads\/2023\/10\/PXL_20231031_161258676-300x225.jpg 300w, https:\/\/4lv6.de\/wp-content\/uploads\/2023\/10\/PXL_20231031_161258676-768x576.jpg 768w, https:\/\/4lv6.de\/wp-content\/uploads\/2023\/10\/PXL_20231031_161258676-1536x1152.jpg 1536w, https:\/\/4lv6.de\/wp-content\/uploads\/2023\/10\/PXL_20231031_161258676-2048x1536.jpg 2048w\" sizes=\"auto, (max-width: 660px) 100vw, 660px\" \/><\/a><figcaption id=\"caption-attachment-6496\" class=\"wp-caption-text\">Museumsdorf<\/figcaption><\/figure>\n<p><a href=\"https:\/\/4lv6.de\/wp-content\/uploads\/2023\/10\/PXL_20231031_161326186-scaled.jpg\" rel=\"lightbox[6483]\"><img loading=\"lazy\" decoding=\"async\" class=\"aligncenter size-large wp-image-6497\" src=\"https:\/\/4lv6.de\/wp-content\/uploads\/2023\/10\/PXL_20231031_161326186-768x1024.jpg\" alt=\"\" width=\"660\" height=\"880\" srcset=\"https:\/\/4lv6.de\/wp-content\/uploads\/2023\/10\/PXL_20231031_161326186-768x1024.jpg 768w, https:\/\/4lv6.de\/wp-content\/uploads\/2023\/10\/PXL_20231031_161326186-225x300.jpg 225w, https:\/\/4lv6.de\/wp-content\/uploads\/2023\/10\/PXL_20231031_161326186-1152x1536.jpg 1152w, https:\/\/4lv6.de\/wp-content\/uploads\/2023\/10\/PXL_20231031_161326186-1536x2048.jpg 1536w, https:\/\/4lv6.de\/wp-content\/uploads\/2023\/10\/PXL_20231031_161326186-scaled.jpg 1920w\" sizes=\"auto, (max-width: 660px) 100vw, 660px\" \/><\/a><\/p>\n<figure id=\"attachment_6486\" aria-describedby=\"caption-attachment-6486\" style=\"width: 660px\" class=\"wp-caption aligncenter\"><a href=\"https:\/\/4lv6.de\/wp-content\/uploads\/2023\/10\/IMG_20231031_170532-scaled.jpg\" rel=\"lightbox[6483]\"><img loading=\"lazy\" decoding=\"async\" class=\"size-large wp-image-6486\" src=\"https:\/\/4lv6.de\/wp-content\/uploads\/2023\/10\/IMG_20231031_170532-1024x575.jpg\" alt=\"\" width=\"660\" height=\"371\" srcset=\"https:\/\/4lv6.de\/wp-content\/uploads\/2023\/10\/IMG_20231031_170532-1024x575.jpg 1024w, https:\/\/4lv6.de\/wp-content\/uploads\/2023\/10\/IMG_20231031_170532-300x169.jpg 300w, https:\/\/4lv6.de\/wp-content\/uploads\/2023\/10\/IMG_20231031_170532-768x432.jpg 768w, https:\/\/4lv6.de\/wp-content\/uploads\/2023\/10\/IMG_20231031_170532-1536x863.jpg 1536w, https:\/\/4lv6.de\/wp-content\/uploads\/2023\/10\/IMG_20231031_170532-2048x1151.jpg 2048w\" sizes=\"auto, (max-width: 660px) 100vw, 660px\" \/><\/a><figcaption id=\"caption-attachment-6486\" class=\"wp-caption-text\">Bad Zwischenahn f\u00e4ngt schon mal an<\/figcaption><\/figure>\n<p><strong>1.11.23 Bad Zwischenahn<\/strong><br \/>\nHeute haben wir bis 10:30 Uhr geschlafen. Nach einem kr\u00e4ftigen Fr\u00fchst\u00fcck fahren wir mit dem L\u00fctten nach Oldenburg. Erstaunlicherweise gibt es hier kaum leerstehende L\u00e4den. Nach 2 Labcache und Kaffee und Kuchen sind wir gegen 18 Uhr wieder im Womo. Zum Gl\u00fcck hat es den Nachmittag nicht geregnet.<br \/>\n<a href=\"https:\/\/4lv6.de\/wp-content\/uploads\/2023\/11\/PXL_20231101_155316259-scaled.jpg\" rel=\"lightbox[6483]\"><img loading=\"lazy\" decoding=\"async\" class=\"aligncenter size-large wp-image-6511\" src=\"https:\/\/4lv6.de\/wp-content\/uploads\/2023\/11\/PXL_20231101_155316259-768x1024.jpg\" alt=\"\" width=\"660\" height=\"880\" srcset=\"https:\/\/4lv6.de\/wp-content\/uploads\/2023\/11\/PXL_20231101_155316259-768x1024.jpg 768w, https:\/\/4lv6.de\/wp-content\/uploads\/2023\/11\/PXL_20231101_155316259-225x300.jpg 225w, https:\/\/4lv6.de\/wp-content\/uploads\/2023\/11\/PXL_20231101_155316259-1152x1536.jpg 1152w, https:\/\/4lv6.de\/wp-content\/uploads\/2023\/11\/PXL_20231101_155316259-1536x2048.jpg 1536w, https:\/\/4lv6.de\/wp-content\/uploads\/2023\/11\/PXL_20231101_155316259-scaled.jpg 1920w\" sizes=\"auto, (max-width: 660px) 100vw, 660px\" \/><\/a><a href=\"https:\/\/4lv6.de\/wp-content\/uploads\/2023\/11\/PXL_20231101_155238301-scaled.jpg\" rel=\"lightbox[6483]\"><img loading=\"lazy\" decoding=\"async\" class=\"aligncenter size-large wp-image-6512\" src=\"https:\/\/4lv6.de\/wp-content\/uploads\/2023\/11\/PXL_20231101_155238301-768x1024.jpg\" alt=\"\" width=\"660\" height=\"880\" srcset=\"https:\/\/4lv6.de\/wp-content\/uploads\/2023\/11\/PXL_20231101_155238301-768x1024.jpg 768w, https:\/\/4lv6.de\/wp-content\/uploads\/2023\/11\/PXL_20231101_155238301-225x300.jpg 225w, https:\/\/4lv6.de\/wp-content\/uploads\/2023\/11\/PXL_20231101_155238301-1152x1536.jpg 1152w, https:\/\/4lv6.de\/wp-content\/uploads\/2023\/11\/PXL_20231101_155238301-1536x2048.jpg 1536w, https:\/\/4lv6.de\/wp-content\/uploads\/2023\/11\/PXL_20231101_155238301-scaled.jpg 1920w\" sizes=\"auto, (max-width: 660px) 100vw, 660px\" \/><\/a><a href=\"https:\/\/4lv6.de\/wp-content\/uploads\/2023\/11\/PXL_20231101_150236270-scaled.jpg\" rel=\"lightbox[6483]\"><img loading=\"lazy\" decoding=\"async\" class=\"aligncenter size-large wp-image-6513\" src=\"https:\/\/4lv6.de\/wp-content\/uploads\/2023\/11\/PXL_20231101_150236270-1024x768.jpg\" alt=\"\" width=\"660\" height=\"495\" srcset=\"https:\/\/4lv6.de\/wp-content\/uploads\/2023\/11\/PXL_20231101_150236270-1024x768.jpg 1024w, https:\/\/4lv6.de\/wp-content\/uploads\/2023\/11\/PXL_20231101_150236270-300x225.jpg 300w, https:\/\/4lv6.de\/wp-content\/uploads\/2023\/11\/PXL_20231101_150236270-768x576.jpg 768w, https:\/\/4lv6.de\/wp-content\/uploads\/2023\/11\/PXL_20231101_150236270-1536x1152.jpg 1536w, https:\/\/4lv6.de\/wp-content\/uploads\/2023\/11\/PXL_20231101_150236270-2048x1536.jpg 2048w\" sizes=\"auto, (max-width: 660px) 100vw, 660px\" \/><\/a><a href=\"https:\/\/4lv6.de\/wp-content\/uploads\/2023\/11\/PXL_20231101_140821977-scaled.jpg\" rel=\"lightbox[6483]\"><img loading=\"lazy\" decoding=\"async\" class=\"aligncenter size-large wp-image-6514\" src=\"https:\/\/4lv6.de\/wp-content\/uploads\/2023\/11\/PXL_20231101_140821977-1024x768.jpg\" alt=\"\" width=\"660\" height=\"495\" srcset=\"https:\/\/4lv6.de\/wp-content\/uploads\/2023\/11\/PXL_20231101_140821977-1024x768.jpg 1024w, https:\/\/4lv6.de\/wp-content\/uploads\/2023\/11\/PXL_20231101_140821977-300x225.jpg 300w, https:\/\/4lv6.de\/wp-content\/uploads\/2023\/11\/PXL_20231101_140821977-768x576.jpg 768w, https:\/\/4lv6.de\/wp-content\/uploads\/2023\/11\/PXL_20231101_140821977-1536x1152.jpg 1536w, https:\/\/4lv6.de\/wp-content\/uploads\/2023\/11\/PXL_20231101_140821977-2048x1536.jpg 2048w\" sizes=\"auto, (max-width: 660px) 100vw, 660px\" \/><\/a><a href=\"https:\/\/4lv6.de\/wp-content\/uploads\/2023\/11\/PXL_20231101_143845307-scaled.jpg\" rel=\"lightbox[6483]\"><img loading=\"lazy\" decoding=\"async\" class=\"aligncenter size-large wp-image-6515\" src=\"https:\/\/4lv6.de\/wp-content\/uploads\/2023\/11\/PXL_20231101_143845307-1024x768.jpg\" alt=\"\" width=\"660\" height=\"495\" srcset=\"https:\/\/4lv6.de\/wp-content\/uploads\/2023\/11\/PXL_20231101_143845307-1024x768.jpg 1024w, https:\/\/4lv6.de\/wp-content\/uploads\/2023\/11\/PXL_20231101_143845307-300x225.jpg 300w, https:\/\/4lv6.de\/wp-content\/uploads\/2023\/11\/PXL_20231101_143845307-768x576.jpg 768w, https:\/\/4lv6.de\/wp-content\/uploads\/2023\/11\/PXL_20231101_143845307-1536x1152.jpg 1536w, https:\/\/4lv6.de\/wp-content\/uploads\/2023\/11\/PXL_20231101_143845307-2048x1536.jpg 2048w\" sizes=\"auto, (max-width: 660px) 100vw, 660px\" \/><\/a><\/p>\n<figure id=\"attachment_6516\" aria-describedby=\"caption-attachment-6516\" style=\"width: 660px\" class=\"wp-caption aligncenter\"><a href=\"https:\/\/4lv6.de\/wp-content\/uploads\/2023\/11\/PXL_20231101_134432041-scaled.jpg\" rel=\"lightbox[6483]\"><img loading=\"lazy\" decoding=\"async\" class=\"size-large wp-image-6516\" src=\"https:\/\/4lv6.de\/wp-content\/uploads\/2023\/11\/PXL_20231101_134432041-768x1024.jpg\" alt=\"\" width=\"660\" height=\"880\" srcset=\"https:\/\/4lv6.de\/wp-content\/uploads\/2023\/11\/PXL_20231101_134432041-768x1024.jpg 768w, https:\/\/4lv6.de\/wp-content\/uploads\/2023\/11\/PXL_20231101_134432041-225x300.jpg 225w, https:\/\/4lv6.de\/wp-content\/uploads\/2023\/11\/PXL_20231101_134432041-1152x1536.jpg 1152w, https:\/\/4lv6.de\/wp-content\/uploads\/2023\/11\/PXL_20231101_134432041-1536x2048.jpg 1536w, https:\/\/4lv6.de\/wp-content\/uploads\/2023\/11\/PXL_20231101_134432041-scaled.jpg 1920w\" sizes=\"auto, (max-width: 660px) 100vw, 660px\" \/><\/a><figcaption id=\"caption-attachment-6516\" class=\"wp-caption-text\">Alte Fassade der Markthalle<\/figcaption><\/figure>\n<figure id=\"attachment_6517\" aria-describedby=\"caption-attachment-6517\" style=\"width: 660px\" class=\"wp-caption aligncenter\"><a href=\"https:\/\/4lv6.de\/wp-content\/uploads\/2023\/11\/PXL_20231101_132241823-scaled.jpg\" rel=\"lightbox[6483]\"><img loading=\"lazy\" decoding=\"async\" class=\"size-large wp-image-6517\" src=\"https:\/\/4lv6.de\/wp-content\/uploads\/2023\/11\/PXL_20231101_132241823-768x1024.jpg\" alt=\"\" width=\"660\" height=\"880\" srcset=\"https:\/\/4lv6.de\/wp-content\/uploads\/2023\/11\/PXL_20231101_132241823-768x1024.jpg 768w, https:\/\/4lv6.de\/wp-content\/uploads\/2023\/11\/PXL_20231101_132241823-225x300.jpg 225w, https:\/\/4lv6.de\/wp-content\/uploads\/2023\/11\/PXL_20231101_132241823-1152x1536.jpg 1152w, https:\/\/4lv6.de\/wp-content\/uploads\/2023\/11\/PXL_20231101_132241823-1536x2048.jpg 1536w, https:\/\/4lv6.de\/wp-content\/uploads\/2023\/11\/PXL_20231101_132241823-scaled.jpg 1920w\" sizes=\"auto, (max-width: 660px) 100vw, 660px\" \/><\/a><figcaption id=\"caption-attachment-6517\" class=\"wp-caption-text\">Rentner Bank mit Heizung, ist aber kalt<\/figcaption><\/figure>\n<p><strong>2.11.23 Cloppenburg<\/strong><br \/>\nUm 11:30 Uhr ist Ver- und Entsorgung erledigt und wir verlassen den Badepark. Zwischendurch tanken wir an einer Avia noch 15 L Wintergas (angeblich, ich habe nicht nachgefragt, ist Westfalengas). Um kurz vor 13 Uhr erreichen wir den Stellplatz am Stadtpark. Na ja, ist halt ein Stellplatz mitten in der Stadt. Tina hat einen Thai gefunden, wo wir ein lecker Essen bekommen. Danach laufen wir zum Museumsdorf. Leider ist eine T\u00fcr nicht gekennzeichnet und wir stehen nach dreiviertel der Runde im Museum wieder draussen \ud83d\ude42 . Ist aber nicht so tragisch, wir haben genug gesehen und der Weg zum Mobil ist jetzt ganz kurz. Nach einem Kaffee absolvieren wir noch einen Labcache mit Bonus.<br \/>\n<figure id=\"attachment_6521\" aria-describedby=\"caption-attachment-6521\" style=\"width: 660px\" class=\"wp-caption aligncenter\"><a href=\"https:\/\/4lv6.de\/wp-content\/uploads\/2023\/11\/IMG_20231102_131428-scaled.jpg\" rel=\"lightbox[6483]\"><img loading=\"lazy\" decoding=\"async\" src=\"https:\/\/4lv6.de\/wp-content\/uploads\/2023\/11\/IMG_20231102_131428-1024x575.jpg\" alt=\"\" width=\"660\" height=\"371\" class=\"size-large wp-image-6521\" srcset=\"https:\/\/4lv6.de\/wp-content\/uploads\/2023\/11\/IMG_20231102_131428-1024x575.jpg 1024w, https:\/\/4lv6.de\/wp-content\/uploads\/2023\/11\/IMG_20231102_131428-300x169.jpg 300w, https:\/\/4lv6.de\/wp-content\/uploads\/2023\/11\/IMG_20231102_131428-768x432.jpg 768w, https:\/\/4lv6.de\/wp-content\/uploads\/2023\/11\/IMG_20231102_131428-1536x863.jpg 1536w, https:\/\/4lv6.de\/wp-content\/uploads\/2023\/11\/IMG_20231102_131428-2048x1151.jpg 2048w\" sizes=\"auto, (max-width: 660px) 100vw, 660px\" \/><\/a><figcaption id=\"caption-attachment-6521\" class=\"wp-caption-text\">5 Euro, 8 Pl\u00e4tze, 4x Strom<\/figcaption><\/figure><\/p>\n<p><strong>3. und 4.11.23 Lastrup<\/strong><br \/>\nDa ist nicht mehr viel passiert.<\/p>\n<p><strong>5.11.23 Zur\u00fcck nach Hannover<\/strong><br \/>\nNach dem Fr\u00fchst\u00fcck geht es los auf der Bundesstrasse. In Diepholz wird noch entsorgt und um ca. 16 Uhr sind wir wieder zuhause. Boxenstop bei Burger King in Diepholz und insgesamt ganz entspannt auf der Bundesstrasse unterwegs. Notiert habe ich es nicht, aber so ca. 400 km sind wir unterwegs gewesen.<\/p>\n<figure id=\"attachment_6527\" aria-describedby=\"caption-attachment-6527\" style=\"width: 660px\" class=\"wp-caption aligncenter\"><a href=\"https:\/\/4lv6.de\/wp-content\/uploads\/2023\/11\/IMG_20231105_123715-scaled.jpg\" rel=\"lightbox[6483]\"><img loading=\"lazy\" decoding=\"async\" src=\"https:\/\/4lv6.de\/wp-content\/uploads\/2023\/11\/IMG_20231105_123715-1024x575.jpg\" alt=\"\" width=\"660\" height=\"371\" class=\"size-large wp-image-6527\" srcset=\"https:\/\/4lv6.de\/wp-content\/uploads\/2023\/11\/IMG_20231105_123715-1024x575.jpg 1024w, https:\/\/4lv6.de\/wp-content\/uploads\/2023\/11\/IMG_20231105_123715-300x169.jpg 300w, https:\/\/4lv6.de\/wp-content\/uploads\/2023\/11\/IMG_20231105_123715-768x432.jpg 768w, https:\/\/4lv6.de\/wp-content\/uploads\/2023\/11\/IMG_20231105_123715-1536x863.jpg 1536w, https:\/\/4lv6.de\/wp-content\/uploads\/2023\/11\/IMG_20231105_123715-2048x1151.jpg 2048w\" sizes=\"auto, (max-width: 660px) 100vw, 660px\" \/><\/a><figcaption id=\"caption-attachment-6527\" class=\"wp-caption-text\">Der Camping Butler von vorne<\/figcaption><\/figure>\n<figure id=\"attachment_6528\" aria-describedby=\"caption-attachment-6528\" style=\"width: 660px\" class=\"wp-caption aligncenter\"><a href=\"https:\/\/4lv6.de\/wp-content\/uploads\/2023\/11\/IMG_20231105_131558-scaled.jpg\" rel=\"lightbox[6483]\"><img loading=\"lazy\" decoding=\"async\" src=\"https:\/\/4lv6.de\/wp-content\/uploads\/2023\/11\/IMG_20231105_131558-1024x575.jpg\" alt=\"\" width=\"660\" height=\"371\" class=\"size-large wp-image-6528\" srcset=\"https:\/\/4lv6.de\/wp-content\/uploads\/2023\/11\/IMG_20231105_131558-1024x575.jpg 1024w, https:\/\/4lv6.de\/wp-content\/uploads\/2023\/11\/IMG_20231105_131558-300x169.jpg 300w, https:\/\/4lv6.de\/wp-content\/uploads\/2023\/11\/IMG_20231105_131558-768x432.jpg 768w, https:\/\/4lv6.de\/wp-content\/uploads\/2023\/11\/IMG_20231105_131558-1536x863.jpg 1536w, https:\/\/4lv6.de\/wp-content\/uploads\/2023\/11\/IMG_20231105_131558-2048x1151.jpg 2048w\" sizes=\"auto, (max-width: 660px) 100vw, 660px\" \/><\/a><figcaption id=\"caption-attachment-6528\" class=\"wp-caption-text\">auch nicht mehr taufrisch, das System \ud83d\ude09<\/figcaption><\/figure>\n<figure id=\"attachment_6526\" aria-describedby=\"caption-attachment-6526\" style=\"width: 575px\" class=\"wp-caption aligncenter\"><a href=\"https:\/\/4lv6.de\/wp-content\/uploads\/2023\/11\/IMG_20231105_135437-scaled.jpg\" rel=\"lightbox[6483]\"><img loading=\"lazy\" decoding=\"async\" src=\"https:\/\/4lv6.de\/wp-content\/uploads\/2023\/11\/IMG_20231105_135437-575x1024.jpg\" alt=\"\" width=\"575\" height=\"1024\" class=\"size-large wp-image-6526\" srcset=\"https:\/\/4lv6.de\/wp-content\/uploads\/2023\/11\/IMG_20231105_135437-575x1024.jpg 575w, https:\/\/4lv6.de\/wp-content\/uploads\/2023\/11\/IMG_20231105_135437-169x300.jpg 169w, https:\/\/4lv6.de\/wp-content\/uploads\/2023\/11\/IMG_20231105_135437-768x1367.jpg 768w, https:\/\/4lv6.de\/wp-content\/uploads\/2023\/11\/IMG_20231105_135437-863x1536.jpg 863w, https:\/\/4lv6.de\/wp-content\/uploads\/2023\/11\/IMG_20231105_135437-1151x2048.jpg 1151w, https:\/\/4lv6.de\/wp-content\/uploads\/2023\/11\/IMG_20231105_135437-scaled.jpg 1439w\" sizes=\"auto, (max-width: 575px) 100vw, 575px\" \/><\/a><figcaption id=\"caption-attachment-6526\" class=\"wp-caption-text\">Die Bundesstrasse am Sonntag Nachmittag<\/figcaption><\/figure>\n","protected":false},"excerpt":{"rendered":"<p>30.10.23 Diepholz Die Halsschmerzen sind fast weg und der 2. Strich auch \ud83d\ude09 . Die Sachen sind schnell gepackt, Fahrr\u00e4der auf den Ford und los zum Stellplatz. Um 11 starten wir Richtung Nienburg, dort gibt es Bratcurry mit Pommes und der K\u00fchlschrank wird bei Lidl gef\u00fcllt. Gegen 16 Uhr erreichen wir den Stellplatz in Diepholz &hellip; <a href=\"https:\/\/4lv6.de\/?page_id=6483\" class=\"more-link\"><span class=\"screen-reader-text\">Ammerland<\/span> weiterlesen<\/a><\/p>\n","protected":false},"author":6,"featured_media":0,"parent":387,"menu_order":0,"comment_status":"closed","ping_status":"closed","template":"","meta":{"footnotes":""},"class_list":["post-6483","page","type-page","status-publish","hentry"],"_links":{"self":[{"href":"https:\/\/4lv6.de\/index.php?rest_route=\/wp\/v2\/pages\/6483","targetHints":{"allow":["GET"]}}],"collection":[{"href":"https:\/\/4lv6.de\/index.php?rest_route=\/wp\/v2\/pages"}],"about":[{"href":"https:\/\/4lv6.de\/index.php?rest_route=\/wp\/v2\/types\/page"}],"author":[{"embeddable":true,"href":"https:\/\/4lv6.de\/index.php?rest_route=\/wp\/v2\/users\/6"}],"replies":[{"embeddable":true,"href":"https:\/\/4lv6.de\/index.php?rest_route=%2Fwp%2Fv2%2Fcomments&post=6483"}],"version-history":[{"count":26,"href":"https:\/\/4lv6.de\/index.php?rest_route=\/wp\/v2\/pages\/6483\/revisions"}],"predecessor-version":[{"id":6531,"href":"https:\/\/4lv6.de\/index.php?rest_route=\/wp\/v2\/pages\/6483\/revisions\/6531"}],"up":[{"embeddable":true,"href":"https:\/\/4lv6.de\/index.php?rest_route=\/wp\/v2\/pages\/387"}],"wp:attachment":[{"href":"https:\/\/4lv6.de\/index.php?rest_route=%2Fwp%2Fv2%2Fmedia&parent=6483"}],"curies":[{"name":"wp","href":"https:\/\/api.w.org\/{rel}","templated":true}]}}