{"id":6539,"date":"2023-12-07T15:38:48","date_gmt":"2023-12-07T14:38:48","guid":{"rendered":"http:\/\/4lv6.dydn.org\/?page_id=6539"},"modified":"2023-12-11T10:18:34","modified_gmt":"2023-12-11T09:18:34","slug":"luebeck","status":"publish","type":"page","link":"https:\/\/4lv6.de\/?page_id=6539","title":{"rendered":"L\u00fcbeck \/ Travem\u00fcnde"},"content":{"rendered":"<p><strong>7.12.23 Amelinghausen<\/strong><br \/>\nStart bei 196160 km. Mal sehen, wo wir heute Abend landen werden. Ausgesucht habe ich mir den Stellplatz &#8222;Am Waldbad&#8220; in Amelinghausen. Noch ist alles gr\u00fcn auf der A7. Um 18:30 Uhr kommen wir an. Das Einchecken geht schnell am Automaten. Ein Kastenwagen ist noch da, reichlich Platz f\u00fcr uns. Nach einem Mettbrot geht der Abend mit Fernsehen aus der Mediathek \u00fcber das freie WLan von Amelinghausen zu Ende.<br \/>\n<figure id=\"attachment_6543\" aria-describedby=\"caption-attachment-6543\" style=\"width: 660px\" class=\"wp-caption aligncenter\"><a href=\"https:\/\/4lv6.de\/wp-content\/uploads\/2023\/12\/IMG_20231208_104626-scaled.jpg\" rel=\"lightbox[6539]\"><img loading=\"lazy\" decoding=\"async\" src=\"https:\/\/4lv6.de\/wp-content\/uploads\/2023\/12\/IMG_20231208_104626-1024x575.jpg\" alt=\"\" width=\"660\" height=\"371\" class=\"size-large wp-image-6543\" srcset=\"https:\/\/4lv6.de\/wp-content\/uploads\/2023\/12\/IMG_20231208_104626-1024x575.jpg 1024w, https:\/\/4lv6.de\/wp-content\/uploads\/2023\/12\/IMG_20231208_104626-300x169.jpg 300w, https:\/\/4lv6.de\/wp-content\/uploads\/2023\/12\/IMG_20231208_104626-768x432.jpg 768w, https:\/\/4lv6.de\/wp-content\/uploads\/2023\/12\/IMG_20231208_104626-1536x863.jpg 1536w, https:\/\/4lv6.de\/wp-content\/uploads\/2023\/12\/IMG_20231208_104626-2048x1151.jpg 2048w\" sizes=\"auto, (max-width: 660px) 100vw, 660px\" \/><\/a><figcaption id=\"caption-attachment-6543\" class=\"wp-caption-text\">Stellplatz in Amelinghausen<\/figcaption><\/figure><\/p>\n<p><strong>8.12.23 Travem\u00fcde<\/strong><br \/>\nNach einer herrlich ruhigen Nacht werden wir von einem Fahrzeug geweckt, das nebenan auf dem Parkplatz im knirschenden Schnee wendet. Gegen 11 sind wir nach der Entsorgung startklar und rollen gem\u00fctlich auf der B209 Richtung Norden. In L\u00fcbeck noch LPG in die Flasche nachtanken und nebenan Ente mit Nudeln beim Chinamann in unsere M\u00e4gen stopfen. Tina und ich hatten unterschiedliche Stellp\u00e4tze herausgesucht, gelandet sind wir auf dem Kowitzberg, von den \u00fcber 100 Pl\u00e4tzen sind gerade mal 4 belegt. Wir zahlen die 8 Euro Geb\u00fchr am Automaten  inkl. Kurtaxe f\u00fcr eine Person und ziehen noch einen 2. Schein f\u00fcr die 2. Kurtaxe. Ich parke mutig mitten im Schnee. Nach einem Kaffee geht es mit dem L\u00fctten in die Altstadt von Travem\u00fcnde. Den Labcache brechen wir ab, uns ist kalt. Danach latschen wir auf der Uferpromenade umher und ergattern eine Bratwurst auf dem Mini-Weihnachtsmarkt. Um 18 Uhr sitzen wir wieder im warmen Womo.<br \/>\n<a href=\"https:\/\/4lv6.de\/wp-content\/uploads\/2023\/12\/IMG_20231208_155108-scaled.jpg\" rel=\"lightbox[6539]\"><img loading=\"lazy\" decoding=\"async\" src=\"https:\/\/4lv6.de\/wp-content\/uploads\/2023\/12\/IMG_20231208_155108-1024x575.jpg\" alt=\"\" width=\"660\" height=\"371\" class=\"aligncenter size-large wp-image-6544\" srcset=\"https:\/\/4lv6.de\/wp-content\/uploads\/2023\/12\/IMG_20231208_155108-1024x575.jpg 1024w, https:\/\/4lv6.de\/wp-content\/uploads\/2023\/12\/IMG_20231208_155108-300x169.jpg 300w, https:\/\/4lv6.de\/wp-content\/uploads\/2023\/12\/IMG_20231208_155108-768x432.jpg 768w, https:\/\/4lv6.de\/wp-content\/uploads\/2023\/12\/IMG_20231208_155108-1536x863.jpg 1536w, https:\/\/4lv6.de\/wp-content\/uploads\/2023\/12\/IMG_20231208_155108-2048x1151.jpg 2048w\" sizes=\"auto, (max-width: 660px) 100vw, 660px\" \/><\/a><a href=\"https:\/\/4lv6.de\/wp-content\/uploads\/2023\/12\/IMG_20231208_155115-scaled.jpg\" rel=\"lightbox[6539]\"><img loading=\"lazy\" decoding=\"async\" src=\"https:\/\/4lv6.de\/wp-content\/uploads\/2023\/12\/IMG_20231208_155115-1024x575.jpg\" alt=\"\" width=\"660\" height=\"371\" class=\"aligncenter size-large wp-image-6545\" srcset=\"https:\/\/4lv6.de\/wp-content\/uploads\/2023\/12\/IMG_20231208_155115-1024x575.jpg 1024w, https:\/\/4lv6.de\/wp-content\/uploads\/2023\/12\/IMG_20231208_155115-300x169.jpg 300w, https:\/\/4lv6.de\/wp-content\/uploads\/2023\/12\/IMG_20231208_155115-768x432.jpg 768w, https:\/\/4lv6.de\/wp-content\/uploads\/2023\/12\/IMG_20231208_155115-1536x863.jpg 1536w, https:\/\/4lv6.de\/wp-content\/uploads\/2023\/12\/IMG_20231208_155115-2048x1151.jpg 2048w\" sizes=\"auto, (max-width: 660px) 100vw, 660px\" \/><\/a><br \/>\n<figure id=\"attachment_6554\" aria-describedby=\"caption-attachment-6554\" style=\"width: 660px\" class=\"wp-caption aligncenter\"><a href=\"https:\/\/4lv6.de\/wp-content\/uploads\/2023\/12\/IMG_20231208_194948.jpg\" rel=\"lightbox[6539]\"><img loading=\"lazy\" decoding=\"async\" src=\"https:\/\/4lv6.de\/wp-content\/uploads\/2023\/12\/IMG_20231208_194948-1024x932.jpg\" alt=\"\" width=\"660\" height=\"601\" class=\"size-large wp-image-6554\" srcset=\"https:\/\/4lv6.de\/wp-content\/uploads\/2023\/12\/IMG_20231208_194948-1024x932.jpg 1024w, https:\/\/4lv6.de\/wp-content\/uploads\/2023\/12\/IMG_20231208_194948-300x273.jpg 300w, https:\/\/4lv6.de\/wp-content\/uploads\/2023\/12\/IMG_20231208_194948-768x699.jpg 768w, https:\/\/4lv6.de\/wp-content\/uploads\/2023\/12\/IMG_20231208_194948.jpg 1080w\" sizes=\"auto, (max-width: 660px) 100vw, 660px\" \/><\/a><figcaption id=\"caption-attachment-6554\" class=\"wp-caption-text\">Hier kann man live im Netz sehen was belegt ist, der rote Kreis m\u00fcssten wir sein<\/figcaption><\/figure><br \/>\n<figure id=\"attachment_6546\" aria-describedby=\"caption-attachment-6546\" style=\"width: 660px\" class=\"wp-caption aligncenter\"><a href=\"https:\/\/4lv6.de\/wp-content\/uploads\/2023\/12\/IMG_20231208_165509-scaled.jpg\" rel=\"lightbox[6539]\"><img loading=\"lazy\" decoding=\"async\" src=\"https:\/\/4lv6.de\/wp-content\/uploads\/2023\/12\/IMG_20231208_165509-1024x575.jpg\" alt=\"\" width=\"660\" height=\"371\" class=\"size-large wp-image-6546\" srcset=\"https:\/\/4lv6.de\/wp-content\/uploads\/2023\/12\/IMG_20231208_165509-1024x575.jpg 1024w, https:\/\/4lv6.de\/wp-content\/uploads\/2023\/12\/IMG_20231208_165509-300x169.jpg 300w, https:\/\/4lv6.de\/wp-content\/uploads\/2023\/12\/IMG_20231208_165509-768x432.jpg 768w, https:\/\/4lv6.de\/wp-content\/uploads\/2023\/12\/IMG_20231208_165509-1536x863.jpg 1536w, https:\/\/4lv6.de\/wp-content\/uploads\/2023\/12\/IMG_20231208_165509-2048x1151.jpg 2048w\" sizes=\"auto, (max-width: 660px) 100vw, 660px\" \/><\/a><figcaption id=\"caption-attachment-6546\" class=\"wp-caption-text\">Die Passat<\/figcaption><\/figure><figure id=\"attachment_6547\" aria-describedby=\"caption-attachment-6547\" style=\"width: 660px\" class=\"wp-caption aligncenter\"><a href=\"https:\/\/4lv6.de\/wp-content\/uploads\/2023\/12\/IMG_20231208_165628-scaled.jpg\" rel=\"lightbox[6539]\"><img loading=\"lazy\" decoding=\"async\" src=\"https:\/\/4lv6.de\/wp-content\/uploads\/2023\/12\/IMG_20231208_165628-1024x575.jpg\" alt=\"\" width=\"660\" height=\"371\" class=\"size-large wp-image-6547\" srcset=\"https:\/\/4lv6.de\/wp-content\/uploads\/2023\/12\/IMG_20231208_165628-1024x575.jpg 1024w, https:\/\/4lv6.de\/wp-content\/uploads\/2023\/12\/IMG_20231208_165628-300x169.jpg 300w, https:\/\/4lv6.de\/wp-content\/uploads\/2023\/12\/IMG_20231208_165628-768x432.jpg 768w, https:\/\/4lv6.de\/wp-content\/uploads\/2023\/12\/IMG_20231208_165628-1536x863.jpg 1536w, https:\/\/4lv6.de\/wp-content\/uploads\/2023\/12\/IMG_20231208_165628-2048x1151.jpg 2048w\" sizes=\"auto, (max-width: 660px) 100vw, 660px\" \/><\/a><figcaption id=\"caption-attachment-6547\" class=\"wp-caption-text\">Der alte Leuchtturm<\/figcaption><\/figure><\/p>\n<p><strong>9.12.23 Travem\u00fcnde<\/strong><br \/>\nUm 9 Uhr klingelt der Wecker, bis zum Fr\u00fchst\u00fcck mit R\u00fchrei und Lachs dauert es bis Mittag. In L\u00fcbeck schauen wir nach Sofas. Wird wohl wieder das Gleiche werden. In der Innenstadt ist Chaos, nach 2 Stunden, eine Beule sp\u00e4ter am Heck, finden wir einen Parkplatz. So viele Menschen an einem Ort haben wir lange nicht gehabt. 2 Weihnachtsm\u00e4rkte, der Dom und wieder weg. In Travem\u00fcnde laufen wir auf der Promenade zu den Elchen am Maritim, kalt, weit, windig. Der Womoplatz ist eine Matschkuhle, aber das Essen klappt. Ob wir hier wieder rauskommen?<br \/>\n<figure id=\"attachment_6559\" aria-describedby=\"caption-attachment-6559\" style=\"width: 660px\" class=\"wp-caption aligncenter\"><a href=\"https:\/\/4lv6.de\/wp-content\/uploads\/2023\/12\/PXL_20231209_141651904-scaled.jpg\" rel=\"lightbox[6539]\"><img loading=\"lazy\" decoding=\"async\" src=\"https:\/\/4lv6.de\/wp-content\/uploads\/2023\/12\/PXL_20231209_141651904-1024x768.jpg\" alt=\"\" width=\"660\" height=\"495\" class=\"size-large wp-image-6559\" srcset=\"https:\/\/4lv6.de\/wp-content\/uploads\/2023\/12\/PXL_20231209_141651904-1024x768.jpg 1024w, https:\/\/4lv6.de\/wp-content\/uploads\/2023\/12\/PXL_20231209_141651904-300x225.jpg 300w, https:\/\/4lv6.de\/wp-content\/uploads\/2023\/12\/PXL_20231209_141651904-768x576.jpg 768w, https:\/\/4lv6.de\/wp-content\/uploads\/2023\/12\/PXL_20231209_141651904-1536x1152.jpg 1536w, https:\/\/4lv6.de\/wp-content\/uploads\/2023\/12\/PXL_20231209_141651904-2048x1536.jpg 2048w\" sizes=\"auto, (max-width: 660px) 100vw, 660px\" \/><\/a><figcaption id=\"caption-attachment-6559\" class=\"wp-caption-text\">Ohne Worte<\/figcaption><\/figure><a href=\"https:\/\/4lv6.de\/wp-content\/uploads\/2023\/12\/PXL_20231209_152029945-scaled.jpg\" rel=\"lightbox[6539]\"><img loading=\"lazy\" decoding=\"async\" src=\"https:\/\/4lv6.de\/wp-content\/uploads\/2023\/12\/PXL_20231209_152029945-768x1024.jpg\" alt=\"\" width=\"660\" height=\"880\" class=\"aligncenter size-large wp-image-6560\" srcset=\"https:\/\/4lv6.de\/wp-content\/uploads\/2023\/12\/PXL_20231209_152029945-768x1024.jpg 768w, https:\/\/4lv6.de\/wp-content\/uploads\/2023\/12\/PXL_20231209_152029945-225x300.jpg 225w, https:\/\/4lv6.de\/wp-content\/uploads\/2023\/12\/PXL_20231209_152029945-1152x1536.jpg 1152w, https:\/\/4lv6.de\/wp-content\/uploads\/2023\/12\/PXL_20231209_152029945-1536x2048.jpg 1536w, https:\/\/4lv6.de\/wp-content\/uploads\/2023\/12\/PXL_20231209_152029945-scaled.jpg 1920w\" sizes=\"auto, (max-width: 660px) 100vw, 660px\" \/><\/a><a href=\"https:\/\/4lv6.de\/wp-content\/uploads\/2023\/12\/PXL_20231209_170215593-scaled.jpg\" rel=\"lightbox[6539]\"><img loading=\"lazy\" decoding=\"async\" src=\"https:\/\/4lv6.de\/wp-content\/uploads\/2023\/12\/PXL_20231209_170215593-1024x768.jpg\" alt=\"\" width=\"660\" height=\"495\" class=\"aligncenter size-large wp-image-6561\" srcset=\"https:\/\/4lv6.de\/wp-content\/uploads\/2023\/12\/PXL_20231209_170215593-1024x768.jpg 1024w, https:\/\/4lv6.de\/wp-content\/uploads\/2023\/12\/PXL_20231209_170215593-300x225.jpg 300w, https:\/\/4lv6.de\/wp-content\/uploads\/2023\/12\/PXL_20231209_170215593-768x576.jpg 768w, https:\/\/4lv6.de\/wp-content\/uploads\/2023\/12\/PXL_20231209_170215593-1536x1152.jpg 1536w, https:\/\/4lv6.de\/wp-content\/uploads\/2023\/12\/PXL_20231209_170215593-2048x1536.jpg 2048w\" sizes=\"auto, (max-width: 660px) 100vw, 660px\" \/><\/a><\/p>\n<p><strong>10.12.23 R\u00fcckfahrt<\/strong><br \/>\nEs hat m\u00e4chtig getaut, der ganze Schnee ist weg und wir stehen mitten im Matsch! Die Furche ist gar nicht so schlimm nach dem Herauskommen. Abschlepper war nicht n\u00f6tig. In Bispingen gibt es schlechte Fish &#038; Chips bei Nordsee. Kurz vor Soltau ist es rot, Tina ist schon vorgefahren und glaubt mal Google und f\u00e4hrt ab. Ich verbringe \u00fcber eine Stunde im Stau. In Hannover wird noch Gas und Diesel aufgef\u00fcllt, das Frischwasser abgelassen und um 18 Uhr bin ich dann auch auf dem Sofa. Tachostand 196647: 487 km und ca. 29 L LPG-Gas.<\/p>\n","protected":false},"excerpt":{"rendered":"<p>7.12.23 Amelinghausen Start bei 196160 km. Mal sehen, wo wir heute Abend landen werden. Ausgesucht habe ich mir den Stellplatz &#8222;Am Waldbad&#8220; in Amelinghausen. Noch ist alles gr\u00fcn auf der A7. Um 18:30 Uhr kommen wir an. Das Einchecken geht schnell am Automaten. Ein Kastenwagen ist noch da, reichlich Platz f\u00fcr uns. Nach einem Mettbrot &hellip; <a href=\"https:\/\/4lv6.de\/?page_id=6539\" class=\"more-link\"><span class=\"screen-reader-text\">L\u00fcbeck \/ Travem\u00fcnde<\/span> weiterlesen<\/a><\/p>\n","protected":false},"author":6,"featured_media":0,"parent":0,"menu_order":0,"comment_status":"closed","ping_status":"closed","template":"","meta":{"footnotes":""},"class_list":["post-6539","page","type-page","status-publish","hentry"],"_links":{"self":[{"href":"https:\/\/4lv6.de\/index.php?rest_route=\/wp\/v2\/pages\/6539","targetHints":{"allow":["GET"]}}],"collection":[{"href":"https:\/\/4lv6.de\/index.php?rest_route=\/wp\/v2\/pages"}],"about":[{"href":"https:\/\/4lv6.de\/index.php?rest_route=\/wp\/v2\/types\/page"}],"author":[{"embeddable":true,"href":"https:\/\/4lv6.de\/index.php?rest_route=\/wp\/v2\/users\/6"}],"replies":[{"embeddable":true,"href":"https:\/\/4lv6.de\/index.php?rest_route=%2Fwp%2Fv2%2Fcomments&post=6539"}],"version-history":[{"count":15,"href":"https:\/\/4lv6.de\/index.php?rest_route=\/wp\/v2\/pages\/6539\/revisions"}],"predecessor-version":[{"id":6564,"href":"https:\/\/4lv6.de\/index.php?rest_route=\/wp\/v2\/pages\/6539\/revisions\/6564"}],"wp:attachment":[{"href":"https:\/\/4lv6.de\/index.php?rest_route=%2Fwp%2Fv2%2Fmedia&parent=6539"}],"curies":[{"name":"wp","href":"https:\/\/api.w.org\/{rel}","templated":true}]}}