{"id":7248,"date":"2024-09-30T10:41:32","date_gmt":"2024-09-30T09:41:32","guid":{"rendered":"http:\/\/4lv6.dydn.org\/?page_id=7248"},"modified":"2024-11-21T17:28:24","modified_gmt":"2024-11-21T16:28:24","slug":"wochenende-in-hardegsen","status":"publish","type":"page","link":"https:\/\/4lv6.de\/?page_id=7248","title":{"rendered":"Wochenende in Hardegsen"},"content":{"rendered":"<p><strong>27.9.2024 Anfahrt zum Stellplatz<\/strong><br \/>\nGegen 16 Uhr starten wir Richtung S\u00fcden, wir nehmen die A7 und bummeln durch die Baustellen, warum es nicht voran geht ist mir ein R\u00e4tsel, man darf in der Baustelle 100 fahren. Gegen 18:30 haben wir uns auf dem Stellplatz eingerichtet, leider kommt der Betreiber erst Morgen dazu, uns Strom zur Verf\u00fcgung zu stellen. Macht nichts, wir kommen auch so klar. Zum Abendessen gibt es Sushi von Edeka.<br \/>\n<figure id=\"attachment_7229\" aria-describedby=\"caption-attachment-7229\" style=\"width: 660px\" class=\"wp-caption aligncenter\"><a href=\"https:\/\/4lv6.de\/wp-content\/uploads\/2024\/09\/PXL_20240928_160827506-scaled.jpg\" rel=\"lightbox[7248]\"><img loading=\"lazy\" decoding=\"async\" src=\"https:\/\/4lv6.de\/wp-content\/uploads\/2024\/09\/PXL_20240928_160827506-1024x768.jpg\" alt=\"\" width=\"660\" height=\"495\" class=\"size-large wp-image-7229\" srcset=\"https:\/\/4lv6.de\/wp-content\/uploads\/2024\/09\/PXL_20240928_160827506-1024x768.jpg 1024w, https:\/\/4lv6.de\/wp-content\/uploads\/2024\/09\/PXL_20240928_160827506-300x225.jpg 300w, https:\/\/4lv6.de\/wp-content\/uploads\/2024\/09\/PXL_20240928_160827506-768x576.jpg 768w, https:\/\/4lv6.de\/wp-content\/uploads\/2024\/09\/PXL_20240928_160827506-1536x1152.jpg 1536w, https:\/\/4lv6.de\/wp-content\/uploads\/2024\/09\/PXL_20240928_160827506-2048x1536.jpg 2048w\" sizes=\"auto, (max-width: 660px) 100vw, 660px\" \/><\/a><figcaption id=\"caption-attachment-7229\" class=\"wp-caption-text\">&#8222;Ehemaliges S\u00e4gewerk mit Weitsicht&#8220; gebucht via Nomady<\/figcaption><\/figure><\/p>\n<p><strong>28.9.2024 Besichtungen Burg Plesse, Ruine Hardegsen und Ruine Hardenberg<\/strong><br \/>\nMal so richtig ausgeschlafen machen wir uns gegen Mittag auf den Weg zur Burg Plesse. Es ist k\u00fchl, sonnig und ab und zu ein Regenschauer. Auf dem Parkplatz der Burg Plesse erwischen wir einen der letzten Pl\u00e4tze und laufen zur Burg. Dort gibt es einen Labcache. Der ist schnell abgelaufen und auf dem R\u00fcckweg noch ein kleiner Tradi. Mittagessen gibt es in G\u00f6ttingen beim Chinamann im Kauf Park.<br \/>\nDanach steht die Ruine Hardenberg auf dem Plan. Ein steiler Anstieg vom Parkplatz und ein Rundgang um die Ruine mit Tradifund. Hinein geht nicht, ist geschlossen. Wir sind fast alleine und geniessen das Wetter.<br \/>\nEinen Lidl haben wir auch noch aufgesucht, um Vorr\u00e4te auch f\u00fcr die Woche zu haben. Im Anschluss sind wir nach Hardegsen zur Burgruine gefahren. Leider ist die komplett abgesperrt und viel ist auch nicht zu sehen. Hier starten wir mit einem Labcache, der uns in 5 Stationen durch den Ort f\u00fchrt.<br \/>\n<figure id=\"attachment_7246\" aria-describedby=\"caption-attachment-7246\" style=\"width: 660px\" class=\"wp-caption aligncenter\"><a href=\"https:\/\/4lv6.de\/wp-content\/uploads\/2024\/09\/PXL_20240928_101043899-scaled.jpg\" rel=\"lightbox[7248]\"><img loading=\"lazy\" decoding=\"async\" src=\"https:\/\/4lv6.de\/wp-content\/uploads\/2024\/09\/PXL_20240928_101043899-1024x768.jpg\" alt=\"\" width=\"660\" height=\"495\" class=\"size-large wp-image-7246\" srcset=\"https:\/\/4lv6.de\/wp-content\/uploads\/2024\/09\/PXL_20240928_101043899-1024x768.jpg 1024w, https:\/\/4lv6.de\/wp-content\/uploads\/2024\/09\/PXL_20240928_101043899-300x225.jpg 300w, https:\/\/4lv6.de\/wp-content\/uploads\/2024\/09\/PXL_20240928_101043899-768x576.jpg 768w, https:\/\/4lv6.de\/wp-content\/uploads\/2024\/09\/PXL_20240928_101043899-1536x1152.jpg 1536w, https:\/\/4lv6.de\/wp-content\/uploads\/2024\/09\/PXL_20240928_101043899-2048x1536.jpg 2048w\" sizes=\"auto, (max-width: 660px) 100vw, 660px\" \/><\/a><figcaption id=\"caption-attachment-7246\" class=\"wp-caption-text\">Burg Plesse<\/figcaption><\/figure><figure id=\"attachment_7244\" aria-describedby=\"caption-attachment-7244\" style=\"width: 660px\" class=\"wp-caption aligncenter\"><a href=\"https:\/\/4lv6.de\/wp-content\/uploads\/2024\/09\/PXL_20240928_101852966-scaled.jpg\" rel=\"lightbox[7248]\"><img loading=\"lazy\" decoding=\"async\" src=\"https:\/\/4lv6.de\/wp-content\/uploads\/2024\/09\/PXL_20240928_101852966-1024x768.jpg\" alt=\"\" width=\"660\" height=\"495\" class=\"size-large wp-image-7244\" srcset=\"https:\/\/4lv6.de\/wp-content\/uploads\/2024\/09\/PXL_20240928_101852966-1024x768.jpg 1024w, https:\/\/4lv6.de\/wp-content\/uploads\/2024\/09\/PXL_20240928_101852966-300x225.jpg 300w, https:\/\/4lv6.de\/wp-content\/uploads\/2024\/09\/PXL_20240928_101852966-768x576.jpg 768w, https:\/\/4lv6.de\/wp-content\/uploads\/2024\/09\/PXL_20240928_101852966-1536x1152.jpg 1536w, https:\/\/4lv6.de\/wp-content\/uploads\/2024\/09\/PXL_20240928_101852966-2048x1536.jpg 2048w\" sizes=\"auto, (max-width: 660px) 100vw, 660px\" \/><\/a><figcaption id=\"caption-attachment-7244\" class=\"wp-caption-text\">Burg Plesse Grosser Turm<\/figcaption><\/figure><figure id=\"attachment_7242\" aria-describedby=\"caption-attachment-7242\" style=\"width: 660px\" class=\"wp-caption aligncenter\"><a href=\"https:\/\/4lv6.de\/wp-content\/uploads\/2024\/09\/PXL_20240928_103952061-scaled.jpg\" rel=\"lightbox[7248]\"><img loading=\"lazy\" decoding=\"async\" src=\"https:\/\/4lv6.de\/wp-content\/uploads\/2024\/09\/PXL_20240928_103952061-1024x768.jpg\" alt=\"\" width=\"660\" height=\"495\" class=\"size-large wp-image-7242\" srcset=\"https:\/\/4lv6.de\/wp-content\/uploads\/2024\/09\/PXL_20240928_103952061-1024x768.jpg 1024w, https:\/\/4lv6.de\/wp-content\/uploads\/2024\/09\/PXL_20240928_103952061-300x225.jpg 300w, https:\/\/4lv6.de\/wp-content\/uploads\/2024\/09\/PXL_20240928_103952061-768x576.jpg 768w, https:\/\/4lv6.de\/wp-content\/uploads\/2024\/09\/PXL_20240928_103952061-1536x1152.jpg 1536w, https:\/\/4lv6.de\/wp-content\/uploads\/2024\/09\/PXL_20240928_103952061-2048x1536.jpg 2048w\" sizes=\"auto, (max-width: 660px) 100vw, 660px\" \/><\/a><figcaption id=\"caption-attachment-7242\" class=\"wp-caption-text\">Burg Plesse Blick ins Tal<\/figcaption><\/figure><figure id=\"attachment_7241\" aria-describedby=\"caption-attachment-7241\" style=\"width: 660px\" class=\"wp-caption aligncenter\"><a href=\"https:\/\/4lv6.de\/wp-content\/uploads\/2024\/09\/PXL_20240928_104236867-scaled.jpg\" rel=\"lightbox[7248]\"><img loading=\"lazy\" decoding=\"async\" src=\"https:\/\/4lv6.de\/wp-content\/uploads\/2024\/09\/PXL_20240928_104236867-768x1024.jpg\" alt=\"\" width=\"660\" height=\"880\" class=\"size-large wp-image-7241\" srcset=\"https:\/\/4lv6.de\/wp-content\/uploads\/2024\/09\/PXL_20240928_104236867-768x1024.jpg 768w, https:\/\/4lv6.de\/wp-content\/uploads\/2024\/09\/PXL_20240928_104236867-225x300.jpg 225w, https:\/\/4lv6.de\/wp-content\/uploads\/2024\/09\/PXL_20240928_104236867-1152x1536.jpg 1152w, https:\/\/4lv6.de\/wp-content\/uploads\/2024\/09\/PXL_20240928_104236867-1536x2048.jpg 1536w, https:\/\/4lv6.de\/wp-content\/uploads\/2024\/09\/PXL_20240928_104236867-scaled.jpg 1920w\" sizes=\"auto, (max-width: 660px) 100vw, 660px\" \/><\/a><figcaption id=\"caption-attachment-7241\" class=\"wp-caption-text\">Burg Plesse, im grossen Turm, ca. 28 m hoch<\/figcaption><\/figure><figure id=\"attachment_7240\" aria-describedby=\"caption-attachment-7240\" style=\"width: 660px\" class=\"wp-caption aligncenter\"><a href=\"https:\/\/4lv6.de\/wp-content\/uploads\/2024\/09\/PXL_20240928_131333294-scaled.jpg\" rel=\"lightbox[7248]\"><img loading=\"lazy\" decoding=\"async\" src=\"https:\/\/4lv6.de\/wp-content\/uploads\/2024\/09\/PXL_20240928_131333294-1024x768.jpg\" alt=\"\" width=\"660\" height=\"495\" class=\"size-large wp-image-7240\" srcset=\"https:\/\/4lv6.de\/wp-content\/uploads\/2024\/09\/PXL_20240928_131333294-1024x768.jpg 1024w, https:\/\/4lv6.de\/wp-content\/uploads\/2024\/09\/PXL_20240928_131333294-300x225.jpg 300w, https:\/\/4lv6.de\/wp-content\/uploads\/2024\/09\/PXL_20240928_131333294-768x576.jpg 768w, https:\/\/4lv6.de\/wp-content\/uploads\/2024\/09\/PXL_20240928_131333294-1536x1152.jpg 1536w, https:\/\/4lv6.de\/wp-content\/uploads\/2024\/09\/PXL_20240928_131333294-2048x1536.jpg 2048w\" sizes=\"auto, (max-width: 660px) 100vw, 660px\" \/><\/a><figcaption id=\"caption-attachment-7240\" class=\"wp-caption-text\">Parkplatz an der Ruine Hardenberg<\/figcaption><\/figure><\/p>\n<p><figure id=\"attachment_7239\" aria-describedby=\"caption-attachment-7239\" style=\"width: 660px\" class=\"wp-caption aligncenter\"><a href=\"https:\/\/4lv6.de\/wp-content\/uploads\/2024\/09\/PXL_20240928_131343533-scaled.jpg\" rel=\"lightbox[7248]\"><img loading=\"lazy\" decoding=\"async\" src=\"https:\/\/4lv6.de\/wp-content\/uploads\/2024\/09\/PXL_20240928_131343533-1024x768.jpg\" alt=\"\" width=\"660\" height=\"495\" class=\"size-large wp-image-7239\" srcset=\"https:\/\/4lv6.de\/wp-content\/uploads\/2024\/09\/PXL_20240928_131343533-1024x768.jpg 1024w, https:\/\/4lv6.de\/wp-content\/uploads\/2024\/09\/PXL_20240928_131343533-300x225.jpg 300w, https:\/\/4lv6.de\/wp-content\/uploads\/2024\/09\/PXL_20240928_131343533-768x576.jpg 768w, https:\/\/4lv6.de\/wp-content\/uploads\/2024\/09\/PXL_20240928_131343533-1536x1152.jpg 1536w, https:\/\/4lv6.de\/wp-content\/uploads\/2024\/09\/PXL_20240928_131343533-2048x1536.jpg 2048w\" sizes=\"auto, (max-width: 660px) 100vw, 660px\" \/><\/a><figcaption id=\"caption-attachment-7239\" class=\"wp-caption-text\">Parkplatz Ruine Hardenberg<\/figcaption><\/figure><figure id=\"attachment_7238\" aria-describedby=\"caption-attachment-7238\" style=\"width: 660px\" class=\"wp-caption aligncenter\"><a href=\"https:\/\/4lv6.de\/wp-content\/uploads\/2024\/09\/PXL_20240928_132022896-scaled.jpg\" rel=\"lightbox[7248]\"><img loading=\"lazy\" decoding=\"async\" src=\"https:\/\/4lv6.de\/wp-content\/uploads\/2024\/09\/PXL_20240928_132022896-1024x768.jpg\" alt=\"\" width=\"660\" height=\"495\" class=\"size-large wp-image-7238\" srcset=\"https:\/\/4lv6.de\/wp-content\/uploads\/2024\/09\/PXL_20240928_132022896-1024x768.jpg 1024w, https:\/\/4lv6.de\/wp-content\/uploads\/2024\/09\/PXL_20240928_132022896-300x225.jpg 300w, https:\/\/4lv6.de\/wp-content\/uploads\/2024\/09\/PXL_20240928_132022896-768x576.jpg 768w, https:\/\/4lv6.de\/wp-content\/uploads\/2024\/09\/PXL_20240928_132022896-1536x1152.jpg 1536w, https:\/\/4lv6.de\/wp-content\/uploads\/2024\/09\/PXL_20240928_132022896-2048x1536.jpg 2048w\" sizes=\"auto, (max-width: 660px) 100vw, 660px\" \/><\/a><figcaption id=\"caption-attachment-7238\" class=\"wp-caption-text\">Ruine Hardenberg<\/figcaption><\/figure><\/p>\n<figure id=\"attachment_7237\" aria-describedby=\"caption-attachment-7237\" style=\"width: 660px\" class=\"wp-caption aligncenter\"><a href=\"https:\/\/4lv6.de\/wp-content\/uploads\/2024\/09\/PXL_20240928_132334186-scaled.jpg\" rel=\"lightbox[7248]\"><img loading=\"lazy\" decoding=\"async\" src=\"https:\/\/4lv6.de\/wp-content\/uploads\/2024\/09\/PXL_20240928_132334186-1024x768.jpg\" alt=\"\" width=\"660\" height=\"495\" class=\"size-large wp-image-7237\" srcset=\"https:\/\/4lv6.de\/wp-content\/uploads\/2024\/09\/PXL_20240928_132334186-1024x768.jpg 1024w, https:\/\/4lv6.de\/wp-content\/uploads\/2024\/09\/PXL_20240928_132334186-300x225.jpg 300w, https:\/\/4lv6.de\/wp-content\/uploads\/2024\/09\/PXL_20240928_132334186-768x576.jpg 768w, https:\/\/4lv6.de\/wp-content\/uploads\/2024\/09\/PXL_20240928_132334186-1536x1152.jpg 1536w, https:\/\/4lv6.de\/wp-content\/uploads\/2024\/09\/PXL_20240928_132334186-2048x1536.jpg 2048w\" sizes=\"auto, (max-width: 660px) 100vw, 660px\" \/><\/a><figcaption id=\"caption-attachment-7237\" class=\"wp-caption-text\">Ruine Hardenberg, auf dem Rundweg<\/figcaption><\/figure>\n<figure id=\"attachment_7236\" aria-describedby=\"caption-attachment-7236\" style=\"width: 660px\" class=\"wp-caption aligncenter\"><a href=\"https:\/\/4lv6.de\/wp-content\/uploads\/2024\/09\/PXL_20240928_132441695-scaled.jpg\" rel=\"lightbox[7248]\"><img loading=\"lazy\" decoding=\"async\" src=\"https:\/\/4lv6.de\/wp-content\/uploads\/2024\/09\/PXL_20240928_132441695-1024x768.jpg\" alt=\"\" width=\"660\" height=\"495\" class=\"size-large wp-image-7236\" srcset=\"https:\/\/4lv6.de\/wp-content\/uploads\/2024\/09\/PXL_20240928_132441695-1024x768.jpg 1024w, https:\/\/4lv6.de\/wp-content\/uploads\/2024\/09\/PXL_20240928_132441695-300x225.jpg 300w, https:\/\/4lv6.de\/wp-content\/uploads\/2024\/09\/PXL_20240928_132441695-768x576.jpg 768w, https:\/\/4lv6.de\/wp-content\/uploads\/2024\/09\/PXL_20240928_132441695-1536x1152.jpg 1536w, https:\/\/4lv6.de\/wp-content\/uploads\/2024\/09\/PXL_20240928_132441695-2048x1536.jpg 2048w\" sizes=\"auto, (max-width: 660px) 100vw, 660px\" \/><\/a><figcaption id=\"caption-attachment-7236\" class=\"wp-caption-text\">Ruine Hardenberg, auf dem Rundweg<\/figcaption><\/figure>\n<p><figure id=\"attachment_7235\" aria-describedby=\"caption-attachment-7235\" style=\"width: 660px\" class=\"wp-caption aligncenter\"><a href=\"https:\/\/4lv6.de\/wp-content\/uploads\/2024\/09\/PXL_20240928_134758931-scaled.jpg\" rel=\"lightbox[7248]\"><img loading=\"lazy\" decoding=\"async\" src=\"https:\/\/4lv6.de\/wp-content\/uploads\/2024\/09\/PXL_20240928_134758931-1024x768.jpg\" alt=\"\" width=\"660\" height=\"495\" class=\"size-large wp-image-7235\" srcset=\"https:\/\/4lv6.de\/wp-content\/uploads\/2024\/09\/PXL_20240928_134758931-1024x768.jpg 1024w, https:\/\/4lv6.de\/wp-content\/uploads\/2024\/09\/PXL_20240928_134758931-300x225.jpg 300w, https:\/\/4lv6.de\/wp-content\/uploads\/2024\/09\/PXL_20240928_134758931-768x576.jpg 768w, https:\/\/4lv6.de\/wp-content\/uploads\/2024\/09\/PXL_20240928_134758931-1536x1152.jpg 1536w, https:\/\/4lv6.de\/wp-content\/uploads\/2024\/09\/PXL_20240928_134758931-2048x1536.jpg 2048w\" sizes=\"auto, (max-width: 660px) 100vw, 660px\" \/><\/a><figcaption id=\"caption-attachment-7235\" class=\"wp-caption-text\">Ruine Hardenberg, auf dem Rundweg<\/figcaption><\/figure><figure id=\"attachment_7234\" aria-describedby=\"caption-attachment-7234\" style=\"width: 660px\" class=\"wp-caption aligncenter\"><a href=\"https:\/\/4lv6.de\/wp-content\/uploads\/2024\/09\/PXL_20240928_145759683-scaled.jpg\" rel=\"lightbox[7248]\"><img loading=\"lazy\" decoding=\"async\" src=\"https:\/\/4lv6.de\/wp-content\/uploads\/2024\/09\/PXL_20240928_145759683-1024x768.jpg\" alt=\"\" width=\"660\" height=\"495\" class=\"size-large wp-image-7234\" srcset=\"https:\/\/4lv6.de\/wp-content\/uploads\/2024\/09\/PXL_20240928_145759683-1024x768.jpg 1024w, https:\/\/4lv6.de\/wp-content\/uploads\/2024\/09\/PXL_20240928_145759683-300x225.jpg 300w, https:\/\/4lv6.de\/wp-content\/uploads\/2024\/09\/PXL_20240928_145759683-768x576.jpg 768w, https:\/\/4lv6.de\/wp-content\/uploads\/2024\/09\/PXL_20240928_145759683-1536x1152.jpg 1536w, https:\/\/4lv6.de\/wp-content\/uploads\/2024\/09\/PXL_20240928_145759683-2048x1536.jpg 2048w\" sizes=\"auto, (max-width: 660px) 100vw, 660px\" \/><\/a><figcaption id=\"caption-attachment-7234\" class=\"wp-caption-text\">Muthaussaal Burg Hardeg<\/figcaption><\/figure><\/p>\n<figure id=\"attachment_7233\" aria-describedby=\"caption-attachment-7233\" style=\"width: 660px\" class=\"wp-caption aligncenter\"><a href=\"https:\/\/4lv6.de\/wp-content\/uploads\/2024\/09\/PXL_20240928_145853466-scaled.jpg\" rel=\"lightbox[7248]\"><img loading=\"lazy\" decoding=\"async\" src=\"https:\/\/4lv6.de\/wp-content\/uploads\/2024\/09\/PXL_20240928_145853466-1024x768.jpg\" alt=\"\" width=\"660\" height=\"495\" class=\"size-large wp-image-7233\" srcset=\"https:\/\/4lv6.de\/wp-content\/uploads\/2024\/09\/PXL_20240928_145853466-1024x768.jpg 1024w, https:\/\/4lv6.de\/wp-content\/uploads\/2024\/09\/PXL_20240928_145853466-300x225.jpg 300w, https:\/\/4lv6.de\/wp-content\/uploads\/2024\/09\/PXL_20240928_145853466-768x576.jpg 768w, https:\/\/4lv6.de\/wp-content\/uploads\/2024\/09\/PXL_20240928_145853466-1536x1152.jpg 1536w, https:\/\/4lv6.de\/wp-content\/uploads\/2024\/09\/PXL_20240928_145853466-2048x1536.jpg 2048w\" sizes=\"auto, (max-width: 660px) 100vw, 660px\" \/><\/a><figcaption id=\"caption-attachment-7233\" class=\"wp-caption-text\">Hardegsen<\/figcaption><\/figure>\n<figure id=\"attachment_7232\" aria-describedby=\"caption-attachment-7232\" style=\"width: 660px\" class=\"wp-caption aligncenter\"><a href=\"https:\/\/4lv6.de\/wp-content\/uploads\/2024\/09\/PXL_20240928_145917215-scaled.jpg\" rel=\"lightbox[7248]\"><img loading=\"lazy\" decoding=\"async\" src=\"https:\/\/4lv6.de\/wp-content\/uploads\/2024\/09\/PXL_20240928_145917215-1024x768.jpg\" alt=\"\" width=\"660\" height=\"495\" class=\"size-large wp-image-7232\" srcset=\"https:\/\/4lv6.de\/wp-content\/uploads\/2024\/09\/PXL_20240928_145917215-1024x768.jpg 1024w, https:\/\/4lv6.de\/wp-content\/uploads\/2024\/09\/PXL_20240928_145917215-300x225.jpg 300w, https:\/\/4lv6.de\/wp-content\/uploads\/2024\/09\/PXL_20240928_145917215-768x576.jpg 768w, https:\/\/4lv6.de\/wp-content\/uploads\/2024\/09\/PXL_20240928_145917215-1536x1152.jpg 1536w, https:\/\/4lv6.de\/wp-content\/uploads\/2024\/09\/PXL_20240928_145917215-2048x1536.jpg 2048w\" sizes=\"auto, (max-width: 660px) 100vw, 660px\" \/><\/a><figcaption id=\"caption-attachment-7232\" class=\"wp-caption-text\">Hardegsen<\/figcaption><\/figure>\n<figure id=\"attachment_7231\" aria-describedby=\"caption-attachment-7231\" style=\"width: 660px\" class=\"wp-caption aligncenter\"><a href=\"https:\/\/4lv6.de\/wp-content\/uploads\/2024\/09\/PXL_20240928_151055603-scaled.jpg\" rel=\"lightbox[7248]\"><img loading=\"lazy\" decoding=\"async\" src=\"https:\/\/4lv6.de\/wp-content\/uploads\/2024\/09\/PXL_20240928_151055603-1024x768.jpg\" alt=\"\" width=\"660\" height=\"495\" class=\"size-large wp-image-7231\" srcset=\"https:\/\/4lv6.de\/wp-content\/uploads\/2024\/09\/PXL_20240928_151055603-1024x768.jpg 1024w, https:\/\/4lv6.de\/wp-content\/uploads\/2024\/09\/PXL_20240928_151055603-300x225.jpg 300w, https:\/\/4lv6.de\/wp-content\/uploads\/2024\/09\/PXL_20240928_151055603-768x576.jpg 768w, https:\/\/4lv6.de\/wp-content\/uploads\/2024\/09\/PXL_20240928_151055603-1536x1152.jpg 1536w, https:\/\/4lv6.de\/wp-content\/uploads\/2024\/09\/PXL_20240928_151055603-2048x1536.jpg 2048w\" sizes=\"auto, (max-width: 660px) 100vw, 660px\" \/><\/a><figcaption id=\"caption-attachment-7231\" class=\"wp-caption-text\">Hardegsen, Station eines Labcaches<\/figcaption><\/figure>\n<figure id=\"attachment_7230\" aria-describedby=\"caption-attachment-7230\" style=\"width: 660px\" class=\"wp-caption aligncenter\"><a href=\"https:\/\/4lv6.de\/wp-content\/uploads\/2024\/09\/PXL_20240928_151959738-scaled.jpg\" rel=\"lightbox[7248]\"><img loading=\"lazy\" decoding=\"async\" src=\"https:\/\/4lv6.de\/wp-content\/uploads\/2024\/09\/PXL_20240928_151959738-768x1024.jpg\" alt=\"\" width=\"660\" height=\"880\" class=\"size-large wp-image-7230\" srcset=\"https:\/\/4lv6.de\/wp-content\/uploads\/2024\/09\/PXL_20240928_151959738-768x1024.jpg 768w, https:\/\/4lv6.de\/wp-content\/uploads\/2024\/09\/PXL_20240928_151959738-225x300.jpg 225w, https:\/\/4lv6.de\/wp-content\/uploads\/2024\/09\/PXL_20240928_151959738-1152x1536.jpg 1152w, https:\/\/4lv6.de\/wp-content\/uploads\/2024\/09\/PXL_20240928_151959738-1536x2048.jpg 1536w, https:\/\/4lv6.de\/wp-content\/uploads\/2024\/09\/PXL_20240928_151959738-scaled.jpg 1920w\" sizes=\"auto, (max-width: 660px) 100vw, 660px\" \/><\/a><figcaption id=\"caption-attachment-7230\" class=\"wp-caption-text\">Am Eselsbrunnen in Hardegsen<\/figcaption><\/figure>\n<p><strong>29.9.2024 R\u00fcckfahrt<\/strong><br \/>\nHeute auch wieder lange geschlafen. Nach dem Fr\u00fchst\u00fcck fahren wir zum Wohnmobilstellplatz in Hardegsen, um alles zu Entsorgen. Auf kleinen Landstrassen geht es ohne Verkehr nach Norden. Bei Einbeck fahren wir auf die B3 und halten in Alfeld f\u00fcr ein Mittagessen beim Asiaten an. Gegen 17 Uhr ist alles fertig und wir liegen Zuhause auf dem Sofa.<\/p>\n","protected":false},"excerpt":{"rendered":"<p>27.9.2024 Anfahrt zum Stellplatz Gegen 16 Uhr starten wir Richtung S\u00fcden, wir nehmen die A7 und bummeln durch die Baustellen, warum es nicht voran geht ist mir ein R\u00e4tsel, man darf in der Baustelle 100 fahren. Gegen 18:30 haben wir uns auf dem Stellplatz eingerichtet, leider kommt der Betreiber erst Morgen dazu, uns Strom zur &hellip; <a href=\"https:\/\/4lv6.de\/?page_id=7248\" class=\"more-link\"><span class=\"screen-reader-text\">Wochenende in Hardegsen<\/span> weiterlesen<\/a><\/p>\n","protected":false},"author":6,"featured_media":0,"parent":7732,"menu_order":0,"comment_status":"closed","ping_status":"closed","template":"","meta":{"footnotes":""},"class_list":["post-7248","page","type-page","status-publish","hentry"],"_links":{"self":[{"href":"https:\/\/4lv6.de\/index.php?rest_route=\/wp\/v2\/pages\/7248","targetHints":{"allow":["GET"]}}],"collection":[{"href":"https:\/\/4lv6.de\/index.php?rest_route=\/wp\/v2\/pages"}],"about":[{"href":"https:\/\/4lv6.de\/index.php?rest_route=\/wp\/v2\/types\/page"}],"author":[{"embeddable":true,"href":"https:\/\/4lv6.de\/index.php?rest_route=\/wp\/v2\/users\/6"}],"replies":[{"embeddable":true,"href":"https:\/\/4lv6.de\/index.php?rest_route=%2Fwp%2Fv2%2Fcomments&post=7248"}],"version-history":[{"count":7,"href":"https:\/\/4lv6.de\/index.php?rest_route=\/wp\/v2\/pages\/7248\/revisions"}],"predecessor-version":[{"id":7255,"href":"https:\/\/4lv6.de\/index.php?rest_route=\/wp\/v2\/pages\/7248\/revisions\/7255"}],"up":[{"embeddable":true,"href":"https:\/\/4lv6.de\/index.php?rest_route=\/wp\/v2\/pages\/7732"}],"wp:attachment":[{"href":"https:\/\/4lv6.de\/index.php?rest_route=%2Fwp%2Fv2%2Fmedia&parent=7248"}],"curies":[{"name":"wp","href":"https:\/\/api.w.org\/{rel}","templated":true}]}}